{"id":3465,"date":"2022-02-23T05:55:50","date_gmt":"2022-02-23T05:55:50","guid":{"rendered":"https:\/\/themepanthers.com\/wp\/nest\/d1\/?page_id=3"},"modified":"2025-01-04T13:49:19","modified_gmt":"2025-01-04T11:49:19","slug":"privaatsuspoliitika","status":"publish","type":"page","link":"https:\/\/candeebaar.ee\/et\/privaatsuspoliitika\/","title":{"rendered":"Privaatsuspoliitika"},"content":{"rendered":"<div data-elementor-type=\"wp-page\" data-elementor-id=\"3465\" class=\"elementor elementor-3465\">\n\t\t\t\t\t\t<section class=\"elementor-section elementor-top-section elementor-element elementor-element-66c08da elementor-section-boxed elementor-section-height-default elementor-section-height-default\" data-id=\"66c08da\" data-element_type=\"section\">\n\t\t\t\t\t\t<div class=\"elementor-container elementor-column-gap-default\">\n\t\t\t\t\t<div class=\"elementor-column elementor-col-100 elementor-top-column elementor-element elementor-element-19a91c7d\" data-id=\"19a91c7d\" data-element_type=\"column\">\n\t\t\t<div class=\"elementor-widget-wrap elementor-element-populated\">\n\t\t\t\t\t\t<div class=\"elementor-element elementor-element-2ce556e elementor-widget elementor-widget-nest-title-v1\" data-id=\"2ce556e\" data-element_type=\"widget\" data-widget_type=\"nest-title-v1.default\">\n\t\t\t\t<div class=\"elementor-widget-container\">\n\t\t\t\t\t        <div class=\"section_title type_one\">\r\n                                        <div class=\"title_whole\">\r\n                    <div class=\"title\"> Privaatsuspoliitika  <\/div>\r\n                                    <\/div>\r\n                                <\/div>\r\n    \t\t\t\t<\/div>\n\t\t\t\t<\/div>\n\t\t\t\t<div class=\"elementor-element elementor-element-1e8b0d67 elementor-widget elementor-widget-text-editor\" data-id=\"1e8b0d67\" data-element_type=\"widget\" data-widget_type=\"text-editor.default\">\n\t\t\t\t<div class=\"elementor-widget-container\">\n\t\t\t\t\t\t\t\t\t<h2>Cane Candy O\u00dc<\/h2>\n<p>REG NR: 14830716<br \/>Mere 2 M2 (14), Sillam\u00e4e Ida-Virumaa, 40231<br \/>+372 56824471 candeebaar@gmail.com<\/p>\n<p>\u00a0<\/p>\n<h2>Kindral<\/h2>\n<p>Tellimust vormistades n\u00f5ustub klient allj\u00e4rgnevate punktidega ning garanteerib omalt poolt \u00f5igeaegse makse ja tellimuse t\u00e4itmiseks vajalike kontaktandmete \u00f5igsuse.<br \/>Tellimuse vormistamisel postiautomaadi kaudu saab klient esitada ainult telefoninumbri ja e-posti aadressi. \u00dclej\u00e4\u00e4nud andmeid pole alati vaja, kuid t\u00f6\u00f6 lihtsustamiseks on soovitatav need tellimuse saatmisel \u00e4ra m\u00e4rkida.<\/p>\n<h2>Milliseid andmeid me kogume ja s\u00e4ilitame<\/h2>\n<p>Kui k\u00fclastate meie saiti, salvestame teie kohta j\u00e4rgmise teabe:<\/p>\n<ul>\n<li>\u00dcksused, mida olete vaadanud: salvestame selle teabe, et n\u00e4idata teile hiljuti vaadatud \u00fcksusi.<\/li>\n<li>Asukoht, IP-aadress ja brauseri t\u00fc\u00fcp: kasutame seda teavet saatmise arvutamiseks ja tasumiseks<\/li>\n<li>Tarneaadress: selle aadressi palume esitada muuhulgas, et enne tellimuse esitamist hinnata transpordikulusid ja saata teile tellitud kaup.<\/li>\n<\/ul>\n<p>Samuti kasutame k\u00fcpsiseid, et n\u00e4ha, mida te oma ostukorvi lisate, samuti teie asukohta ja muid andmeid, kui olete meie saidil. Neid andmeid saab kasutada \u00fcldise kliendik\u00e4itumise anal\u00fc\u00fcsiks ja statistikaks, kuid need ei ole suunatud konkreetsetele isikutele.<\/p>\n<p>Kui soovite meilt osta, peate esitama teabe, sealhulgas oma nime, arveldusaadressi, tarneaadressi, e-posti aadressi, telefoninumbri. Kasutame seda teavet j\u00e4rgmistel eesm\u00e4rkidel:<\/p>\n<ul>\n<li>teile konto ja tellimuse kohta teabe saatmine;<\/li>\n<li>vastates teie p\u00e4ringutele, sealhulgas tagasimaksetaotlustele ja -n\u00f5uetele;<\/li>\n<li>maksete t\u00f6\u00f6tlemine ja pettusevastane v\u00f5itlus;<\/li>\n<li>vastavus seadusest tulenevatele n\u00f5uetele (n\u00e4iteks maksuarvestus);<\/li>\n<li>meie kaupluse sortimendi t\u00e4iustamine;<\/li>\n<li>teile reklaamteadete saatmine (kui n\u00f5ustute neid vastu v\u00f5tma).<\/li>\n<\/ul>\n<p>Kui loote konto, salvestame teie nime, aadressi, e-posti aadressi ja telefoninumbri, et saaksime tulevikus tellimuste esitamisel vormi automaatselt t\u00e4ita.<br \/>\u00dcldjuhul s\u00e4ilitame teie kohta teavet nii kaua, kui see on vajalik eesm\u00e4rkidel, milleks me seda kogume ja kasutame. Erandiks on juhud, kui meilt n\u00f5utakse juriidiliste n\u00f5uete t\u00f5ttu selle teabe s\u00e4ilitamist. Seega s\u00e4ilitatakse meie juures teavet tellimuse kohta vastavalt maksustamise ja raamatupidamise reeglitele. See teave sisaldab teie nime, e-posti aadressi, arveldusaadressi ja tarneaadressi.<\/p>\n<p>\u00a0<\/p>\n<p>\u00a0<\/p>\n<h2>Millistel meie meeskonna liikmetel on juurdep\u00e4\u00e4s<\/h2>\n<p>Meie meeskonnaliikmetel on juurdep\u00e4\u00e4s teie poolt meile edastatud teabele. Seega on nii administraatoril kui ka poe t\u00f6\u00f6tajatel juurdep\u00e4\u00e4s j\u00e4rgmistele andmetele:<\/p>\n<ul>\n<li>Tellimuse andmed: ostetud kauba nimi, ostuaeg ja tarneaadress ning<\/li>\n<li>Ostja teave, mis sisaldab teie nime, e-posti aadressi, telefoninumbrit, makseteavet ja saatmisteavet.<\/li>\n<\/ul>\n<p>Meie meeskond vajab juurdep\u00e4\u00e4su sellele teabele tellimuste t\u00e4itmiseks, raha tagasimaksmiseks ja teile tugiteenuste osutamiseks.<\/p>\n<p>\u00a0<\/p>\n<h2>Millist teavet jagame kolmandate osapooltega<\/h2>\n<p>Jagame teavet oma partneritega, kes aitavad meil t\u00e4ita teie tellimusi ja osutada kaupade m\u00fc\u00fcgiteenuseid.<\/p>\n<p>Nende hulgas:<\/p>\n<p>\u00a0<\/p>\n<p><strong>\u201cSmartpost\u201d \u201cOMNIVA-\u201d \u201cDPD\u201d<\/strong>\u00a0v\u00f5i m\u00f5ni muu kohaletoimetamisteenus vastavalt teie eelistustele.<\/p>\n<p>Kasutab teie andmeid oma teenuse t\u00f6\u00f6tlemiseks ja korrektseks osutamiseks. Nende teenuste privaatsuspoliitika leiate nende vastavatelt veebilehtedelt.<\/p>\n<p><strong>Varud\u00a0<\/strong>\u2013 kampaaniate ajal kuulutame v\u00f5itjad avalikult v\u00e4lja sotsiaalv\u00f5rgustikus. v\u00f5rgud. Kui te sellega ei n\u00f5ustu, andke meile sellest teada.<\/p>\n<p>Kliendil on \u00f5igus kaup tagastada 14 p\u00e4eva jooksul (vt\u00a0<a href=\"https:\/\/candeebaar.ee\/et\/eng\/warrantyreturns\/\">garantii ja tagastus<\/a>)<\/p>\n<p>\u00a0<\/p>\n<p>Isikutel, kes ei ole otseselt seotud kaupluse tegevusega, ei ole juurdep\u00e4\u00e4su teie andmetele.<\/p>\n<p>\u00a0<\/p>\n<h2>Kinkekaardid<\/h2>\n<p>Meie kauplus pakub kinkekaarditeenust, v\u00f5imalikud on nii digitaalsed kui f\u00fc\u00fcsilised valikud. Igale kaardile omistatakse kordumatu number, mis tuleb sisestada ostu sooritamisel tellimuse kommentaaridesse. Kinkekaarti ostes andke teada, millise kaardi versiooni soovite saada. Soovitav on kaarti kasutada korraga. Kaardi kehtivusaeg on 1 aasta.<\/p>\n<p>Meie saidi teenuseid kasutades n\u00f5ustute \u00fclaltoodud tingimustega. Samuti v\u00f5ivad tingimused vastavalt vajadusele muutuda, k\u00f5ik muudatused avaldatakse siin lehel. K\u00f5igi k\u00fcsimuste korral v\u00f5tke meiega \u00fchendust.<\/p>\t\t\t\t\t\t\t\t<\/div>\n\t\t\t\t<\/div>\n\t\t\t\t<div class=\"elementor-element elementor-element-dfbc270 elementor-widget-divider--view-line elementor-widget elementor-widget-divider\" data-id=\"dfbc270\" data-element_type=\"widget\" data-widget_type=\"divider.default\">\n\t\t\t\t<div class=\"elementor-widget-container\">\n\t\t\t\t\t\t\t<div class=\"elementor-divider\">\n\t\t\t<span class=\"elementor-divider-separator\">\n\t\t\t\t\t\t<\/span>\n\t\t<\/div>\n\t\t\t\t\t\t<\/div>\n\t\t\t\t<\/div>\n\t\t\t\t<div class=\"elementor-element elementor-element-997cfb0 elementor-widget elementor-widget-nest-title-v1\" data-id=\"997cfb0\" data-element_type=\"widget\" data-widget_type=\"nest-title-v1.default\">\n\t\t\t\t<div class=\"elementor-widget-container\">\n\t\t\t\t\t        <div class=\"section_title type_one\">\r\n                                        <div class=\"title_whole\">\r\n                    <div class=\"title\"> K\u00fcpsiste poliitika  <\/div>\r\n                                    <\/div>\r\n                                <\/div>\r\n    \t\t\t\t<\/div>\n\t\t\t\t<\/div>\n\t\t\t\t<div class=\"elementor-element elementor-element-3885826 elementor-widget elementor-widget-text-editor\" data-id=\"3885826\" data-element_type=\"widget\" data-widget_type=\"text-editor.default\">\n\t\t\t\t<div class=\"elementor-widget-container\">\n\t\t\t\t\t\t\t\t\t<p><style>\n    a.cky-banner-element {<br \/>        padding: 8px 30px;<br \/>        background: #F8F9FA;<br \/>        color: #858A8F;<br \/>        border: 1px solid #DEE2E6;<br \/>        box-sizing: border-box;<br \/>        border-radius: 2px;<br \/>        cursor: pointer;<br \/>}<br \/><\/style><\/p><p>J\u00f5ustumiskuup\u00e4ev: 18. oktoober 2024<br \/>Viimati v\u00e4rskendatud: 18. oktoober 2024<\/p><h5>Mis on k\u00fcpsised?<\/h5><div class=\"cookie-policy-p\"><p>See k\u00fcpsistepoliitika selgitab, mis on k\u00fcpsised ja kuidas me neid kasutame, millist t\u00fc\u00fcpi k\u00fcpsiseid me kasutame, st millist teavet k\u00fcpsiste abil kogume ja kuidas seda teavet kasutatakse ning kuidas k\u00fcpsiste seadeid hallata.<\/p><p>K\u00fcpsised on v\u00e4ikesed tekstifailid, mida kasutatakse v\u00e4ikeste teabekildude salvestamiseks. Need salvestatakse teie seadmesse, kui veebisait laaditakse teie brauserisse. Need k\u00fcpsised aitavad meil veebisaiti korralikult funktsioneerida, muuta see turvalisemaks, pakkuda paremat kasutuskogemust ja m\u00f5ista, kuidas veebisait toimib ning anal\u00fc\u00fcsida, mis t\u00f6\u00f6tab ja kus vajab t\u00e4iustamist.<\/p><\/div><h5>Kuidas me k\u00fcpsiseid kasutame?<\/h5><div class=\"cookie-policy-p\"><p>Nagu enamik v\u00f5rguteenuseid, kasutab meie veebisait mitmel eesm\u00e4rgil esimese ja kolmanda osapoole k\u00fcpsiseid. Esimese osapoole k\u00fcpsised on enamasti vajalikud veebisaidi \u00f5igeks toimimiseks ja need ei kogu teie isikuandmeid.<\/p><p>Meie veebisaidil kasutatavad kolmanda osapoole k\u00fcpsised on m\u00f5eldud peamiselt selleks, et m\u00f5ista, kuidas veebisait toimib, kuidas te meie veebisaidiga suhtlete, meie teenuste turvalisena hoidmiseks, teie jaoks asjakohaste reklaamide pakkumiseks ja kokkuv\u00f5ttes teile parema ja parema kasutaja pakkumiseks. kogemusi ja aidata kiirendada teie tulevast suhtlust meie veebisaidiga.<\/p><\/div><h5>K\u00fcpsiste poliitika<\/h5><div class=\"cky-audit-table-element\">\u00a0<\/div><h5 style=\"margin-bottom: 20px;\">K\u00fcpsiste eelistuste haldamine<\/h5><p><a class=\"cky-banner-element\">K\u00fcpsiste seaded<\/a><\/p><div><p>Saate oma k\u00fcpsiste eelistusi igal ajal muuta, kl\u00f5psates \u00fclaltoodud nuppu. See v\u00f5imaldab teil k\u00fcpsiste n\u00f5usolekub\u00e4nnerit uuesti vaadata ja oma eelistusi muuta v\u00f5i oma n\u00f5usoleku kohe tagasi v\u00f5tta.<\/p><p>Lisaks sellele pakuvad erinevad brauserid erinevaid meetodeid veebisaitide kasutatavate k\u00fcpsiste blokeerimiseks ja kustutamiseks. K\u00fcpsiste blokeerimiseks\/kustutamiseks saate muuta oma brauseri seadeid. Allpool on lingid tugidokumentidele, kuidas hallata ja kustutada k\u00fcpsiseid suurematest veebibrauseritest.<\/p><p>Chrome: <a href=\"https:\/\/support.google.com\/accounts\/answer\/32050\" target=\"_blank\" rel=\"noopener noreferrer\">https:\/\/support.google.com\/accounts\/answer\/32050<\/a><\/p><p>Safari: <a href=\"https:\/\/support.apple.com\/en-in\/guide\/safari\/sfri11471\/mac\" target=\"_blank\" rel=\"noopener noreferrer\">https:\/\/support.apple.com\/en-in\/guide\/safari\/sfri11471\/mac<\/a><\/p><p>Firefox: <a href=\"https:\/\/support.mozilla.org\/en-US\/kb\/clear-cookies-and-site-data-firefox?redirectslug=delete-cookies-remove-info-websites-stored&amp;redirectlocale=en-US\" target=\"_blank\" rel=\"noopener noreferrer\">https:\/\/support.mozilla.org\/en-US\/kb\/clear-cookies-and-site-data-firefox?redirectslug=delete-cookies-remove-info-websites-stored&amp;redirectlocale=en-US<\/a><\/p><p>Internet Explorer: <a href=\"https:\/\/support.microsoft.com\/en-us\/topic\/how-to-delete-cookie-files-in-internet-explorer-bca9446f-d873-78de-77ba-d42645fa52fc\" target=\"_blank\" rel=\"noopener noreferrer\">https:\/\/support.microsoft.com\/en-us\/topic\/how-to-delete-cookie-files-in-internet-explorer-bca9446f-d873-78de-77ba-d42645fa52fc<\/a><\/p><p>Kui kasutate m\u00f5nda muud veebibrauserit, k\u00fclastage oma brauseri ametlikke tugidokumente.<\/p><\/div>\t\t\t\t\t\t\t\t<\/div>\n\t\t\t\t<\/div>\n\t\t\t\t\t<\/div>\n\t\t<\/div>\n\t\t\t\t\t<\/div>\n\t\t<\/section>\n\t\t<div class=\"elementor-element elementor-element-178839a e-con-full e-flex e-con e-parent\" data-id=\"178839a\" data-element_type=\"container\">\n\t\t\t\t<\/div>\n\t\t\t\t<\/div>","protected":false},"excerpt":{"rendered":"<p>Privaatsuspoliitika Cane Candy O\u00dc REG NR: 14830716Mere 2 M2 (14), Sillam\u00e4e Ida-Virumaa, 40231+372 56824471 candeebaar@gmail.com \u00dcldine Tellimuse esitamisel n\u00f5ustub klient j\u00e4rgmiste punktidega ning garanteerib omalt poolt \u00f5igeaegse tasumise ja tellimuse t\u00e4itmiseks vajalike kontaktandmete t\u00e4psuse. Posti teel tellimuse esitamisel [\u2026]<\/p>","protected":false},"author":1,"featured_media":0,"parent":0,"menu_order":0,"comment_status":"closed","ping_status":"open","template":"elementor_header_footer","meta":{"_seopress_robots_primary_cat":"","_seopress_titles_title":"","_seopress_titles_desc":"","_seopress_robots_index":"","footnotes":""},"class_list":["post-3465","page","type-page","status-publish","hentry"],"_links":{"self":[{"href":"https:\/\/candeebaar.ee\/et\/wp-json\/wp\/v2\/pages\/3465","targetHints":{"allow":["GET"]}}],"collection":[{"href":"https:\/\/candeebaar.ee\/et\/wp-json\/wp\/v2\/pages"}],"about":[{"href":"https:\/\/candeebaar.ee\/et\/wp-json\/wp\/v2\/types\/page"}],"author":[{"embeddable":true,"href":"https:\/\/candeebaar.ee\/et\/wp-json\/wp\/v2\/users\/1"}],"replies":[{"embeddable":true,"href":"https:\/\/candeebaar.ee\/et\/wp-json\/wp\/v2\/comments?post=3465"}],"version-history":[{"count":38,"href":"https:\/\/candeebaar.ee\/et\/wp-json\/wp\/v2\/pages\/3465\/revisions"}],"predecessor-version":[{"id":9216,"href":"https:\/\/candeebaar.ee\/et\/wp-json\/wp\/v2\/pages\/3465\/revisions\/9216"}],"wp:attachment":[{"href":"https:\/\/candeebaar.ee\/et\/wp-json\/wp\/v2\/media?parent=3465"}],"curies":[{"name":"t\u00f6\u00f6leht","href":"https:\/\/api.w.org\/{rel}","templated":true}]}}