{"id":4481,"date":"2024-12-27T16:23:16","date_gmt":"2024-12-27T16:23:16","guid":{"rendered":"https:\/\/storetest.ivi.ee\/?page_id=4481"},"modified":"2025-04-08T07:11:46","modified_gmt":"2025-04-08T05:11:46","slug":"kohaletoimetamine","status":"publish","type":"page","link":"https:\/\/candeebaar.ee\/et\/kohaletoimetamine\/","title":{"rendered":"Kohaletoimetamine"},"content":{"rendered":"<div data-elementor-type=\"wp-page\" data-elementor-id=\"4481\" class=\"elementor elementor-4481\">\n\t\t\t\t\t\t<section class=\"elementor-section elementor-top-section elementor-element elementor-element-71773ca0 elementor-section-boxed elementor-section-height-default elementor-section-height-default\" data-id=\"71773ca0\" data-element_type=\"section\">\n\t\t\t\t\t\t<div class=\"elementor-container elementor-column-gap-default\">\n\t\t\t\t\t<div class=\"elementor-column elementor-col-100 elementor-top-column elementor-element elementor-element-fac6956\" data-id=\"fac6956\" data-element_type=\"column\">\n\t\t\t<div class=\"elementor-widget-wrap elementor-element-populated\">\n\t\t\t\t\t\t<div class=\"elementor-element elementor-element-3336b8f elementor-widget elementor-widget-nest-title-v1\" data-id=\"3336b8f\" data-element_type=\"widget\" data-widget_type=\"nest-title-v1.default\">\n\t\t\t\t<div class=\"elementor-widget-container\">\n\t\t\t\t\t        <div class=\"section_title type_one\">\r\n                                        <div class=\"title_whole\">\r\n                    <div class=\"title\"> Kohaletoimetamine  <\/div>\r\n                                    <\/div>\r\n                                <\/div>\r\n    \t\t\t\t<\/div>\n\t\t\t\t<\/div>\n\t\t\t\t<div class=\"elementor-element elementor-element-570fec7a elementor-widget elementor-widget-text-editor\" data-id=\"570fec7a\" data-element_type=\"widget\" data-widget_type=\"text-editor.default\">\n\t\t\t\t<div class=\"elementor-widget-container\">\n\t\t\t\t\t\t\t\t\t<p>K\u00f5iki tooteid hoitakse meie laos Sillam\u00e4el ning tellimused vormistatakse kohe peale makse laekumist. Tellimused saadame teele igal t\u00f6\u00f6p\u00e4eval kella 12.00 paiku. Tavaliselt j\u00f5uab Eesti piires tellimus valitud pakiautomaati 2-3 t\u00f6\u00f6p\u00e4evaga.<br \/><br \/>Pange t\u00e4hele, et m\u00f5ned koostisosad ei pruugi olla pakendatud originaalpakendisse.<\/p><p>Kohaletoimetamiseks kasutame j\u00e4rgmisi pakiautomaate:<\/p><ul><li style=\"color: #7d7d7d !important; font-weight: normal;\"><strong>Smartpost<\/strong>: Eesti, L\u00e4ti, Soome, Leedu<\/li><li style=\"color: #7d7d7d !important; font-weight: normal;\"><strong>Omniva:\u00a0<\/strong><span style=\"font-family: Roboto, sans-serif; font-size: 16px; font-style: normal; font-variant-ligatures: normal; font-variant-caps: normal; font-weight: 400;\">Eesti, L\u00e4ti, Leedu<\/span><\/li><li style=\"color: #7d7d7d !important; font-weight: normal;\">Lisaks saab kokkuleppel kasutada ka teisi m\u00f5lemale poolele mugavaid tarnev\u00f5imalusi (selles tuleb enne tellimuse vormistamist l\u00e4bi r\u00e4\u00e4kida).<\/li><li style=\"color: #7d7d7d !important; font-weight: normal;\">On v\u00f5imalus, et suuremahuliste tellimuste puhul ei ole v\u00f5imalik pakiautomaati kasutada. Sel juhul v\u00f5tame teiega \u00fchendust ja selgitame v\u00e4lja pakutavad lahendused.<\/li><li style=\"color: #7d7d7d !important; font-weight: normal;\">Pange t\u00e4hele, et p\u00fchadel ja n\u00e4dalavahetustel krediteeritakse rahvusvahelised maksed j\u00e4rgmisel t\u00f6\u00f6p\u00e4eval. Kui soovite oma tellimuse v\u00f5imalikult kiiresti k\u00e4tte saada, peaksite saatma meile makse kohta ekraanipildi v\u00f5i PDF-faili.<\/li><\/ul><p style=\"color: #0077b4;\">Rootsi ja Saksamaa kuller DPD 37 \u20ac. Kohaletoimetamine kulleriga aadressile.<br \/>Piirangud kehtivad Rootsi kaugemates piirkondades (vt allolevat indeksi tabelit):<\/p>\t\t\t\t\t\t\t\t<\/div>\n\t\t\t\t<\/div>\n\t\t\t\t\t<\/div>\n\t\t<\/div>\n\t\t\t\t\t<\/div>\n\t\t<\/section>\n\t\t\t\t<section class=\"elementor-section elementor-top-section elementor-element elementor-element-2b3b129 elementor-section-boxed elementor-section-height-default elementor-section-height-default\" data-id=\"2b3b129\" data-element_type=\"section\">\n\t\t\t\t\t\t<div class=\"elementor-container elementor-column-gap-default\">\n\t\t\t\t\t<div class=\"elementor-column elementor-col-50 elementor-top-column elementor-element elementor-element-2c8d8eb\" data-id=\"2c8d8eb\" data-element_type=\"column\">\n\t\t\t<div class=\"elementor-widget-wrap elementor-element-populated\">\n\t\t\t\t\t\t<div class=\"elementor-element elementor-element-5a2320b elementor-widget elementor-widget-text-editor\" data-id=\"5a2320b\" data-element_type=\"widget\" data-widget_type=\"text-editor.default\">\n\t\t\t\t<div class=\"elementor-widget-container\">\n\t\t\t\t\t\t\t\t\t<table style=\"width: 100%; border-collapse: collapse; margin: 1em 0;\">\n  <tbody>\n\n    <!-- Row 1 (white background) -->\n    <tr style=\"background-color: #fff;\">\n      <td style=\"border: 1px solid #ccc; padding: 6px; text-align: right;\">11115<\/td>\n      <td style=\"border: 1px solid #ccc; padding: 6px; text-align: right;\">42673<\/td>\n      <td style=\"border: 1px solid #ccc; padding: 6px; text-align: right;\">47161<\/td>\n      <td style=\"border: 1px solid #ccc; padding: 6px; text-align: right;\">61995<\/td>\n      <td style=\"border: 1px solid #ccc; padding: 6px; text-align: right;\">86296<\/td>\n    <\/tr>\n\n    <!-- Row 2 (light-gray background) -->\n    <tr style=\"background-color: #f9f9f9;\">\n      <td style=\"border: 1px solid #ccc; padding: 6px; text-align: right;\">13025<\/td>\n      <td style=\"border: 1px solid #ccc; padding: 6px; text-align: right;\">43265<\/td>\n      <td style=\"border: 1px solid #ccc; padding: 6px; text-align: right;\">47190<\/td>\n      <td style=\"border: 1px solid #ccc; padding: 6px; text-align: right;\">62465<\/td>\n      <td style=\"border: 1px solid #ccc; padding: 6px; text-align: right;\">86592<\/td>\n    <\/tr>\n\n    <!-- Row 3 (white background) -->\n    <tr style=\"background-color: #fff;\">\n      <td style=\"border: 1px solid #ccc; padding: 6px; text-align: right;\">13033<\/td>\n      <td style=\"border: 1px solid #ccc; padding: 6px; text-align: right;\">43295<\/td>\n      <td style=\"border: 1px solid #ccc; padding: 6px; text-align: right;\">47195<\/td>\n      <td style=\"border: 1px solid #ccc; padding: 6px; text-align: right;\">66191<\/td>\n      <td style=\"border: 1px solid #ccc; padding: 6px; text-align: right;\">87195<\/td>\n    <\/tr>\n\n    <!-- Row 4 (light-gray background) -->\n    <tr style=\"background-color: #f9f9f9;\">\n      <td style=\"border: 1px solid #ccc; padding: 6px; text-align: right;\">13034<\/td>\n      <td style=\"border: 1px solid #ccc; padding: 6px; text-align: right;\">44271<\/td>\n      <td style=\"border: 1px solid #ccc; padding: 6px; text-align: right;\">47471<\/td>\n      <td style=\"border: 1px solid #ccc; padding: 6px; text-align: right;\">74291<\/td>\n      <td style=\"border: 1px solid #ccc; padding: 6px; text-align: right;\">89190<\/td>\n    <\/tr>\n\n    <!-- Row 5 (white background) -->\n    <tr style=\"background-color: #fff;\">\n      <td style=\"border: 1px solid #ccc; padding: 6px; text-align: right;\">13036<\/td>\n      <td style=\"border: 1px solid #ccc; padding: 6px; text-align: right;\">44298<\/td>\n      <td style=\"border: 1px solid #ccc; padding: 6px; text-align: right;\">47474<\/td>\n      <td style=\"border: 1px solid #ccc; padding: 6px; text-align: right;\">74296<\/td>\n      <td style=\"border: 1px solid #ccc; padding: 6px; text-align: right;\">89196<\/td>\n    <\/tr>\n\n    <!-- Row 6 (light-gray background) -->\n    <tr style=\"background-color: #f9f9f9;\">\n      <td style=\"border: 1px solid #ccc; padding: 6px; text-align: right;\">13038<\/td>\n      <td style=\"border: 1px solid #ccc; padding: 6px; text-align: right;\">44448<\/td>\n      <td style=\"border: 1px solid #ccc; padding: 6px; text-align: right;\">47492<\/td>\n      <td style=\"border: 1px solid #ccc; padding: 6px; text-align: right;\">74297<\/td>\n      <td style=\"border: 1px solid #ccc; padding: 6px; text-align: right;\">89340<\/td>\n    <\/tr>\n\n    <!-- Row 7 (white background) -->\n    <tr style=\"background-color: #fff;\">\n      <td style=\"border: 1px solid #ccc; padding: 6px; text-align: right;\">13039<\/td>\n      <td style=\"border: 1px solid #ccc; padding: 6px; text-align: right;\">45179<\/td>\n      <td style=\"border: 1px solid #ccc; padding: 6px; text-align: right;\">47496<\/td>\n      <td style=\"border: 1px solid #ccc; padding: 6px; text-align: right;\">76015<\/td>\n      <td style=\"border: 1px solid #ccc; padding: 6px; text-align: right;\">89691<\/td>\n    <\/tr>\n\n    <!-- Row 8 (light-gray background) -->\n    <tr style=\"background-color: #f9f9f9;\">\n      <td style=\"border: 1px solid #ccc; padding: 6px; text-align: right;\">13041<\/td>\n      <td style=\"border: 1px solid #ccc; padding: 6px; text-align: right;\">45196<\/td>\n      <td style=\"border: 1px solid #ccc; padding: 6px; text-align: right;\">47550<\/td>\n      <td style=\"border: 1px solid #ccc; padding: 6px; text-align: right;\">76017<\/td>\n      <td style=\"border: 1px solid #ccc; padding: 6px; text-align: right;\">90422<\/td>\n    <\/tr>\n\n    <!-- Row 9 (white background) -->\n    <tr style=\"background-color: #fff;\">\n      <td style=\"border: 1px solid #ccc; padding: 6px; text-align: right;\">13042<\/td>\n      <td style=\"border: 1px solid #ccc; padding: 6px; text-align: right;\">45250<\/td>\n      <td style=\"border: 1px solid #ccc; padding: 6px; text-align: right;\">53199<\/td>\n      <td style=\"border: 1px solid #ccc; padding: 6px; text-align: right;\">76018<\/td>\n      <td style=\"border: 1px solid #ccc; padding: 6px; text-align: right;\">90596<\/td>\n    <\/tr>\n\n    <!-- Row 10 (light-gray background) -->\n    <tr style=\"background-color: #f9f9f9;\">\n      <td style=\"border: 1px solid #ccc; padding: 6px; text-align: right;\">13044<\/td>\n      <td style=\"border: 1px solid #ccc; padding: 6px; text-align: right;\">45251<\/td>\n      <td style=\"border: 1px solid #ccc; padding: 6px; text-align: right;\">54291<\/td>\n      <td style=\"border: 1px solid #ccc; padding: 6px; text-align: right;\">76019<\/td>\n      <td style=\"border: 1px solid #ccc; padding: 6px; text-align: right;\">90788<\/td>\n    <\/tr>\n\n    <!-- Row 11 (white background) -->\n    <tr style=\"background-color: #fff;\">\n      <td style=\"border: 1px solid #ccc; padding: 6px; text-align: right;\">13045<\/td>\n      <td style=\"border: 1px solid #ccc; padding: 6px; text-align: right;\">45252<\/td>\n      <td style=\"border: 1px solid #ccc; padding: 6px; text-align: right;\">57292<\/td>\n      <td style=\"border: 1px solid #ccc; padding: 6px; text-align: right;\">76021<\/td>\n      <td style=\"border: 1px solid #ccc; padding: 6px; text-align: right;\">91335<\/td>\n    <\/tr>\n\n    <!-- Row 12 (light-gray background) -->\n    <tr style=\"background-color: #f9f9f9;\">\n      <td style=\"border: 1px solid #ccc; padding: 6px; text-align: right;\">13055<\/td>\n      <td style=\"border: 1px solid #ccc; padding: 6px; text-align: right;\">45290<\/td>\n      <td style=\"border: 1px solid #ccc; padding: 6px; text-align: right;\">57293<\/td>\n      <td style=\"border: 1px solid #ccc; padding: 6px; text-align: right;\">76112<\/td>\n      <td style=\"border: 1px solid #ccc; padding: 6px; text-align: right;\">91342<\/td>\n    <\/tr>\n\n    <!-- Row 13 (white background) -->\n    <tr style=\"background-color: #fff;\">\n      <td style=\"border: 1px solid #ccc; padding: 6px; text-align: right;\">13056<\/td>\n      <td style=\"border: 1px solid #ccc; padding: 6px; text-align: right;\">45291<\/td>\n      <td style=\"border: 1px solid #ccc; padding: 6px; text-align: right;\">57295<\/td>\n      <td style=\"border: 1px solid #ccc; padding: 6px; text-align: right;\">76193<\/td>\n      <td style=\"border: 1px solid #ccc; padding: 6px; text-align: right;\">91496<\/td>\n    <\/tr>\n\n  <\/tbody>\n<\/table>\n\t\t\t\t\t\t\t\t<\/div>\n\t\t\t\t<\/div>\n\t\t\t\t\t<\/div>\n\t\t<\/div>\n\t\t\t\t<div class=\"elementor-column elementor-col-50 elementor-top-column elementor-element elementor-element-2fc5f05\" data-id=\"2fc5f05\" data-element_type=\"column\">\n\t\t\t<div class=\"elementor-widget-wrap elementor-element-populated\">\n\t\t\t\t\t\t<div class=\"elementor-element elementor-element-0fceaec elementor-widget elementor-widget-text-editor\" data-id=\"0fceaec\" data-element_type=\"widget\" data-widget_type=\"text-editor.default\">\n\t\t\t\t<div class=\"elementor-widget-container\">\n\t\t\t\t\t\t\t\t\t<table style=\"width: 100%; border-collapse: collapse; margin: 1em 0;\">\n  <tbody>\n\n    <!-- Row 14 (light-gray background) -->\n    <tr style=\"background-color: #f9f9f9;\">\n      <td style=\"border: 1px solid #ccc; padding: 6px; text-align: right;\">14898<\/td>\n      <td style=\"border: 1px solid #ccc; padding: 6px; text-align: right;\">45296<\/td>\n      <td style=\"border: 1px solid #ccc; padding: 6px; text-align: right;\">59374<\/td>\n      <td style=\"border: 1px solid #ccc; padding: 6px; text-align: right;\">76194<\/td>\n      <td style=\"border: 1px solid #ccc; padding: 6px; text-align: right;\">91834<\/td>\n    <\/tr>\n\n    <!-- Row 15 (white background) -->\n    <tr style=\"background-color: #fff;\">\n      <td style=\"border: 1px solid #ccc; padding: 6px; text-align: right;\">14995<\/td>\n      <td style=\"border: 1px solid #ccc; padding: 6px; text-align: right;\">45393<\/td>\n      <td style=\"border: 1px solid #ccc; padding: 6px; text-align: right;\">59391<\/td>\n      <td style=\"border: 1px solid #ccc; padding: 6px; text-align: right;\">76196<\/td>\n      <td style=\"border: 1px solid #ccc; padding: 6px; text-align: right;\">93232<\/td>\n    <\/tr>\n\n    <!-- Row 16 (light-gray background) -->\n    <tr style=\"background-color: #f9f9f9;\">\n      <td style=\"border: 1px solid #ccc; padding: 6px; text-align: right;\">15393<\/td>\n      <td style=\"border: 1px solid #ccc; padding: 6px; text-align: right;\">45491<\/td>\n      <td style=\"border: 1px solid #ccc; padding: 6px; text-align: right;\">59392<\/td>\n      <td style=\"border: 1px solid #ccc; padding: 6px; text-align: right;\">76197<\/td>\n      <td style=\"border: 1px solid #ccc; padding: 6px; text-align: right;\">93235<\/td>\n    <\/tr>\n\n    <!-- Row 17 (white background) -->\n    <tr style=\"background-color: #fff;\">\n      <td style=\"border: 1px solid #ccc; padding: 6px; text-align: right;\">18129<\/td>\n      <td style=\"border: 1px solid #ccc; padding: 6px; text-align: right;\">45631<\/td>\n      <td style=\"border: 1px solid #ccc; padding: 6px; text-align: right;\">59393<\/td>\n      <td style=\"border: 1px solid #ccc; padding: 6px; text-align: right;\">76453<\/td>\n      <td style=\"border: 1px solid #ccc; padding: 6px; text-align: right;\">94146<\/td>\n    <\/tr>\n\n    <!-- Row 18 (light-gray background) -->\n    <tr style=\"background-color: #f9f9f9;\">\n      <td style=\"border: 1px solid #ccc; padding: 6px; text-align: right;\">18352<\/td>\n      <td style=\"border: 1px solid #ccc; padding: 6px; text-align: right;\">45692<\/td>\n      <td style=\"border: 1px solid #ccc; padding: 6px; text-align: right;\">59471<\/td>\n      <td style=\"border: 1px solid #ccc; padding: 6px; text-align: right;\">76457<\/td>\n      <td style=\"border: 1px solid #ccc; padding: 6px; text-align: right;\">94534<\/td>\n    <\/tr>\n\n    <!-- Row 19 (white background) -->\n    <tr style=\"background-color: #fff;\">\n      <td style=\"border: 1px solid #ccc; padding: 6px; text-align: right;\">18491<\/td>\n      <td style=\"border: 1px solid #ccc; padding: 6px; text-align: right;\">45740<\/td>\n      <td style=\"border: 1px solid #ccc; padding: 6px; text-align: right;\">61025<\/td>\n      <td style=\"border: 1px solid #ccc; padding: 6px; text-align: right;\">81963<\/td>\n      <td style=\"border: 1px solid #ccc; padding: 6px; text-align: right;\">94591<\/td>\n    <\/tr>\n\n    <!-- Row 20 (light-gray background) -->\n    <tr style=\"background-color: #f9f9f9;\">\n      <td style=\"border: 1px solid #ccc; padding: 6px; text-align: right;\">18495<\/td>\n      <td style=\"border: 1px solid #ccc; padding: 6px; text-align: right;\">45773<\/td>\n      <td style=\"border: 1px solid #ccc; padding: 6px; text-align: right;\">61027<\/td>\n      <td style=\"border: 1px solid #ccc; padding: 6px; text-align: right;\">82493<\/td>\n      <td style=\"border: 1px solid #ccc; padding: 6px; text-align: right;\">95244<\/td>\n    <\/tr>\n\n    <!-- Row 21 (white background) -->\n    <tr style=\"background-color: #fff;\">\n      <td style=\"border: 1px solid #ccc; padding: 6px; text-align: right;\">18497<\/td>\n      <td style=\"border: 1px solid #ccc; padding: 6px; text-align: right;\">45795<\/td>\n      <td style=\"border: 1px solid #ccc; padding: 6px; text-align: right;\">61199<\/td>\n      <td style=\"border: 1px solid #ccc; padding: 6px; text-align: right;\">82592<\/td>\n      <td style=\"border: 1px solid #ccc; padding: 6px; text-align: right;\">95250<\/td>\n    <\/tr>\n\n    <!-- Row 22 (light-gray background) -->\n    <tr style=\"background-color: #f9f9f9;\">\n      <td style=\"border: 1px solid #ccc; padding: 6px; text-align: right;\">29407<\/td>\n      <td style=\"border: 1px solid #ccc; padding: 6px; text-align: right;\">45797<\/td>\n      <td style=\"border: 1px solid #ccc; padding: 6px; text-align: right;\">61331<\/td>\n      <td style=\"border: 1px solid #ccc; padding: 6px; text-align: right;\">82595<\/td>\n      <td style=\"border: 1px solid #ccc; padding: 6px; text-align: right;\">95291<\/td>\n    <\/tr>\n\n    <!-- Row 23 (white background) -->\n    <tr style=\"background-color: #fff;\">\n      <td style=\"border: 1px solid #ccc; padding: 6px; text-align: right;\">37290<\/td>\n      <td style=\"border: 1px solid #ccc; padding: 6px; text-align: right;\">45991<\/td>\n      <td style=\"border: 1px solid #ccc; padding: 6px; text-align: right;\">61335<\/td>\n      <td style=\"border: 1px solid #ccc; padding: 6px; text-align: right;\">82673<\/td>\n      <td style=\"border: 1px solid #ccc; padding: 6px; text-align: right;\">95295<\/td>\n    <\/tr>\n\n    <!-- Row 24 (light-gray background) -->\n    <tr style=\"background-color: #f9f9f9;\">\n      <td style=\"border: 1px solid #ccc; padding: 6px; text-align: right;\">37371<\/td>\n      <td style=\"border: 1px solid #ccc; padding: 6px; text-align: right;\">45993<\/td>\n      <td style=\"border: 1px solid #ccc; padding: 6px; text-align: right;\">61498<\/td>\n      <td style=\"border: 1px solid #ccc; padding: 6px; text-align: right;\">82677<\/td>\n      <td style=\"border: 1px solid #ccc; padding: 6px; text-align: right;\">97455<\/td>\n    <\/tr>\n\n    <!-- Row 25 (white background) -->\n    <tr style=\"background-color: #fff;\">\n      <td style=\"border: 1px solid #ccc; padding: 6px; text-align: right;\">37494<\/td>\n      <td style=\"border: 1px solid #ccc; padding: 6px; text-align: right;\">47141<\/td>\n      <td style=\"border: 1px solid #ccc; padding: 6px; text-align: right;\">61593<\/td>\n      <td style=\"border: 1px solid #ccc; padding: 6px; text-align: right;\">82691<\/td>\n      <td style=\"border: 1px solid #ccc; padding: 6px; text-align: right;\">97499<\/td>\n    <\/tr>\n\n    <!-- Row 26 (light-gray background) -->\n    <tr style=\"background-color: #f9f9f9;\">\n      <td style=\"border: 1px solid #ccc; padding: 6px; text-align: right;\">38391<\/td>\n      <td style=\"border: 1px solid #ccc; padding: 6px; text-align: right;\">47143<\/td>\n      <td style=\"border: 1px solid #ccc; padding: 6px; text-align: right;\">61596<\/td>\n      <td style=\"border: 1px solid #ccc; padding: 6px; text-align: right;\">82996<\/td>\n      <td style=\"border: 1px solid #ccc; padding: 6px; text-align: right;\">97592<\/td>\n    <\/tr>\n\n    <!-- Row 27 (white background) | Final rows (additional indexes) -->\n    <tr style=\"background-color: #fff;\">\n      <td style=\"border: 1px solid #ccc; padding: 6px; text-align: right;\">39477<\/td>\n      <td style=\"border: 1px solid #ccc; padding: 6px; text-align: right;\">47144<\/td>\n      <td style=\"border: 1px solid #ccc; padding: 6px; text-align: right;\">61992<\/td>\n      <td style=\"border: 1px solid #ccc; padding: 6px; text-align: right;\">86291<\/td>\n      <td style=\"border: 1px solid #ccc; padding: 6px; text-align: right;\">97595<\/td>\n    <\/tr>\n\n  <\/tbody>\n<\/table>\n\t\t\t\t\t\t\t\t<\/div>\n\t\t\t\t<\/div>\n\t\t\t\t\t<\/div>\n\t\t<\/div>\n\t\t\t\t\t<\/div>\n\t\t<\/section>\n\t\t\t\t<section class=\"elementor-section elementor-top-section elementor-element elementor-element-9602169 elementor-section-boxed elementor-section-height-default elementor-section-height-default\" data-id=\"9602169\" data-element_type=\"section\">\n\t\t\t\t\t\t<div class=\"elementor-container elementor-column-gap-default\">\n\t\t\t\t\t<div class=\"elementor-column elementor-col-100 elementor-top-column elementor-element elementor-element-cfb307b\" data-id=\"cfb307b\" data-element_type=\"column\">\n\t\t\t<div class=\"elementor-widget-wrap elementor-element-populated\">\n\t\t\t\t\t\t<div class=\"elementor-element elementor-element-4722ec3 elementor-widget elementor-widget-text-editor\" data-id=\"4722ec3\" data-element_type=\"widget\" data-widget_type=\"text-editor.default\">\n\t\t\t\t<div class=\"elementor-widget-container\">\n\t\t\t\t\t\t\t\t\t<p><strong>\u00dcldjuhul toimetame t\u00f6\u00f6p\u00e4evadel pakiautomaati ca 90% juhtudel 24 tunni jooksul (etten\u00e4gematutel asjaoludel kuni 7 p\u00e4eva) peale makse laekumist<\/strong>v\u00f5i p\u00e4rast makset kinnitava ekraanipildiga meili saamist.<br><strong>Kui tellimus on kiireloomuline ja seda vajatakse konkreetseks kuup\u00e4evaks, soovitame meiega eelnevalt \u00fchendust v\u00f5tta, et t\u00e4psustada tarneaeg.<\/strong> (N\u00e4dalavahetustel v\u00f5tavad panga\u00fclekanded oluliselt kauem aega.) Kui tellimus on teele saadetud, s\u00f5ltub tarneaeg valitud kullerist. Kui teil on vaja muuta juba tehtud tellimust, siis palun kirjutage meile v\u00f5i helistage, edastage tellimuse number ja t\u00e4psustage oma soove. Kui teie tellimus ei ole saabunud 5 t\u00f6\u00f6p\u00e4eva jooksul p\u00e4rast saatmist, v\u00f5tke meiega \u00fchendust, et asjad korda ajada.<\/p>\n<p>Kui tellite suures koguses tooteid nagu \u0161okolaad, kakaov\u00f5i, mandlijahu ja isomalt, pakendame need vaikimisi kokku.<\/p>\n<p>N\u00e4iteks: kui tellite 3 \u00d7 400 g valget \u0161okolaadi, saate \u00fche 1200 g paki. Kui soovite saada iga pakki eraldi, v\u00f5tke meiega eelnevalt \u00fchendust.<\/p>\n<p>Juhime t\u00e4helepanu, et meie saatmiseks kasutatav Smartposti pakiautomaat asub siseruumides. See tagab toiduainete n\u00f5utava s\u00e4ilitustemperatuuri s\u00e4ilimise aastaringselt. Kahjuks ei saa me sama \u00f6elda teiste pakiautomaatide kohta.<\/p>\n<p><strong>Tugeva pakase ja eriti kuuma ilmaga ei ole Omniva ja DPD pakiautomaatide kasutamine toiduainete saatmiseks soovitatav.<\/strong><\/p>\n<p>Candeebaar ei vastuta riknenud kauba eest juhul, kui klient otsustab vaatamata \u00e4\u00e4rmuslikele ilmastikutingimustele siiski kasutada ebasobivaid tarneviise. Vastutustundliku ettev\u00f5ttena teavitame aga klienti alati v\u00f5imalikest riskidest. Kui etten\u00e4gematud ilmamuutused toovad kaasa toote kahjustumise, h\u00fcvitame kliendi kulud t\u00e4ies ulatuses.<\/p>\n<h4>Kohaletoimetamine IDA VIRU<\/h4>\n<p>Linnade jaoks (<strong>Sillam\u00e4e, Voka, Toila, Oru, J\u00f5hvi, Ahtme, Kukruse, Kohtla-J\u00e4rve, Narva-J\u00f5esuu, Narva<\/strong>) Ida-Virumaal toimub kohaletoomine <strong>igal neljap\u00e4eval kell 12.00-20.00<\/strong> teie antud aadressile, otse teie koju. Soovitame tellimus esitada v\u00e4hemalt \u00fcks p\u00e4ev enne tarnekuup\u00e4eva. T\u00e4pse tarneaja lepime kokku telefoni teel.<\/p>\n<p>V\u00f5imalik j\u00e4reletulemine (isetulek) Sillam\u00e4e Viru pst 2a. Kuna me aga alati kohapeal ei ole, siis tuleb j\u00e4reletulemise aeg meiega eelnevalt kokku leppida.<\/p>\n<h4>Makse<\/h4>\n<p>SWEDBANK<br>Panga aadress: Liivalaia 8, 15040 Tallinn<br>SWIFT\/BIC-kood: HABAEE2X<br>Reg. nr: 10060701<\/p>\n<p><strong>Meie konto \u00fcksikasjad:<br>Canecandy O\u00dc<br>EE822200221072596091<br>Meie aadress: Viru pst. 2a, 40232 Sillam\u00e4e<\/strong><\/p>\n<p>\u2022 <strong>Pangamakse.<\/strong> Otsemakse, kasutades tellimuse vormistamisel antud konto andmeid. Viiekohalist tellimuse numbrit kasutatakse makse viitena. V\u00e4ljastpoolt Eestit tehtavate maksete puhul v\u00f5ib olla vajalik lisateave ja valida \u201erahvusvahelised maksed\u201c.<\/p>\n<p>\u2022 <strong>Panga link.<\/strong> Maksmine otse pangalingi kaudu.<\/p>\n<p>\u2022 EL ettev\u00f5ttena tellimust esitades m\u00e4rkige k\u00e4ibemaksu v\u00e4ljale ettev\u00f5tte nimi ja vajadusel (EL-i piires 0% KM) ettev\u00f5tte k\u00e4ibemaksukohuslase number. Kui teie andmed on \u00f5iged, arvatakse maks maha automaatselt.&nbsp;<\/p>\t\t\t\t\t\t\t\t<\/div>\n\t\t\t\t<\/div>\n\t\t\t\t\t<\/div>\n\t\t<\/div>\n\t\t\t\t\t<\/div>\n\t\t<\/section>\n\t\t\t\t<\/div>","protected":false},"excerpt":{"rendered":"<p>Kohaletoimetamine K\u00f5ik tooted asuvad meie Sillam\u00e4e laos ja tellimused valmistatakse ette kohe p\u00e4rast makse laekumist. Saadame tellimuse teele igal t\u00f6\u00f6p\u00e4eval umbes kell 12:00. Tavaliselt j\u00f5uab teie tellimus valitud pakiautomaati Eesti piires 2\u20133 t\u00f6\u00f6p\u00e4eva jooksul. Palun arvestage, et m\u00f5ned koostisosad ei pruugi olla originaalpakendis. [\u2026]<\/p>","protected":false},"author":1,"featured_media":0,"parent":0,"menu_order":0,"comment_status":"closed","ping_status":"closed","template":"elementor_header_footer","meta":{"_seopress_robots_primary_cat":"","_seopress_titles_title":"","_seopress_titles_desc":"","_seopress_robots_index":"","footnotes":""},"class_list":["post-4481","page","type-page","status-publish","hentry"],"_links":{"self":[{"href":"https:\/\/candeebaar.ee\/et\/wp-json\/wp\/v2\/pages\/4481","targetHints":{"allow":["GET"]}}],"collection":[{"href":"https:\/\/candeebaar.ee\/et\/wp-json\/wp\/v2\/pages"}],"about":[{"href":"https:\/\/candeebaar.ee\/et\/wp-json\/wp\/v2\/types\/page"}],"author":[{"embeddable":true,"href":"https:\/\/candeebaar.ee\/et\/wp-json\/wp\/v2\/users\/1"}],"replies":[{"embeddable":true,"href":"https:\/\/candeebaar.ee\/et\/wp-json\/wp\/v2\/comments?post=4481"}],"version-history":[{"count":70,"href":"https:\/\/candeebaar.ee\/et\/wp-json\/wp\/v2\/pages\/4481\/revisions"}],"predecessor-version":[{"id":11572,"href":"https:\/\/candeebaar.ee\/et\/wp-json\/wp\/v2\/pages\/4481\/revisions\/11572"}],"wp:attachment":[{"href":"https:\/\/candeebaar.ee\/et\/wp-json\/wp\/v2\/media?parent=4481"}],"curies":[{"name":"t\u00f6\u00f6leht","href":"https:\/\/api.w.org\/{rel}","templated":true}]}}