{"id":4647,"date":"2024-12-27T18:47:28","date_gmt":"2024-12-27T18:47:28","guid":{"rendered":"https:\/\/storetest.ivi.ee\/?page_id=4647"},"modified":"2024-12-27T18:49:35","modified_gmt":"2024-12-27T18:49:35","slug":"garantii-ja-tagastus","status":"publish","type":"page","link":"https:\/\/candeebaar.ee\/et\/garantii-ja-tagastus\/","title":{"rendered":"Garantii ja tagastus"},"content":{"rendered":"<div data-elementor-type=\"wp-page\" data-elementor-id=\"4647\" class=\"elementor elementor-4647\">\n\t\t\t\t\t\t<section class=\"elementor-section elementor-top-section elementor-element elementor-element-2e6ee3a7 elementor-section-boxed elementor-section-height-default elementor-section-height-default\" data-id=\"2e6ee3a7\" data-element_type=\"section\">\n\t\t\t\t\t\t<div class=\"elementor-container elementor-column-gap-default\">\n\t\t\t\t\t<div class=\"elementor-column elementor-col-100 elementor-top-column elementor-element elementor-element-2c19b2b2\" data-id=\"2c19b2b2\" data-element_type=\"column\">\n\t\t\t<div class=\"elementor-widget-wrap elementor-element-populated\">\n\t\t\t\t\t\t<div class=\"elementor-element elementor-element-350e6159 elementor-widget elementor-widget-text-editor\" data-id=\"350e6159\" data-element_type=\"widget\" data-widget_type=\"text-editor.default\">\n\t\t\t\t<div class=\"elementor-widget-container\">\n\t\t\t\t\t\t\t\t\t<h3>\u00dcldine tagastus\u00f5igus<\/h3><p>Igal kliendil, kes ostab meie poest kaupu, on seaduslik \u00f5igus need 14 p\u00e4eva jooksul p\u00f5hjust avaldamata tagastada. Sel juhul vastutab aga v\u00f5imalike postikulude eest klient. Kohustume tagastatud kauba eest kogu summa tagastama esimesel v\u00f5imalusel ja mitte hiljem kui 14 p\u00e4eva jooksul alates kauba k\u00e4ttesaamisest. Kui toode on meie s\u00fc\u00fcl kahjustatud v\u00f5i ebakvaliteetne, v\u00f5tame selle tagasi kogu raha tagasi. <strong>Avatud toiduained<\/strong> saab tagastada <strong>ainult<\/strong> kui need ei vasta deklareeritud omadustele.<\/p><h3>V\u00f5imalikud defektid ja laoprobleemid<\/h3><p>V\u00f5ib ette tulla olukordi, kus tellimuse t\u00f6\u00f6tlemise k\u00e4igus avastatakse kaubadefekte v\u00f5i mittevastavust meie laoj\u00e4\u00e4gis. Sellistel juhtudel v\u00f5tame teiega kiiresti \u00fchendust, et leida m\u00f5lemale poolele sobiv lahendus.<\/p><h3>Toidukaupade k\u00e4itlemine<\/h3><p>Toidukaubad vajavad ohutuse ja kvaliteedi tagamiseks erilist k\u00e4itlemist ja ladustamist. Kauba k\u00e4ttesaamisel kontrollige pakendi terviklikkust ja veenduge, et kaup vastab teie tellimusele. Ladustage tooteid alati vastavalt pakendile m\u00e4rgitud tootja juhistele. Kui tooteid hoitakse ebasobivates tingimustes, ei aktsepteerita tagastamist ning nende kaupade tarbimine v\u00f5ib ohustada tervist. T\u00e4iendavat teavet toiduainete \u00f5ige ladustamise ja k\u00e4itlemise kohta leiate aadressilt <a href=\"https:\/\/vet.agri.ee\" target=\"_new\" rel=\"noopener\">vet.agri.ee<\/a>.<\/p><h3>Meie p\u00fchendumus<\/h3><p>Oleme t\u00e4ielikult p\u00fchendunud k\u00f5igi toiduainete ladustamise ja ringluse normide ja eeskirjade t\u00e4itmisele. Kui teil tekib probleeme v\u00f5i muresid oma tellimusega seoses, v\u00f5tke meiega viivitamatult \u00fchendust, et saaksime probleemi lahendada ja lahendada.<\/p>\t\t\t\t\t\t\t\t<\/div>\n\t\t\t\t<\/div>\n\t\t\t\t\t<\/div>\n\t\t<\/div>\n\t\t\t\t\t<\/div>\n\t\t<\/section>\n\t\t\t\t<\/div>","protected":false},"excerpt":{"rendered":"<p>\u00dcldine tagastus\u00f5igus Igal kliendil, kes ostab meie poest kaupu, on seaduslik \u00f5igus need 14 p\u00e4eva jooksul p\u00f5hjust avaldamata tagastada. Sel juhul vastutab aga v\u00f5imalike postikulude eest klient. Kohustume tagastama v\u00f5imalikult kiiresti kogu summa tagastatud kauba eest ja mitte [\u2026]<\/p>","protected":false},"author":1,"featured_media":0,"parent":0,"menu_order":0,"comment_status":"closed","ping_status":"closed","template":"elementor_header_footer","meta":{"_seopress_robots_primary_cat":"","_seopress_titles_title":"","_seopress_titles_desc":"","_seopress_robots_index":"","footnotes":""},"class_list":["post-4647","page","type-page","status-publish","hentry"],"_links":{"self":[{"href":"https:\/\/candeebaar.ee\/et\/wp-json\/wp\/v2\/pages\/4647","targetHints":{"allow":["GET"]}}],"collection":[{"href":"https:\/\/candeebaar.ee\/et\/wp-json\/wp\/v2\/pages"}],"about":[{"href":"https:\/\/candeebaar.ee\/et\/wp-json\/wp\/v2\/types\/page"}],"author":[{"embeddable":true,"href":"https:\/\/candeebaar.ee\/et\/wp-json\/wp\/v2\/users\/1"}],"replies":[{"embeddable":true,"href":"https:\/\/candeebaar.ee\/et\/wp-json\/wp\/v2\/comments?post=4647"}],"version-history":[{"count":10,"href":"https:\/\/candeebaar.ee\/et\/wp-json\/wp\/v2\/pages\/4647\/revisions"}],"predecessor-version":[{"id":4658,"href":"https:\/\/candeebaar.ee\/et\/wp-json\/wp\/v2\/pages\/4647\/revisions\/4658"}],"wp:attachment":[{"href":"https:\/\/candeebaar.ee\/et\/wp-json\/wp\/v2\/media?parent=4647"}],"curies":[{"name":"t\u00f6\u00f6leht","href":"https:\/\/api.w.org\/{rel}","templated":true}]}}