{"id":476,"date":"2022-02-25T16:14:00","date_gmt":"2022-02-25T16:14:00","guid":{"rendered":"https:\/\/themepanthers.com\/wp\/nest\/d1\/?page_id=476"},"modified":"2025-01-05T12:52:38","modified_gmt":"2025-01-05T10:52:38","slug":"umbes","status":"publish","type":"page","link":"https:\/\/candeebaar.ee\/et\/umbes\/","title":{"rendered":"Umbes"},"content":{"rendered":"<div data-elementor-type=\"wp-page\" data-elementor-id=\"476\" class=\"elementor elementor-476\">\n\t\t\t\t<div class=\"elementor-element elementor-element-9abcfdb e-flex e-con-boxed e-con e-parent\" data-id=\"9abcfdb\" data-element_type=\"container\">\n\t\t\t\t\t<div class=\"e-con-inner\">\n\t\t\t\t<div class=\"elementor-element elementor-element-3d215ae elementor-widget elementor-widget-nest-title-v1\" data-id=\"3d215ae\" data-element_type=\"widget\" data-widget_type=\"nest-title-v1.default\">\n\t\t\t\t<div class=\"elementor-widget-container\">\n\t\t\t\t\t        <div class=\"section_title type_one\">\r\n                                        <div class=\"title_whole\">\r\n                    <div class=\"title\"> Candeebaaari kohta  <\/div>\r\n                                    <\/div>\r\n                                <\/div>\r\n    \t\t\t\t<\/div>\n\t\t\t\t<\/div>\n\t\t\t\t<div class=\"elementor-element elementor-element-83a41bf elementor-widget elementor-widget-nest-text-editor-v1\" data-id=\"83a41bf\" data-element_type=\"widget\" data-widget_type=\"nest-text-editor-v1.default\">\n\t\t\t\t<div class=\"elementor-widget-container\">\n\t\t\t\t\t   <div class=\"custom_text_editor position-relative\">\r\n        <p>Tere tulemast <strong>Candeebaar<\/strong> \u2013 koht, kust saab alguse teie inspiratsioon kondiitritoodete meistriteoste jaoks! Meie ettev\u00f5te, <strong>Canecandy O\u00dc<\/strong>, on juba \u00fcle 6 aasta edukalt aidanud professionaalsetel kondiitritel ja magusa k\u00e4sit\u00f6\u00f6 austajatel luua magustoite, mis avaldavad muljet oma maitse ja esteetikaga.<\/p><p>Me m\u00f5istame, et kondiitritoodete valmistamine ei ole ainult toiduvalmistamise osa; see on t\u00f5eline kunst. Seet\u00f5ttu pakume laia valikut kvaliteetseid koostisosi, mis on hoolikalt valitud spetsiaalselt kondiitritele. Meie tooted aitavad teil ellu viia k\u00f5ige keerulisemad ideed, olgu selleks elegantsed koogid, oivalised k\u00fcpsetised v\u00f5i ainulaadsed maiustused.<\/p><div style=\"height: 25px\">\u00a0<\/div><h5>Miks valida Candeebaar?<\/h5><ul class=\"custom-list-style-one\"><li style=\"color: #7d7d7d !important;font-weight: normal\"><strong>Kuus aastat kondiitritoodete valmistamise kogemust<\/strong>: Teame, mida professionaalid vajavad silmapaistvate magustoitude loomiseks.<\/li><li style=\"color: #7d7d7d !important;font-weight: normal\"><strong>T\u00f6\u00f6kindlus ja kvaliteet<\/strong>: Ainult t\u00f5estatud koostisosad, mis vastavad k\u00f5rgeimatele standarditele.<\/li><li style=\"color: #7d7d7d !important;font-weight: normal\"><strong>Euroopa kohaletoimetamine<\/strong>: Kiire ja mugav kohaletoimetamine kondiitritele \u00fcle Euroopa.<\/li><li style=\"color: #7d7d7d !important;font-weight: normal\"><strong>Toetus teie loovusele<\/strong>: Meie tooted pakuvad ruumi kujutlusv\u00f5imele ja katsetamiseks.<\/li><\/ul><p><strong>Candeebaar<\/strong> on pood, mis on loodud kondiitritele ja magusakunstist inspireeritud inimestele. P\u00fc\u00fcame olla teie usaldusv\u00e4\u00e4rne partner teie kondiitritoodete teekonna igal etapil.<\/p><p><strong>Ait\u00e4h, et usaldasite meile oma armsaid unen\u00e4gusid!<\/strong><\/p>    <\/div>\r\n\t\t\t\t<\/div>\n\t\t\t\t<\/div>\n\t\t\t\t\t<\/div>\n\t\t\t\t<\/div>\n\t\t\t\t<\/div>","protected":false},"excerpt":{"rendered":"<p>Candeebaarist Tere tulemast Candeebaari \u2013 kohta, kust saab alguse teie inspiratsioon kondiitritoodete meistriteoste jaoks! Meie ettev\u00f5te Canecandy O\u00dc on juba \u00fcle 6 aasta edukalt aidanud professionaalsetel kondiitritel ja magusa k\u00e4sit\u00f6\u00f6 austajatel luua magustoite, mis avaldavad muljet oma maitse ja esteetikaga. M\u00f5istame, et kondiitritoodete valmistamine ei ole ainult osa [\u2026]<\/p>","protected":false},"author":1,"featured_media":0,"parent":0,"menu_order":0,"comment_status":"closed","ping_status":"closed","template":"elementor_header_footer","meta":{"_seopress_robots_primary_cat":"","_seopress_titles_title":"","_seopress_titles_desc":"","_seopress_robots_index":"","footnotes":""},"class_list":["post-476","page","type-page","status-publish","hentry"],"_links":{"self":[{"href":"https:\/\/candeebaar.ee\/et\/wp-json\/wp\/v2\/pages\/476","targetHints":{"allow":["GET"]}}],"collection":[{"href":"https:\/\/candeebaar.ee\/et\/wp-json\/wp\/v2\/pages"}],"about":[{"href":"https:\/\/candeebaar.ee\/et\/wp-json\/wp\/v2\/types\/page"}],"author":[{"embeddable":true,"href":"https:\/\/candeebaar.ee\/et\/wp-json\/wp\/v2\/users\/1"}],"replies":[{"embeddable":true,"href":"https:\/\/candeebaar.ee\/et\/wp-json\/wp\/v2\/comments?post=476"}],"version-history":[{"count":100,"href":"https:\/\/candeebaar.ee\/et\/wp-json\/wp\/v2\/pages\/476\/revisions"}],"predecessor-version":[{"id":9496,"href":"https:\/\/candeebaar.ee\/et\/wp-json\/wp\/v2\/pages\/476\/revisions\/9496"}],"wp:attachment":[{"href":"https:\/\/candeebaar.ee\/et\/wp-json\/wp\/v2\/media?parent=476"}],"curies":[{"name":"t\u00f6\u00f6leht","href":"https:\/\/api.w.org\/{rel}","templated":true}]}}