{"id":500,"date":"2022-02-25T16:24:44","date_gmt":"2022-02-25T16:24:44","guid":{"rendered":"https:\/\/themepanthers.com\/wp\/nest\/d1\/?page_id=500"},"modified":"2025-11-28T22:51:19","modified_gmt":"2025-11-28T20:51:19","slug":"kontakti","status":"publish","type":"page","link":"https:\/\/candeebaar.ee\/et\/kontakti\/","title":{"rendered":"V\u00f5tke \u00fchendust"},"content":{"rendered":"<div style=\"padding: 5% 10%;\">\n<h4>Canecandy O\u00dc<\/h4>\n<p><abbr title=\"Aadress: \">Aadress: <\/abbr><br \/>\nViru pst. 2A Sillam\u00e4e Ida-Virumaa 40231<br \/>\n<abbr title=\"Helista meile: \">Helista meile: <\/abbr><br \/>\n<a href=\"tel: +372 56824471\">+372 56824471<\/a><br \/>\n<abbr title=\"Meil: \">Meil: <\/abbr><br \/>\n<a href=\"mailto:info@candeebaar.ee\">info@candeebaar.ee<\/a><br \/>\n<abbr title=\"Lahtiolekuajad: \">Lahtiolekuajad: <\/abbr><br \/>\nVaba ajakava<\/p>\n<p><strong>Kuidas meie juurde saada (NB! Leppige aeg eelnevalt kokku):<\/strong><br \/>\nAsume aadressil Sillam\u00e4e Viru pst 2a, 40232 Sillam\u00e4e. Pange t\u00e4hele, et me ei ole alati kohapeal, seega on oluline oma k\u00fclastus eelnevalt kokku leppida. Parkimine on l\u00e4hedal. T\u00e4psema info saamiseks v\u00f5i kindla aja kokkuleppimiseks v\u00f5tke meiega \u00fchendust telefoni v\u00f5i meili teel.<\/p>\n<p><iframe style=\"width: 100%; height: 280px; border: 0;\" title=\"Viru pst. 2a, Sillam\u00e4e linn Ida-Virumaa, Eesti 40232\" src=\"https:\/\/maps.google.com\/maps?q=Viru%20pst.%202a%2C%20Sillam%C3%A4e%20linn%20Ida-Virumaa%2C%20Estonia%2040232&amp;t=m&amp;z=10&amp;output=embed&amp;iwloc=near\" allowfullscreen=\"allowfullscreen\" aria-label=\"Viru pst. 2a, Sillam\u00e4e linn Ida-Virumaa, Eesti 40232\"><br \/>\n<\/iframe>\n<\/div>","protected":false},"excerpt":{"rendered":"<p>Canecandy O\u00dc Aadress: Viru pst. 2A Sillam\u00e4e Ida-Virumaa 40231 Helista meile: +372 56824471 E-post: info@candeebaar.ee Lahtiolekuajad: Vaba graafik Kuidas meieni j\u00f5uda (NB! Palun leppige aeg ette kokku): Asume Sillam\u00e4el Viru pst 2a, 40232 Sillam\u00e4e. Palun arvestage, et me ei ole alati kohapeal, seega on oluline oma aeg eelnevalt kokku leppida [\u2026]<\/p>","protected":false},"author":1,"featured_media":0,"parent":0,"menu_order":0,"comment_status":"closed","ping_status":"closed","template":"template-fullwidth.php","meta":{"_seopress_robots_primary_cat":"","_seopress_titles_title":"","_seopress_titles_desc":"","_seopress_robots_index":"","footnotes":""},"class_list":["post-500","page","type-page","status-publish","hentry"],"_links":{"self":[{"href":"https:\/\/candeebaar.ee\/et\/wp-json\/wp\/v2\/pages\/500","targetHints":{"allow":["GET"]}}],"collection":[{"href":"https:\/\/candeebaar.ee\/et\/wp-json\/wp\/v2\/pages"}],"about":[{"href":"https:\/\/candeebaar.ee\/et\/wp-json\/wp\/v2\/types\/page"}],"author":[{"embeddable":true,"href":"https:\/\/candeebaar.ee\/et\/wp-json\/wp\/v2\/users\/1"}],"replies":[{"embeddable":true,"href":"https:\/\/candeebaar.ee\/et\/wp-json\/wp\/v2\/comments?post=500"}],"version-history":[{"count":91,"href":"https:\/\/candeebaar.ee\/et\/wp-json\/wp\/v2\/pages\/500\/revisions"}],"predecessor-version":[{"id":14400,"href":"https:\/\/candeebaar.ee\/et\/wp-json\/wp\/v2\/pages\/500\/revisions\/14400"}],"wp:attachment":[{"href":"https:\/\/candeebaar.ee\/et\/wp-json\/wp\/v2\/media?parent=500"}],"curies":[{"name":"t\u00f6\u00f6leht","href":"https:\/\/api.w.org\/{rel}","templated":true}]}}