{"id":10000,"date":"2024-12-31T17:30:11","date_gmt":"2024-12-31T15:30:11","guid":{"rendered":"https:\/\/candeebaar.ee\/?post_type=product&#038;p=10000"},"modified":"2026-03-20T13:44:57","modified_gmt":"2026-03-20T11:44:57","slug":"pealispeegelpallid-8mm-45g","status":"publish","type":"product","link":"https:\/\/candeebaar.ee\/et\/pood\/pealispeegelpallid-8mm-45g\/","title":{"rendered":"Pealiskate \u201cPeegelpallid 8mm\u201d 45g"},"content":{"rendered":"<p>Puistad magustoitude kaunistamiseks. Pallid on 8mm l\u00e4bim\u00f5\u00f5duga, pehme riisip\u00f5hja ja \u0161okolaadiga.<br \/>\nKaal: 45 g<br \/>\n<b>Koostisosad<\/b> : suhkur, piima\u0161okolaad (30,6%) (suhkur, t\u00e4ispiimapulber, kakaov\u00f5i, kakaomass, sojaletsitiin, looduslik vanilje maitse), kr\u00f5be keskosa (11%) (riisiajahu, nisujahu, suhkur, gluteen, sool), stabilisaator: kummiaraabik, kakaov\u00f5i, v\u00e4rvus: E172, carnaubavaha.<br \/>\nSisu 100g kohta:<br \/>\nToitev\u00e4\u00e4rtus: 1627kJ\/389kcal<br \/>\nRasvad (k\u00fcllastunud): 17,2 g (10,5 g)<br \/>\nS\u00fcsivesikud (suhkrud): 73,7 g (65,1 g)<br \/>\nValgud: 4,4 g<br \/>\nSool: 0,1 g<\/p>\n<p>Ei sobi alla 3-aastastele lastele.<br \/>\nTootja: Saksamaa<br \/>\nS\u00e4ilivusaeg: mai 2026<\/p>","protected":false},"excerpt":{"rendered":"<p>Puistad magustoitude kaunistamiseks. Pallid on 8mm l\u00e4bim\u00f5\u00f5duga, pehme riisip\u00f5hja ja \u0161okolaadiga. Mass: 45g Koostis: suhkur, piima\u0161okolaad (30,6%) (suhkur, t\u00e4ispiimapulber, kakaov\u00f5i, kakaomass, sojaletsitiin, naturaalne vanilje maitse), kr\u00f5be keskosa (11%) (riisijahu, nisujahu, suhkur, gluteen, sool), stabilisaator: ko-E, araabik2, [\u2026]<\/p>","protected":false},"featured_media":10001,"template":"","meta":{"_seopress_robots_primary_cat":"none","_seopress_titles_title":"","_seopress_titles_desc":"","_seopress_robots_index":""},"product_brand":[],"product_cat":[182,181,180,15,104],"product_tag":[],"class_list":{"0":"post-10000","1":"product","2":"type-product","3":"status-publish","4":"has-post-thumbnail","6":"product_cat-christmas","7":"product_cat-christmas-new-year","8":"product_cat-wedding-products","9":"product_cat-all-products","10":"product_cat-sprinkles","12":"first","13":"instock","14":"taxable","15":"shipping-taxable","16":"purchasable","17":"product-type-simple"},"_links":{"self":[{"href":"https:\/\/candeebaar.ee\/et\/wp-json\/wp\/v2\/product\/10000","targetHints":{"allow":["GET"]}}],"collection":[{"href":"https:\/\/candeebaar.ee\/et\/wp-json\/wp\/v2\/product"}],"about":[{"href":"https:\/\/candeebaar.ee\/et\/wp-json\/wp\/v2\/types\/product"}],"version-history":[{"count":1,"href":"https:\/\/candeebaar.ee\/et\/wp-json\/wp\/v2\/product\/10000\/revisions"}],"predecessor-version":[{"id":10002,"href":"https:\/\/candeebaar.ee\/et\/wp-json\/wp\/v2\/product\/10000\/revisions\/10002"}],"wp:featuredmedia":[{"embeddable":true,"href":"https:\/\/candeebaar.ee\/et\/wp-json\/wp\/v2\/media\/10001"}],"wp:attachment":[{"href":"https:\/\/candeebaar.ee\/et\/wp-json\/wp\/v2\/media?parent=10000"}],"wp:term":[{"taxonomy":"product_brand","embeddable":true,"href":"https:\/\/candeebaar.ee\/et\/wp-json\/wp\/v2\/product_brand?post=10000"},{"taxonomy":"product_cat","embeddable":true,"href":"https:\/\/candeebaar.ee\/et\/wp-json\/wp\/v2\/product_cat?post=10000"},{"taxonomy":"product_tag","embeddable":true,"href":"https:\/\/candeebaar.ee\/et\/wp-json\/wp\/v2\/product_tag?post=10000"}],"curies":[{"name":"t\u00f6\u00f6leht","href":"https:\/\/api.w.org\/{rel}","templated":true}]}}