{"id":10003,"date":"2024-12-31T17:33:13","date_gmt":"2024-12-31T15:33:13","guid":{"rendered":"https:\/\/candeebaar.ee\/?post_type=product&#038;p=10003"},"modified":"2026-03-26T13:53:39","modified_gmt":"2026-03-26T11:53:39","slug":"kuldsed-pallid-10mm-45g","status":"publish","type":"product","link":"https:\/\/candeebaar.ee\/et\/pood\/kuldsed-pallid-10mm-45g\/","title":{"rendered":"Kate \u201eKuldsed pallid 10mm\u201d 45g"},"content":{"rendered":"<p>Magustoitude kaunistamiseks m\u00f5eldud puisted. Pallid on 10 mm l\u00e4bim\u00f5\u00f5duga, pehme riisip\u00f5hja ja \u0161okolaadiga.<br \/>\nKaal: 45 g<br \/>\nKoostis: suhkur, jahu (<strong>nisu, linnaseline nisu, riis<\/strong>), <strong>nisugluteen<\/strong>, <strong>piimapulber<\/strong>, kakaov\u00f5i, kakaomass, v\u00e4rvained (E160a, E174), looduslik vanilje l\u00f5hna- ja maitseaine, glasuuriained (E903, E904), paksendajad (E414, E406), emulgaator E473 (<strong>soja<\/strong> letsitiin), sool. V\u00f5ib sisaldada j\u00e4lgi <strong>p\u00e4hklid.<\/strong><br \/>\nSisu 100g kohta:<br \/>\nToitev\u00e4\u00e4rtus: 2087 kJ\/498 kcal<br \/>\nRasvad (k\u00fcllastunud): 21,6 g (13,2 g)<br \/>\nS\u00fcsivesikud (suhkrud): 71,0 g (69,8 g)<br \/>\nValgud: 3,9 g<br \/>\nSool: 0,1 g<\/p>\n<p>Ei sobi alla 3-aastastele lastele.<br \/>\nTootja: Saksamaa<br \/>\nS\u00e4ilivusaeg: november 2027<\/p>","protected":false},"excerpt":{"rendered":"<p>Magustoitude kaunistamiseks m\u00f5eldud puisted. Pallid on 10 mm l\u00e4bim\u00f5\u00f5duga, pehme riisip\u00f5hja ja \u0161okolaadiga. Kaal: 45 g Koostis: suhkur, jahu (nisu, linnaseline nisu, riis), nisugluteen, piimapulber, kakaov\u00f5i, kakaomass, v\u00e4rvained (E160a, E174), looduslik vanilje l\u00f5hna- ja maitseaine, glasuurained (E903, E904), paksendajad (E414, E406), emulgaator E473 (sojaletsitiin), sool. V\u00f5ib sisaldada j\u00e4lgi [\u2026]<\/p>","protected":false},"featured_media":10004,"template":"","meta":{"_seopress_robots_primary_cat":"none","_seopress_titles_title":"","_seopress_titles_desc":"","_seopress_robots_index":""},"product_brand":[],"product_cat":[182,181,180,15,104,106],"product_tag":[],"class_list":{"0":"post-10003","1":"product","2":"type-product","3":"status-publish","4":"has-post-thumbnail","6":"product_cat-christmas","7":"product_cat-christmas-new-year","8":"product_cat-wedding-products","9":"product_cat-all-products","10":"product_cat-sprinkles","11":"product_cat-new","13":"first","14":"instock","15":"taxable","16":"shipping-taxable","17":"purchasable","18":"product-type-simple"},"_links":{"self":[{"href":"https:\/\/candeebaar.ee\/et\/wp-json\/wp\/v2\/product\/10003","targetHints":{"allow":["GET"]}}],"collection":[{"href":"https:\/\/candeebaar.ee\/et\/wp-json\/wp\/v2\/product"}],"about":[{"href":"https:\/\/candeebaar.ee\/et\/wp-json\/wp\/v2\/types\/product"}],"version-history":[{"count":5,"href":"https:\/\/candeebaar.ee\/et\/wp-json\/wp\/v2\/product\/10003\/revisions"}],"predecessor-version":[{"id":14272,"href":"https:\/\/candeebaar.ee\/et\/wp-json\/wp\/v2\/product\/10003\/revisions\/14272"}],"wp:featuredmedia":[{"embeddable":true,"href":"https:\/\/candeebaar.ee\/et\/wp-json\/wp\/v2\/media\/10004"}],"wp:attachment":[{"href":"https:\/\/candeebaar.ee\/et\/wp-json\/wp\/v2\/media?parent=10003"}],"wp:term":[{"taxonomy":"product_brand","embeddable":true,"href":"https:\/\/candeebaar.ee\/et\/wp-json\/wp\/v2\/product_brand?post=10003"},{"taxonomy":"product_cat","embeddable":true,"href":"https:\/\/candeebaar.ee\/et\/wp-json\/wp\/v2\/product_cat?post=10003"},{"taxonomy":"product_tag","embeddable":true,"href":"https:\/\/candeebaar.ee\/et\/wp-json\/wp\/v2\/product_tag?post=10003"}],"curies":[{"name":"t\u00f6\u00f6leht","href":"https:\/\/api.w.org\/{rel}","templated":true}]}}