{"id":10049,"date":"2025-01-28T16:28:29","date_gmt":"2025-01-28T14:28:29","guid":{"rendered":"https:\/\/candeebaar.ee\/?post_type=product&#038;p=10049"},"modified":"2025-01-29T09:21:03","modified_gmt":"2025-01-29T07:21:03","slug":"naeratus-chocotopper","status":"publish","type":"product","link":"https:\/\/candeebaar.ee\/et\/pood\/naeratus-chocotopper\/","title":{"rendered":"Chocotopper \u201cSmile\u201d 80*40mm"},"content":{"rendered":"<p>S\u00f6\u00f6dav chocotopper on kasutusvalmis kaunistus. Saate seda lihtsalt kasutada nii, nagu see on, v\u00f5i t\u00e4iustada seda nii, nagu soovite.<br \/>\nTopper on tr\u00fckitud 3D-\u0161okoprinteriga, muutes fondi kalligraafiliseks ja t\u00e4pseks.<br \/>\nSaate seda v\u00e4rvida s\u00e4ra- v\u00f5i sametpihustitega v\u00f5i v\u00e4rvilise valge \u0161okolaadiga, kui nimetada vaid m\u00f5nda varianti.<\/p>\n<p>Netokaal: 4 g<br \/>\nM\u00f5\u00f5dud: 80*40*3mm<\/p>\n<p>Koostis: suhkur, karastatud taimsed rasvad (kookos, palmituuma), kakaopulber, vaniljeekstrakt, emulgaator (<strong>soja<\/strong> letsitiin).<br \/>\nV\u00f5ib sisaldada j\u00e4lgi <strong>piim ja p\u00e4hklid.<\/strong><\/p>\n<p>Sisu 100g kohta:<br \/>\nEnergia: 2452kJ\/591kcal<br \/>\nRasvad (k\u00fcllastunud): 44,2 g (39,5 g)<br \/>\nS\u00fcsivesikud (suhkrud): 36,7g<br \/>\nValk: 4,7 g<br \/>\nSool: 0,2 g<br \/>\nHoida jahedas, kuivas ja pimedas kohas.<br \/>\nToode sulab umbes 30\u00b0C juures.<\/p>\n<p><strong>Enne avamist ja teisaldamist on soovitatav topperit 5-10 minutit k\u00fclmkapis jahutada, et see muutuks vastupidavamaks ja k\u00f5vemaks. Mitmekihilise maatriksi loomise protsessi t\u00f5ttu v\u00f5ib Topperil esineda v\u00e4ikeseid turse.<\/strong><br \/>\n<strong>Pakime toppereid t\u00e4iendava kaitsega, nii et see peaks saabuma kahjustamata kujul 99%. Igatahes n\u00f5uab topperi ostmine teatud kogemusi \u0161okolaadiga, et seda parandada ja korralikult k\u00e4sitseda. Palun teavitage meid, kui pealispind on kahjustatud, et saaksime teada, kas peame pakendit parandama.<\/strong><\/p>","protected":false},"excerpt":{"rendered":"<p>S\u00f6\u00f6dav \u0161okolaadikate on kasutusvalmis kaunistus. Saate seda lihtsalt kasutada sellisena, nagu see on, v\u00f5i t\u00e4iustada seda vastavalt oma soovile. Kate on tr\u00fckitud 3D-\u0161okolaadiprinteriga, muutes fondi kalligraafiliseks ja t\u00e4pseks. Saate seda v\u00e4rvida s\u00e4deluse v\u00f5i sametsprei v\u00f5i v\u00e4rvilise valge \u0161okolaadiga, kui nimetada vaid m\u00f5nda [\u2026]<\/p>","protected":false},"featured_media":10050,"template":"","meta":{"_seopress_robots_primary_cat":"none","_seopress_titles_title":"","_seopress_titles_desc":"Edible chocotopper. 3D printed chocolate topper! Ready or custom made!","_seopress_robots_index":""},"product_brand":[],"product_cat":[174],"product_tag":[],"class_list":{"0":"post-10049","1":"product","2":"type-product","3":"status-publish","4":"has-post-thumbnail","6":"product_cat-chocotoppers","8":"first","9":"instock","10":"taxable","11":"shipping-taxable","12":"purchasable","13":"product-type-simple"},"_links":{"self":[{"href":"https:\/\/candeebaar.ee\/et\/wp-json\/wp\/v2\/product\/10049","targetHints":{"allow":["GET"]}}],"collection":[{"href":"https:\/\/candeebaar.ee\/et\/wp-json\/wp\/v2\/product"}],"about":[{"href":"https:\/\/candeebaar.ee\/et\/wp-json\/wp\/v2\/types\/product"}],"version-history":[{"count":2,"href":"https:\/\/candeebaar.ee\/et\/wp-json\/wp\/v2\/product\/10049\/revisions"}],"predecessor-version":[{"id":10068,"href":"https:\/\/candeebaar.ee\/et\/wp-json\/wp\/v2\/product\/10049\/revisions\/10068"}],"wp:featuredmedia":[{"embeddable":true,"href":"https:\/\/candeebaar.ee\/et\/wp-json\/wp\/v2\/media\/10050"}],"wp:attachment":[{"href":"https:\/\/candeebaar.ee\/et\/wp-json\/wp\/v2\/media?parent=10049"}],"wp:term":[{"taxonomy":"product_brand","embeddable":true,"href":"https:\/\/candeebaar.ee\/et\/wp-json\/wp\/v2\/product_brand?post=10049"},{"taxonomy":"product_cat","embeddable":true,"href":"https:\/\/candeebaar.ee\/et\/wp-json\/wp\/v2\/product_cat?post=10049"},{"taxonomy":"product_tag","embeddable":true,"href":"https:\/\/candeebaar.ee\/et\/wp-json\/wp\/v2\/product_tag?post=10049"}],"curies":[{"name":"t\u00f6\u00f6leht","href":"https:\/\/api.w.org\/{rel}","templated":true}]}}