{"id":10071,"date":"2025-01-29T09:27:34","date_gmt":"2025-01-29T07:27:34","guid":{"rendered":"https:\/\/candeebaar.ee\/?post_type=product&#038;p=10071"},"modified":"2025-11-07T10:04:59","modified_gmt":"2025-11-07T08:04:59","slug":"kohandatud-chocotopper-oma-teksti","status":"publish","type":"product","link":"https:\/\/candeebaar.ee\/et\/pood\/kohandatud-chocotopper-oma-teksti\/","title":{"rendered":"Kohandatud Chocotopper &quot;Sinu nimi&quot;"},"content":{"rendered":"<p>S\u00f6\u00f6dav chocotopper on kasutusvalmis kaunistus. Saate seda lihtsalt kasutada nii, nagu see on, v\u00f5i t\u00e4iustada seda nii, nagu soovite.<br \/>\nTopper on tr\u00fckitud 3D-\u0161okoprinteriga, muutes fondi kalligraafiliseks ja t\u00e4pseks.<br \/>\nSaate seda v\u00e4rvida v\u00f5i \u0161okolaadiga t\u00e4ita, kui nimetada vaid m\u00f5nda varianti.<\/p>\n<p>Kohandamine:<\/p>\n<p>Loodava teksti saate ise valida.<br \/>\nVaikimisi font on TERRA, mis on n\u00e4idatud toote pildil.<br \/>\nKirillitsa font on praegu ainult Source Sans Pro (eraldi sirged t\u00e4hed).<\/p>\n<p>Maksimaalne laius ja pikkus on 90 mm. T\u00e4htede standardk\u00f5rgus on 3mm (saab soovi korral reguleerida).<\/p>\n<p>T\u00e4hed on seest \u00f5\u00f5nsad, nii et saate selle h\u00f5lpsalt t\u00e4ita millega iganes soovite (\u0161okolaad, koor, ganache v\u00f5i m\u00f5ni muu t\u00e4idis), see lisab l\u00f5plikule v\u00e4limusele individuaalsust!<\/p>\n<p>Kui \u00fches s\u00f5nas on 9 v\u00f5i enam t\u00e4hte, on parem lahutusv\u00f5ime saavutamiseks jagada see kaheks osaks. N\u00e4iteks \u201cAleksandr\u201d n\u00e4eb parem v\u00e4lja kui \u201cAleks andr\u201d. Saate selle hiljem kokku liimida.<\/p>\n<p>Palun \u00f6elge meile, kui vajate konkreetset suurust, kohandame seda teie vajadustele h\u00f5lpsalt!<\/p>\n<p>Enamikul juhtudel on toodangu hind sama. Kuid kui teie taotlus on keeruline, v\u00f5ib see olla pisut suurem.<\/p>\n<p>Palun saatke meile k\u00f5ik oma eelistused aadressile shop@candeebaar.ee<\/p>\n<p>Netokaal: kohandatud<br \/>\nSuurus: kohandatud (maksimaalselt 90 * 90 * 40 mm)<\/p>\n<p>Koostis: suhkur, karastatud taimsed rasvad (kookos, palmituuma), kakaopulber, vaniljeekstrakt, emulgaator (<strong>soja<\/strong> letsitiin).<br \/>\nV\u00f5ib sisaldada j\u00e4lgi <strong>piim ja p\u00e4hklid.<\/strong><\/p>\n<p>Sisu 100g kohta:<br \/>\nEnergia: 2452kJ\/591kcal<br \/>\nRasvad (k\u00fcllastunud): 44,2 g (39,5 g)<br \/>\nS\u00fcsivesikud (suhkrud): 36,7g<br \/>\nValk: 4,7 g<br \/>\nSool: 0,2 g<br \/>\nHoida jahedas, kuivas ja pimedas kohas.<br \/>\nToode sulab umbes 30\u00b0C juures.<\/p>\n<p><strong>Enne avamist ja teisaldamist on soovitatav topperit 5-10 minutit k\u00fclmkapis jahutada, et see muutuks vastupidavamaks ja k\u00f5vemaks. Mitmekihilise maatriksi loomise protsessi t\u00f5ttu v\u00f5ib Topperil esineda v\u00e4ikeseid turse.<\/strong><br \/>\n<strong>Pakime toppereid t\u00e4iendava kaitsega, nii et see peaks saabuma kahjustamata kujul 99%. Igatahes n\u00f5uab topperi ostmine teatud kogemusi \u0161okolaadiga, et seda parandada ja korralikult k\u00e4sitseda. Palun teavitage meid, kui pealispind on kahjustatud, et saaksime teada, kas peame pakendit parandama.<\/strong><\/p>","protected":false},"excerpt":{"rendered":"<p>S\u00f6\u00f6dav chocotopper on kasutusvalmis kaunistus. Saate seda lihtsalt kasutada nii, nagu see on, v\u00f5i t\u00e4iustada seda nii, nagu soovite. Topper on tr\u00fckitud 3D-\u0161okoprinteriga, muutes fondi kalligraafiliseks ja t\u00e4pseks. Saate seda v\u00e4rvida v\u00f5i \u0161okolaadiga t\u00e4ita, kui nimetada vaid m\u00f5nda varianti. Kohandamine: saate valida [\u2026]<\/p>","protected":false},"featured_media":10186,"template":"","meta":{"_seopress_robots_primary_cat":"none","_seopress_titles_title":"www.%%sitetitle%% 3D chocoprinting exlusive service!","_seopress_titles_desc":"Here you can create edible topper made with 3D printing technology. It can be wedding toppers, your name, number or other object! Prices from 2.99 euros per topper! Fast and safe shipping!","_seopress_robots_index":""},"product_brand":[],"product_cat":[180,174,105,106],"product_tag":[],"class_list":{"0":"post-10071","1":"product","2":"type-product","3":"status-publish","4":"has-post-thumbnail","6":"product_cat-wedding-products","7":"product_cat-chocotoppers","8":"product_cat-edible-print","9":"product_cat-new","11":"first","12":"instock","13":"taxable","14":"shipping-taxable","15":"purchasable","16":"product-type-simple"},"_links":{"self":[{"href":"https:\/\/candeebaar.ee\/et\/wp-json\/wp\/v2\/product\/10071","targetHints":{"allow":["GET"]}}],"collection":[{"href":"https:\/\/candeebaar.ee\/et\/wp-json\/wp\/v2\/product"}],"about":[{"href":"https:\/\/candeebaar.ee\/et\/wp-json\/wp\/v2\/types\/product"}],"version-history":[{"count":4,"href":"https:\/\/candeebaar.ee\/et\/wp-json\/wp\/v2\/product\/10071\/revisions"}],"predecessor-version":[{"id":10189,"href":"https:\/\/candeebaar.ee\/et\/wp-json\/wp\/v2\/product\/10071\/revisions\/10189"}],"wp:featuredmedia":[{"embeddable":true,"href":"https:\/\/candeebaar.ee\/et\/wp-json\/wp\/v2\/media\/10186"}],"wp:attachment":[{"href":"https:\/\/candeebaar.ee\/et\/wp-json\/wp\/v2\/media?parent=10071"}],"wp:term":[{"taxonomy":"product_brand","embeddable":true,"href":"https:\/\/candeebaar.ee\/et\/wp-json\/wp\/v2\/product_brand?post=10071"},{"taxonomy":"product_cat","embeddable":true,"href":"https:\/\/candeebaar.ee\/et\/wp-json\/wp\/v2\/product_cat?post=10071"},{"taxonomy":"product_tag","embeddable":true,"href":"https:\/\/candeebaar.ee\/et\/wp-json\/wp\/v2\/product_tag?post=10071"}],"curies":[{"name":"t\u00f6\u00f6leht","href":"https:\/\/api.w.org\/{rel}","templated":true}]}}