{"id":10093,"date":"2025-01-29T14:12:15","date_gmt":"2025-01-29T12:12:15","guid":{"rendered":"https:\/\/candeebaar.ee\/?post_type=product&#038;p=10093"},"modified":"2026-03-16T15:55:21","modified_gmt":"2026-03-16T13:55:21","slug":"tordilaud-300x1-5mm-kuldne-must","status":"publish","type":"product","link":"https:\/\/candeebaar.ee\/et\/pood\/tordilaud-300x1-5mm-kuldne-must\/","title":{"rendered":"Koogilaud 300\u00d71,5 mm kuld\/must"},"content":{"rendered":"<p>Niiskuskindel tugevdatud papist alus.<br \/>\nVajalik magustoitude \u00f5igeks s\u00e4ilitamiseks, transportimiseks ja serveerimiseks.<br \/>\nPaksus: 1,5 mm<br \/>\nL\u00e4bim\u00f5\u00f5t: 300mm<br \/>\nV\u00e4rvus: kuld\/must<\/p>","protected":false},"excerpt":{"rendered":"<p>Niiskuskindel tugevdatud papist alus. Vajalik magustoitude \u00f5igeks s\u00e4ilitamiseks, transportimiseks ja serveerimiseks. Paksus: 1,5mm L\u00e4bim\u00f5\u00f5t: 300mm V\u00e4rvus: kuldne\/must<\/p>","protected":false},"featured_media":10091,"template":"","meta":{"_seopress_robots_primary_cat":"none","_seopress_titles_title":"","_seopress_titles_desc":"","_seopress_robots_index":""},"product_brand":[],"product_cat":[15,147,106],"product_tag":[],"class_list":{"0":"post-10093","1":"product","2":"type-product","3":"status-publish","4":"has-post-thumbnail","6":"product_cat-all-products","7":"product_cat-30cm","8":"product_cat-new","10":"first","11":"outofstock","12":"taxable","13":"shipping-taxable","14":"purchasable","15":"product-type-simple"},"_links":{"self":[{"href":"https:\/\/candeebaar.ee\/et\/wp-json\/wp\/v2\/product\/10093","targetHints":{"allow":["GET"]}}],"collection":[{"href":"https:\/\/candeebaar.ee\/et\/wp-json\/wp\/v2\/product"}],"about":[{"href":"https:\/\/candeebaar.ee\/et\/wp-json\/wp\/v2\/types\/product"}],"version-history":[{"count":1,"href":"https:\/\/candeebaar.ee\/et\/wp-json\/wp\/v2\/product\/10093\/revisions"}],"predecessor-version":[{"id":10094,"href":"https:\/\/candeebaar.ee\/et\/wp-json\/wp\/v2\/product\/10093\/revisions\/10094"}],"wp:featuredmedia":[{"embeddable":true,"href":"https:\/\/candeebaar.ee\/et\/wp-json\/wp\/v2\/media\/10091"}],"wp:attachment":[{"href":"https:\/\/candeebaar.ee\/et\/wp-json\/wp\/v2\/media?parent=10093"}],"wp:term":[{"taxonomy":"product_brand","embeddable":true,"href":"https:\/\/candeebaar.ee\/et\/wp-json\/wp\/v2\/product_brand?post=10093"},{"taxonomy":"product_cat","embeddable":true,"href":"https:\/\/candeebaar.ee\/et\/wp-json\/wp\/v2\/product_cat?post=10093"},{"taxonomy":"product_tag","embeddable":true,"href":"https:\/\/candeebaar.ee\/et\/wp-json\/wp\/v2\/product_tag?post=10093"}],"curies":[{"name":"t\u00f6\u00f6leht","href":"https:\/\/api.w.org\/{rel}","templated":true}]}}