{"id":10101,"date":"2025-12-01T14:32:51","date_gmt":"2025-12-01T12:32:51","guid":{"rendered":"https:\/\/candeebaar.ee\/?post_type=product&#038;p=10101"},"modified":"2026-03-04T10:52:00","modified_gmt":"2026-03-04T08:52:00","slug":"puistad-ukssarviku-unenaod-45g","status":"publish","type":"product","link":"https:\/\/candeebaar.ee\/et\/pood\/puistad-ukssarviku-unenaod-45g\/","title":{"rendered":"Sprinkles \u201cUnicorn Dreams\u201d 45g"},"content":{"rendered":"<p>Puistad magustoitude kaunistamiseks.<br \/>\nKaal: 45 g<br \/>\nKoostisosad: suhkur, <strong>nisujahu<\/strong>, siirup, emulgaator E476, kondiitriglasuur, v\u00e4rvained E102, E110, E122, E124, E170, E133.<br \/>\nToitev\u00e4\u00e4rtus 100 g kohta:<br \/>\nEnergeetiline v\u00e4\u00e4rtus: 1465kJ\/350kcal<br \/>\nRasvad (k\u00fcllastunud): 2 g<br \/>\nS\u00fcsivesikud: 83 g<br \/>\nValgud: 0 g<br \/>\nHoida suletud pakendis, pimedas jahedas kohas.<\/p>\n<p>Ei sobi alla 3-aastastele lastele.<br \/>\nTootja: Ukraina<\/p>","protected":false},"excerpt":{"rendered":"<p>Puistad magustoitude kaunistamiseks. Mass: 45g Koostis: suhkur, nisujahu, siirup, emulgaator E476, kondiitriglasuur, v\u00e4rvained E102, E110, E122, E124, E170, E133. Toitev\u00e4\u00e4rtus 100g kohta: Energiasisaldus: 1465kJ\/350kcal Rasvad (k\u00fcllastunud): 2g S\u00fcsivesikud: 83g Valgud: 0g S\u00e4ilitada suletud pakendis, pimedas jahedas kohas. Ei sobi alla 3-aastastele lastele. Tootja: [\u2026]<\/p>","protected":false},"featured_media":10102,"template":"","meta":{"_seopress_robots_primary_cat":"none","_seopress_titles_title":"","_seopress_titles_desc":"","_seopress_robots_index":""},"product_brand":[],"product_cat":[15,104,109],"product_tag":[175],"class_list":{"0":"post-10101","1":"product","2":"type-product","3":"status-publish","4":"has-post-thumbnail","6":"product_cat-all-products","7":"product_cat-sprinkles","8":"product_cat-sale","9":"product_tag-easter","11":"first","12":"outofstock","13":"sale","14":"taxable","15":"shipping-taxable","16":"purchasable","17":"product-type-simple"},"_links":{"self":[{"href":"https:\/\/candeebaar.ee\/et\/wp-json\/wp\/v2\/product\/10101","targetHints":{"allow":["GET"]}}],"collection":[{"href":"https:\/\/candeebaar.ee\/et\/wp-json\/wp\/v2\/product"}],"about":[{"href":"https:\/\/candeebaar.ee\/et\/wp-json\/wp\/v2\/types\/product"}],"version-history":[{"count":3,"href":"https:\/\/candeebaar.ee\/et\/wp-json\/wp\/v2\/product\/10101\/revisions"}],"predecessor-version":[{"id":15406,"href":"https:\/\/candeebaar.ee\/et\/wp-json\/wp\/v2\/product\/10101\/revisions\/15406"}],"wp:featuredmedia":[{"embeddable":true,"href":"https:\/\/candeebaar.ee\/et\/wp-json\/wp\/v2\/media\/10102"}],"wp:attachment":[{"href":"https:\/\/candeebaar.ee\/et\/wp-json\/wp\/v2\/media?parent=10101"}],"wp:term":[{"taxonomy":"product_brand","embeddable":true,"href":"https:\/\/candeebaar.ee\/et\/wp-json\/wp\/v2\/product_brand?post=10101"},{"taxonomy":"product_cat","embeddable":true,"href":"https:\/\/candeebaar.ee\/et\/wp-json\/wp\/v2\/product_cat?post=10101"},{"taxonomy":"product_tag","embeddable":true,"href":"https:\/\/candeebaar.ee\/et\/wp-json\/wp\/v2\/product_tag?post=10101"}],"curies":[{"name":"t\u00f6\u00f6leht","href":"https:\/\/api.w.org\/{rel}","templated":true}]}}