{"id":10139,"date":"2025-01-31T12:11:46","date_gmt":"2025-01-31T10:11:46","guid":{"rendered":"https:\/\/candeebaar.ee\/?post_type=product&#038;p=10139"},"modified":"2025-04-15T06:24:34","modified_gmt":"2025-04-15T04:24:34","slug":"choco25-tume","status":"publish","type":"product","link":"https:\/\/candeebaar.ee\/et\/pood\/choco25-tume\/","title":{"rendered":"Tume \u0161okolaadi kaunistuste komplekt 25g"},"content":{"rendered":"<p>Lihtsalt kasutatav kaunistuskomplekt sisaldab:<br \/>\n25 g puhast \u0161okolaadi;<br \/>\n2x torukotti.<\/p>\n<p>Juhised:<br \/>\n1) Tihendage torukott ja pange see sooja vette (umbes 45\u00b0C), et \u0161okolaad t\u00e4ielikult sulaks.<br \/>\n2) P\u00fchkige j\u00e4relej\u00e4\u00e4nud vesi \u00e4ra.<br \/>\n3) L\u00f5ika koti nurk, et saada otsale vajaliku suurusega sirge \u00fcmmargune auk.<br \/>\n4) Testige seda, et saada korralik kirjutamistulemus.<br \/>\n5) Kandke alles siis valmistootele ja laske jahtuda.<br \/>\n6) P\u00e4rast viimistlemist kasutage teist torukotti (kaasas), et valada j\u00e4\u00e4gid edaspidiseks kasutamiseks.<br \/>\nKui vajate pehmemat ja l\u00e4ikivamat konsistentsi, proovige valmistada ganache (retsepti on Internetist lihtne leida) ja kandke samamoodi.<\/p>\n<p>Tume m\u00f5\u00f5dukalt magus \u0161okolaad.<br \/>\nVooluvus: 4\/5<br \/>\nKaal: 25 g<br \/>\nSisu 100g kohta:<br \/>\nEnergia: 605,3 kcal\/2509,8 kJ<br \/>\nRasvad: 46,9 g<br \/>\nS\u00fcsivesikud: 34,2 g (suhkur 30,4)<br \/>\nValgud: 7,5 g<br \/>\nKakaosisaldus: 70%<br \/>\nKoostisosad: kakaomass, kakaov\u00f5i, suhkur, vanilliin.<\/p>\n<p>Tootja: Natra Cacao, Hispaania<br \/>\nS\u00e4ilitustemperatuur: <strong>18 <\/strong>\u00b0<strong>C<br \/>\n<\/strong>V\u00f5ib sisaldada j\u00e4lgi <strong>piim, laktoos, soja ja p\u00e4hklid.<\/strong><\/p>","protected":false},"excerpt":{"rendered":"<p>Lihtsalt kasutatav kaunistuskomplekt sisaldab: 25g puhast \u0161okolaadi; 2x torukotti. Juhised: 1) Tihendage torukott ja pange see sooja vette (umbes 45\u00b0C), et \u0161okolaad t\u00e4ielikult sulaks. 2) P\u00fchkige j\u00e4relej\u00e4\u00e4nud vesi \u00e4ra. 3) L\u00f5ika koti nurk, et saada vajaliku suurusega sirge \u00fcmmargune auk [\u2026]<\/p>","protected":false},"featured_media":10144,"template":"","meta":{"_seopress_robots_primary_cat":"none","_seopress_titles_title":"","_seopress_titles_desc":"","_seopress_robots_index":""},"product_brand":[],"product_cat":[15,111,174],"product_tag":[],"class_list":{"0":"post-10139","1":"product","2":"type-product","3":"status-publish","4":"has-post-thumbnail","6":"product_cat-all-products","7":"product_cat-cacao-mill","8":"product_cat-chocotoppers","10":"first","11":"instock","12":"taxable","13":"shipping-taxable","14":"purchasable","15":"product-type-simple"},"_links":{"self":[{"href":"https:\/\/candeebaar.ee\/et\/wp-json\/wp\/v2\/product\/10139","targetHints":{"allow":["GET"]}}],"collection":[{"href":"https:\/\/candeebaar.ee\/et\/wp-json\/wp\/v2\/product"}],"about":[{"href":"https:\/\/candeebaar.ee\/et\/wp-json\/wp\/v2\/types\/product"}],"version-history":[{"count":2,"href":"https:\/\/candeebaar.ee\/et\/wp-json\/wp\/v2\/product\/10139\/revisions"}],"predecessor-version":[{"id":10182,"href":"https:\/\/candeebaar.ee\/et\/wp-json\/wp\/v2\/product\/10139\/revisions\/10182"}],"wp:featuredmedia":[{"embeddable":true,"href":"https:\/\/candeebaar.ee\/et\/wp-json\/wp\/v2\/media\/10144"}],"wp:attachment":[{"href":"https:\/\/candeebaar.ee\/et\/wp-json\/wp\/v2\/media?parent=10139"}],"wp:term":[{"taxonomy":"product_brand","embeddable":true,"href":"https:\/\/candeebaar.ee\/et\/wp-json\/wp\/v2\/product_brand?post=10139"},{"taxonomy":"product_cat","embeddable":true,"href":"https:\/\/candeebaar.ee\/et\/wp-json\/wp\/v2\/product_cat?post=10139"},{"taxonomy":"product_tag","embeddable":true,"href":"https:\/\/candeebaar.ee\/et\/wp-json\/wp\/v2\/product_tag?post=10139"}],"curies":[{"name":"t\u00f6\u00f6leht","href":"https:\/\/api.w.org\/{rel}","templated":true}]}}