{"id":10171,"date":"2025-01-31T17:08:32","date_gmt":"2025-01-31T15:08:32","guid":{"rendered":"https:\/\/candeebaar.ee\/?post_type=product&#038;p=10171"},"modified":"2026-04-06T07:20:41","modified_gmt":"2026-04-06T05:20:41","slug":"choco25-apelsin","status":"publish","type":"product","link":"https:\/\/candeebaar.ee\/et\/pood\/choco25-apelsin\/","title":{"rendered":"Orange Chocolate Dekoratsioonikomplekt 25g"},"content":{"rendered":"<p>Lihtsalt kasutatav kaunistuskomplekt sisaldab:<br \/>\n25 g puhast \u0161okolaadi;<br \/>\n2x torukotti.<\/p>\n<p>Juhised:<br \/>\n1) Tihendage torukott ja pange see sooja vette (umbes 45\u00b0C), et \u0161okolaad t\u00e4ielikult sulaks.<br \/>\n2) P\u00fchkige j\u00e4relej\u00e4\u00e4nud vesi \u00e4ra.<br \/>\n3) L\u00f5ika koti nurk, et saada otsale vajaliku suurusega sirge \u00fcmmargune auk.<br \/>\n4) Testige seda, et saada korralik kirjutamistulemus.<br \/>\n5) Kandke alles siis valmistootele ja laske jahtuda.<br \/>\n6) P\u00e4rast viimistlemist kasutage teist torukotti (kaasas), et valada j\u00e4\u00e4gid edaspidiseks kasutamiseks.<br \/>\nKui vajate pehmemat ja l\u00e4ikivamat konsistentsi, proovige valmistada ganache (retsepti on Internetist lihtne leida) ja kandke samamoodi.<\/p>\n<p>Callebaut oran\u017e \u0161okolaad. Valmistatud apelsinimaitsega valgest \u0161okolaadist.<br \/>\nV\u00e4rv: oran\u017e<br \/>\nKakaosisaldus 29%.<br \/>\n25g<\/p>\n<table style=\"height: 138px; width: 409px;\" width=\"409\">\n<tbody>\n<tr style=\"height: 23px;\">\n<td style=\"width: 244px; height: 23px;\">Sisu kohta<\/td>\n<td style=\"width: 150.4px; height: 23px;\">100g<\/td>\n<\/tr>\n<tr style=\"height: 23px;\">\n<td style=\"width: 244px; height: 23px;\">Toitev\u00e4\u00e4rtus<\/td>\n<td style=\"width: 150.4px; height: 23px;\">566 kcal 2370 kJ<\/td>\n<\/tr>\n<tr style=\"height: 23px;\">\n<td style=\"width: 244px; height: 23px;\">Rasvad (millest k\u00fcllastunud)<\/td>\n<td style=\"width: 150.4px; height: 23px;\">35 g (21 g)<\/td>\n<\/tr>\n<tr style=\"height: 23px;\">\n<td style=\"width: 244px; height: 23px;\">S\u00fcsivesikud (suhkur)<\/td>\n<td style=\"width: 150.4px; height: 23px;\">56 g (55 g)<\/td>\n<\/tr>\n<tr style=\"height: 23px;\">\n<td style=\"width: 244px; height: 23px;\">Valgud<\/td>\n<td style=\"width: 150.4px; height: 23px;\">6,1 g<\/td>\n<\/tr>\n<tr style=\"height: 23px;\">\n<td style=\"width: 244px; height: 23px;\">soola<\/td>\n<td style=\"width: 150.4px; height: 23px;\">0,22 g<\/td>\n<\/tr>\n<\/tbody>\n<\/table>\n<p>&nbsp;<\/p>\n<p>Koostisosad: kakaov\u00f5i 29%, suhkur, kuiv <strong>piima<\/strong>, emulgaator (<strong>soja<\/strong> letsitiin), looduslik l\u00f5hna- ja maitseaine (apelsin), looduslik l\u00f5hna- ja maitseaine (vanilliin), v\u00e4rvained E160e, sool.<br \/>\nS\u00e4ilitustemperatuur: <strong>12\u201320 \u00b0C<br \/>\n<\/strong>Tootja: CALLEBAUT Belgia<\/p>","protected":false},"excerpt":{"rendered":"<p>Lihtsalt kasutatav kaunistuskomplekt sisaldab: 25g puhast \u0161okolaadi; 2x torukotti. Juhised: 1) Tihendage torukott ja pange see sooja vette (umbes 45\u00b0C), et \u0161okolaad t\u00e4ielikult sulaks. 2) P\u00fchkige j\u00e4relej\u00e4\u00e4nud vesi \u00e4ra. 3) L\u00f5ika koti nurk, et saada vajaliku suurusega sirge \u00fcmmargune auk [\u2026]<\/p>","protected":false},"featured_media":10153,"template":"","meta":{"_seopress_robots_primary_cat":"none","_seopress_titles_title":"","_seopress_titles_desc":"","_seopress_robots_index":""},"product_brand":[],"product_cat":[182,181,15,110,174],"product_tag":[],"class_list":{"0":"post-10171","1":"product","2":"type-product","3":"status-publish","4":"has-post-thumbnail","6":"product_cat-christmas","7":"product_cat-christmas-new-year","8":"product_cat-all-products","9":"product_cat-callebaut","10":"product_cat-chocotoppers","11":"brand-callebaut","13":"first","14":"instock","15":"taxable","16":"shipping-taxable","17":"purchasable","18":"product-type-simple"},"_links":{"self":[{"href":"https:\/\/candeebaar.ee\/et\/wp-json\/wp\/v2\/product\/10171","targetHints":{"allow":["GET"]}}],"collection":[{"href":"https:\/\/candeebaar.ee\/et\/wp-json\/wp\/v2\/product"}],"about":[{"href":"https:\/\/candeebaar.ee\/et\/wp-json\/wp\/v2\/types\/product"}],"version-history":[{"count":2,"href":"https:\/\/candeebaar.ee\/et\/wp-json\/wp\/v2\/product\/10171\/revisions"}],"predecessor-version":[{"id":10179,"href":"https:\/\/candeebaar.ee\/et\/wp-json\/wp\/v2\/product\/10171\/revisions\/10179"}],"wp:featuredmedia":[{"embeddable":true,"href":"https:\/\/candeebaar.ee\/et\/wp-json\/wp\/v2\/media\/10153"}],"wp:attachment":[{"href":"https:\/\/candeebaar.ee\/et\/wp-json\/wp\/v2\/media?parent=10171"}],"wp:term":[{"taxonomy":"product_brand","embeddable":true,"href":"https:\/\/candeebaar.ee\/et\/wp-json\/wp\/v2\/product_brand?post=10171"},{"taxonomy":"product_cat","embeddable":true,"href":"https:\/\/candeebaar.ee\/et\/wp-json\/wp\/v2\/product_cat?post=10171"},{"taxonomy":"product_tag","embeddable":true,"href":"https:\/\/candeebaar.ee\/et\/wp-json\/wp\/v2\/product_tag?post=10171"}],"curies":[{"name":"t\u00f6\u00f6leht","href":"https:\/\/api.w.org\/{rel}","templated":true}]}}