{"id":10330,"date":"2025-02-08T12:33:33","date_gmt":"2025-02-08T10:33:33","guid":{"rendered":"https:\/\/candeebaar.ee\/?post_type=product&#038;p=10330"},"modified":"2026-04-06T11:17:22","modified_gmt":"2026-04-06T09:17:22","slug":"kott-lihavottekoogile-110x85-100tk","status":"publish","type":"product","link":"https:\/\/candeebaar.ee\/et\/pood\/kott-lihavottekoogile-110x85-100tk\/","title":{"rendered":"Kott lihav\u00f5ttekoogile 110\u00d785 100tk"},"content":{"rendered":"<p>L\u00e4bipaistev tasase p\u00f5hjaga pol\u00fcprop\u00fcleenist kott lihav\u00f5ttekookidele.<br \/>\nSobib kookidele, mille kuju on 110x85 mm.<br \/>\nM\u00f5\u00f5dud: 32x20 cm<br \/>\n<strong>Lihav\u00f5ttekoogi vorme m\u00fc\u00fcakse eraldi.<\/strong><\/p>","protected":false},"excerpt":{"rendered":"<p>L\u00e4bipaistev tasase p\u00f5hjaga pol\u00fcprop\u00fcleenist kott lihav\u00f5ttekookidele. Sobib kookidele suurusega 110x85mm. Suurus: 32x20cm lihav\u00f5ttekoogi vorme m\u00fc\u00fcakse eraldi.<\/p>","protected":false},"featured_media":6150,"template":"","meta":{"_seopress_robots_primary_cat":"none","_seopress_titles_title":"","_seopress_titles_desc":"","_seopress_robots_index":""},"product_brand":[],"product_cat":[178,15,95,106],"product_tag":[175],"class_list":{"0":"post-10330","1":"product","2":"type-product","3":"status-publish","4":"has-post-thumbnail","6":"product_cat-easter-products","7":"product_cat-all-products","8":"product_cat-plastic-and-paper-bags","9":"product_cat-new","10":"product_tag-easter","12":"first","13":"instock","14":"taxable","15":"shipping-taxable","16":"purchasable","17":"product-type-simple"},"_links":{"self":[{"href":"https:\/\/candeebaar.ee\/et\/wp-json\/wp\/v2\/product\/10330","targetHints":{"allow":["GET"]}}],"collection":[{"href":"https:\/\/candeebaar.ee\/et\/wp-json\/wp\/v2\/product"}],"about":[{"href":"https:\/\/candeebaar.ee\/et\/wp-json\/wp\/v2\/types\/product"}],"version-history":[{"count":1,"href":"https:\/\/candeebaar.ee\/et\/wp-json\/wp\/v2\/product\/10330\/revisions"}],"predecessor-version":[{"id":10331,"href":"https:\/\/candeebaar.ee\/et\/wp-json\/wp\/v2\/product\/10330\/revisions\/10331"}],"wp:featuredmedia":[{"embeddable":true,"href":"https:\/\/candeebaar.ee\/et\/wp-json\/wp\/v2\/media\/6150"}],"wp:attachment":[{"href":"https:\/\/candeebaar.ee\/et\/wp-json\/wp\/v2\/media?parent=10330"}],"wp:term":[{"taxonomy":"product_brand","embeddable":true,"href":"https:\/\/candeebaar.ee\/et\/wp-json\/wp\/v2\/product_brand?post=10330"},{"taxonomy":"product_cat","embeddable":true,"href":"https:\/\/candeebaar.ee\/et\/wp-json\/wp\/v2\/product_cat?post=10330"},{"taxonomy":"product_tag","embeddable":true,"href":"https:\/\/candeebaar.ee\/et\/wp-json\/wp\/v2\/product_tag?post=10330"}],"curies":[{"name":"t\u00f6\u00f6leht","href":"https:\/\/api.w.org\/{rel}","templated":true}]}}