{"id":10332,"date":"2025-02-08T12:35:24","date_gmt":"2025-02-08T10:35:24","guid":{"rendered":"https:\/\/candeebaar.ee\/?post_type=product&#038;p=10332"},"modified":"2026-04-01T07:21:39","modified_gmt":"2026-04-01T05:21:39","slug":"koogikott-90x90-100tk","status":"publish","type":"product","link":"https:\/\/candeebaar.ee\/et\/pood\/koogikott-90x90-100tk\/","title":{"rendered":"Lihav\u00f5ttekoogi kott 90\u00d790 100 tk"},"content":{"rendered":"<p>L\u00e4bipaistev lamedap\u00f5hjaline pol\u00fcprop\u00fcleenist kott koogile.<br \/>\nSobib kookidele m\u00f5\u00f5tmetega 90x90mm.<br \/>\nM\u00f5\u00f5dud: 30x18 cm<br \/>\n<strong>Koogivorme m\u00fc\u00fcakse eraldi.<\/strong><\/p>","protected":false},"excerpt":{"rendered":"<p>L\u00e4bipaistev lamedap\u00f5hjaline pol\u00fcprop\u00fcleenist kott koogile. Sobib kookidele m\u00f5\u00f5tmetega 90x90mm. Suurus: 30x18cm Koogivorme m\u00fc\u00fcakse eraldi.<\/p>","protected":false},"featured_media":6147,"template":"","meta":{"_seopress_robots_primary_cat":"none","_seopress_titles_title":"","_seopress_titles_desc":"","_seopress_robots_index":""},"product_brand":[],"product_cat":[178,15,95,106],"product_tag":[175],"class_list":{"0":"post-10332","1":"product","2":"type-product","3":"status-publish","4":"has-post-thumbnail","6":"product_cat-easter-products","7":"product_cat-all-products","8":"product_cat-plastic-and-paper-bags","9":"product_cat-new","10":"product_tag-easter","12":"first","13":"instock","14":"taxable","15":"shipping-taxable","16":"purchasable","17":"product-type-simple"},"_links":{"self":[{"href":"https:\/\/candeebaar.ee\/et\/wp-json\/wp\/v2\/product\/10332","targetHints":{"allow":["GET"]}}],"collection":[{"href":"https:\/\/candeebaar.ee\/et\/wp-json\/wp\/v2\/product"}],"about":[{"href":"https:\/\/candeebaar.ee\/et\/wp-json\/wp\/v2\/types\/product"}],"version-history":[{"count":2,"href":"https:\/\/candeebaar.ee\/et\/wp-json\/wp\/v2\/product\/10332\/revisions"}],"predecessor-version":[{"id":16082,"href":"https:\/\/candeebaar.ee\/et\/wp-json\/wp\/v2\/product\/10332\/revisions\/16082"}],"wp:featuredmedia":[{"embeddable":true,"href":"https:\/\/candeebaar.ee\/et\/wp-json\/wp\/v2\/media\/6147"}],"wp:attachment":[{"href":"https:\/\/candeebaar.ee\/et\/wp-json\/wp\/v2\/media?parent=10332"}],"wp:term":[{"taxonomy":"product_brand","embeddable":true,"href":"https:\/\/candeebaar.ee\/et\/wp-json\/wp\/v2\/product_brand?post=10332"},{"taxonomy":"product_cat","embeddable":true,"href":"https:\/\/candeebaar.ee\/et\/wp-json\/wp\/v2\/product_cat?post=10332"},{"taxonomy":"product_tag","embeddable":true,"href":"https:\/\/candeebaar.ee\/et\/wp-json\/wp\/v2\/product_tag?post=10332"}],"curies":[{"name":"t\u00f6\u00f6leht","href":"https:\/\/api.w.org\/{rel}","templated":true}]}}