{"id":10424,"date":"2025-02-14T09:18:12","date_gmt":"2025-02-14T07:18:12","guid":{"rendered":"https:\/\/candeebaar.ee\/?post_type=product&#038;p=10424"},"modified":"2026-03-21T14:36:52","modified_gmt":"2026-03-21T12:36:52","slug":"varviveski-beebisinine-20ml","status":"publish","type":"product","link":"https:\/\/candeebaar.ee\/et\/pood\/varviveski-beebisinine-20ml\/","title":{"rendered":"Baby Blue \u2013 Color Mill Oil Blend 20ml"},"content":{"rendered":"<p>Geeli baasil \u00f5line toiduv\u00e4rv sobib suurep\u00e4raselt \u0161okolaadi ja muude rasvamasside jaoks. Pange t\u00e4hele, et v\u00e4rv vajab lahustumiseks veidi aega, seega optimaalse tulemuse saavutamiseks lisage seda vaid v\u00e4ikestes kogustes.<br \/>\nKoostisosad:<br \/>\nGl\u00fctserool, rapsi\u00f5li, letsitiin, v\u00e4rvained (E132, E133)<br \/>\nTootmine: Austraalia<\/p>","protected":false},"excerpt":{"rendered":"<p>Geeli baasil \u00f5line toiduv\u00e4rv sobib suurep\u00e4raselt \u0161okolaadi ja muude rasvamasside jaoks. Pange t\u00e4hele, et v\u00e4rv vajab lahustumiseks veidi aega, seega optimaalse tulemuse saavutamiseks lisage seda vaid v\u00e4ikestes kogustes. Koostis: gl\u00fctserool, rapsi\u00f5li, letsitiin, v\u00e4rvained (E132, E133) Tootmine: Austraalia<\/p>","protected":false},"featured_media":10431,"template":"","meta":{"_seopress_robots_primary_cat":"none","_seopress_titles_title":"","_seopress_titles_desc":"Gel based oil food coloring is perfect for chocolate and other fat masses. Production: Australia","_seopress_robots_index":""},"product_brand":[],"product_cat":[15,176,106],"product_tag":[],"class_list":{"0":"post-10424","1":"product","2":"type-product","3":"status-publish","4":"has-post-thumbnail","6":"product_cat-all-products","7":"product_cat-gel-dyes-fat-soluble","8":"product_cat-new","10":"first","11":"instock","12":"taxable","13":"shipping-taxable","14":"purchasable","15":"product-type-simple"},"_links":{"self":[{"href":"https:\/\/candeebaar.ee\/et\/wp-json\/wp\/v2\/product\/10424","targetHints":{"allow":["GET"]}}],"collection":[{"href":"https:\/\/candeebaar.ee\/et\/wp-json\/wp\/v2\/product"}],"about":[{"href":"https:\/\/candeebaar.ee\/et\/wp-json\/wp\/v2\/types\/product"}],"version-history":[{"count":1,"href":"https:\/\/candeebaar.ee\/et\/wp-json\/wp\/v2\/product\/10424\/revisions"}],"predecessor-version":[{"id":10432,"href":"https:\/\/candeebaar.ee\/et\/wp-json\/wp\/v2\/product\/10424\/revisions\/10432"}],"wp:featuredmedia":[{"embeddable":true,"href":"https:\/\/candeebaar.ee\/et\/wp-json\/wp\/v2\/media\/10431"}],"wp:attachment":[{"href":"https:\/\/candeebaar.ee\/et\/wp-json\/wp\/v2\/media?parent=10424"}],"wp:term":[{"taxonomy":"product_brand","embeddable":true,"href":"https:\/\/candeebaar.ee\/et\/wp-json\/wp\/v2\/product_brand?post=10424"},{"taxonomy":"product_cat","embeddable":true,"href":"https:\/\/candeebaar.ee\/et\/wp-json\/wp\/v2\/product_cat?post=10424"},{"taxonomy":"product_tag","embeddable":true,"href":"https:\/\/candeebaar.ee\/et\/wp-json\/wp\/v2\/product_tag?post=10424"}],"curies":[{"name":"t\u00f6\u00f6leht","href":"https:\/\/api.w.org\/{rel}","templated":true}]}}