{"id":10502,"date":"2025-02-17T08:42:59","date_gmt":"2025-02-17T06:42:59","guid":{"rendered":"https:\/\/candeebaar.ee\/?post_type=product&#038;p=10502"},"modified":"2026-04-02T10:52:38","modified_gmt":"2026-04-02T08:52:38","slug":"vahvlipaber-0-35mm-a4-1-leht-2","status":"publish","type":"product","link":"https:\/\/candeebaar.ee\/et\/pood\/vahvlipaber-0-35mm-a4-1-leht-2\/","title":{"rendered":"Vahvlipaber 0,35mm A4 1 leht"},"content":{"rendered":"<p>Vahvlipaberit kasutatakse toiduainete tr\u00fckkimiseks ja s\u00f6\u00f6davate kaunistuste loomiseks.<br \/>\nSellel on sile (printimiseks) ja kare k\u00fclg.<br \/>\nPaksus: 0,35 mm<br \/>\nM\u00f5\u00f5dud: 210x297mm<br \/>\nKogus: 1tk<br \/>\nKaal (kokku): ~7g<br \/>\nToitev\u00e4\u00e4rtus 100 g kohta:<br \/>\n1589 kJ \/ 380 kcal<br \/>\nRasvad (k\u00fcllastunud): 3 g (0,4 g)<br \/>\nS\u00fcsivesikud: 88,1g<br \/>\nValgud: 0,1<br \/>\nKoostis: kartulit\u00e4rklis, vesi, oliivi\u00f5li.<br \/>\nHoida tihedalt suletud pakendis, jahedas pimedas kohas.<br \/>\nTootja: Saksamaa<\/p>","protected":false},"excerpt":{"rendered":"<p>Vahvlipaberit kasutatakse toiduainete tr\u00fckkimiseks ja s\u00f6\u00f6davate kaunistuste loomiseks. Sellel on sile (printimiseks) ja kare k\u00fclg. Paksus: 0,35mm Suurus: 210x297mm Kogus: 1tk Kaal (kokku): ~7g Toitev\u00e4\u00e4rtus 100g kohta: 1589kJ\/380kcal Rasvad (k\u00fcllastunud): 3g(0,4g) S\u00fcsivesikud: 88,1g, oliivit\u00e4rklis, koostis:1g, Pota. \u00f5li. Hoida tihedalt suletud pakendis, [\u2026]<\/p>","protected":false},"featured_media":10508,"template":"","meta":{"_seopress_robots_primary_cat":"none","_seopress_titles_title":"","_seopress_titles_desc":"","_seopress_robots_index":""},"product_brand":[],"product_cat":[15,105],"product_tag":[],"class_list":{"0":"post-10502","1":"product","2":"type-product","3":"status-publish","4":"has-post-thumbnail","6":"product_cat-all-products","7":"product_cat-edible-print","9":"first","10":"instock","11":"taxable","12":"shipping-taxable","13":"purchasable","14":"product-type-simple"},"_links":{"self":[{"href":"https:\/\/candeebaar.ee\/et\/wp-json\/wp\/v2\/product\/10502","targetHints":{"allow":["GET"]}}],"collection":[{"href":"https:\/\/candeebaar.ee\/et\/wp-json\/wp\/v2\/product"}],"about":[{"href":"https:\/\/candeebaar.ee\/et\/wp-json\/wp\/v2\/types\/product"}],"version-history":[{"count":2,"href":"https:\/\/candeebaar.ee\/et\/wp-json\/wp\/v2\/product\/10502\/revisions"}],"predecessor-version":[{"id":10511,"href":"https:\/\/candeebaar.ee\/et\/wp-json\/wp\/v2\/product\/10502\/revisions\/10511"}],"wp:featuredmedia":[{"embeddable":true,"href":"https:\/\/candeebaar.ee\/et\/wp-json\/wp\/v2\/media\/10508"}],"wp:attachment":[{"href":"https:\/\/candeebaar.ee\/et\/wp-json\/wp\/v2\/media?parent=10502"}],"wp:term":[{"taxonomy":"product_brand","embeddable":true,"href":"https:\/\/candeebaar.ee\/et\/wp-json\/wp\/v2\/product_brand?post=10502"},{"taxonomy":"product_cat","embeddable":true,"href":"https:\/\/candeebaar.ee\/et\/wp-json\/wp\/v2\/product_cat?post=10502"},{"taxonomy":"product_tag","embeddable":true,"href":"https:\/\/candeebaar.ee\/et\/wp-json\/wp\/v2\/product_tag?post=10502"}],"curies":[{"name":"t\u00f6\u00f6leht","href":"https:\/\/api.w.org\/{rel}","templated":true}]}}