{"id":10676,"date":"2025-02-26T08:57:15","date_gmt":"2025-02-26T06:57:15","guid":{"rendered":"https:\/\/candeebaar.ee\/?post_type=product&#038;p=10676"},"modified":"2026-04-13T13:50:21","modified_gmt":"2026-04-13T11:50:21","slug":"puistab-valged-ood","status":"publish","type":"product","link":"https:\/\/candeebaar.ee\/et\/pood\/puistab-valged-ood\/","title":{"rendered":"Sprinkles \u201cWhite Nights\u201d 45g"},"content":{"rendered":"<p>Puistad magustoitude kaunistamiseks. Pallidel on pehme \u0161okolaadip\u00f5hi<br \/>\nKaal: 45g<br \/>\nSuhkur, t\u00e4rklis (<b>NISU<\/b>, mais, kartul, riis), jahu (<b>NISU<\/b>,\u00a0<b>T\u00c4ISJAHU NISU<\/b>, linnased\u00a0<b>NISU<\/b>, riis),\u00a0<b>NISU\u00a0<\/b>manna,\u00a0<b>NISU\u00a0<\/b>gluteen, taime\u00f5lid (rapsiseemned, t\u00e4ielikult h\u00fcdrogeenitud rapsiseemned, kookosp\u00e4hkel), gl\u00fckoosisiirup, terve\u00a0<b>PIIM\u00a0<\/b>pulber, kakaov\u00f5i, kakaomass, l\u00f5hna- ja maitseaine, looduslik vanilje maitseaine, glasuuriaine (E901, E903), paksendaja (E414), emulgaator (letsitiin (p\u00e4evalill,\u00a0<b>SOJA)<\/b>, E473), eraldusaine (E553b), s\u00f6\u00f6gisooda (E500), sool. V\u00f5ib sisaldada j\u00e4lgi\u00a0<b>P\u00c4HKLID<\/b>.<br \/>\nSisu 100g kohta:<br \/>\nkcal: 440; kj: 1856; rasv: 10,1 g; millest k\u00fcllastunud rasvhappeid: 6g; s\u00fcsivesikud: 83,8g; millest suhkrud: 74,7g; valk: 2,7g; sool: 0,1 g<\/p>\n<p>Ei sobi alla 3-aastastele lastele.<br \/>\nTootja: Saksamaa<br \/>\nS\u00e4ilivusaeg: oktoober 2027<\/p>","protected":false},"excerpt":{"rendered":"<p>Puistad magustoitude kaunistamiseks. Pallid on pehme \u0161okolaadip\u00f5hjaga Kaal: 45g Suhkur, t\u00e4rklis (NISU, mais, kartul, riis), jahu (NISU, T\u00c4ISJAHU NISU, linnased NISU, riis), NISU manna, NISU gluteen, taime\u00f5lid (rapsiseemned, raps t\u00e4ielikult h\u00fcdrogeenitud, kookos-, butokossiirup), kakaomass, l\u00f5hna- ja maitseaine, naturaalne vanilje maitseaine, glasuuriaine (E901, E903), paksendaja (E414), emulgaator (letsitiin (p\u00e4evalill, SOJA), E473), eraldusaine [\u2026]<\/p>","protected":false},"featured_media":10700,"template":"","meta":{"_seopress_robots_primary_cat":"none","_seopress_titles_title":"","_seopress_titles_desc":"","_seopress_robots_index":""},"product_brand":[],"product_cat":[180,15,104,106],"product_tag":[],"class_list":{"0":"post-10676","1":"product","2":"type-product","3":"status-publish","4":"has-post-thumbnail","6":"product_cat-wedding-products","7":"product_cat-all-products","8":"product_cat-sprinkles","9":"product_cat-new","11":"first","12":"instock","13":"taxable","14":"shipping-taxable","15":"purchasable","16":"product-type-simple"},"_links":{"self":[{"href":"https:\/\/candeebaar.ee\/et\/wp-json\/wp\/v2\/product\/10676","targetHints":{"allow":["GET"]}}],"collection":[{"href":"https:\/\/candeebaar.ee\/et\/wp-json\/wp\/v2\/product"}],"about":[{"href":"https:\/\/candeebaar.ee\/et\/wp-json\/wp\/v2\/types\/product"}],"version-history":[{"count":3,"href":"https:\/\/candeebaar.ee\/et\/wp-json\/wp\/v2\/product\/10676\/revisions"}],"predecessor-version":[{"id":14181,"href":"https:\/\/candeebaar.ee\/et\/wp-json\/wp\/v2\/product\/10676\/revisions\/14181"}],"wp:featuredmedia":[{"embeddable":true,"href":"https:\/\/candeebaar.ee\/et\/wp-json\/wp\/v2\/media\/10700"}],"wp:attachment":[{"href":"https:\/\/candeebaar.ee\/et\/wp-json\/wp\/v2\/media?parent=10676"}],"wp:term":[{"taxonomy":"product_brand","embeddable":true,"href":"https:\/\/candeebaar.ee\/et\/wp-json\/wp\/v2\/product_brand?post=10676"},{"taxonomy":"product_cat","embeddable":true,"href":"https:\/\/candeebaar.ee\/et\/wp-json\/wp\/v2\/product_cat?post=10676"},{"taxonomy":"product_tag","embeddable":true,"href":"https:\/\/candeebaar.ee\/et\/wp-json\/wp\/v2\/product_tag?post=10676"}],"curies":[{"name":"t\u00f6\u00f6leht","href":"https:\/\/api.w.org\/{rel}","templated":true}]}}