{"id":10691,"date":"2025-02-26T09:03:26","date_gmt":"2025-02-26T07:03:26","guid":{"rendered":"https:\/\/candeebaar.ee\/?post_type=product&#038;p=10691"},"modified":"2026-03-29T21:20:57","modified_gmt":"2026-03-29T19:20:57","slug":"puistab-kullatilku","status":"publish","type":"product","link":"https:\/\/candeebaar.ee\/et\/pood\/puistab-kullatilku\/","title":{"rendered":"Sprinkles \u201cDrops of Gold\u201d 45g"},"content":{"rendered":"<p>Puistad magustoitude kaunistamiseks. Pallidel on pehme \u0161okolaadip\u00f5hi.<br \/>\nKaal: 45g<br \/>\nSuhkur, t\u00e4rklis (<b>NISU<\/b>, mais), jahu (<b>NISU<\/b>, linnased\u00a0<b>NISU<\/b>, riis),\u00a0<b>NISU<\/b>\u00a0manna,\u00a0<b>NISU<\/b>\u00a0gluteen, gl\u00fckoosisiirup, terve\u00a0<b>PIIM<\/b>\u00a0pulber, kakaov\u00f5i, kakaomass, v\u00e4rvaine (E160b, E174), looduslik vanilje maitseaine, glasuuriaine (E903, E904), paksendaja (E406, E414), emulgaator (letsitiin (<b>SOJA<\/b>), E473), \u017eelatiin (veiseliha,\u00a0<b>KALA<\/b>), vabastav aine (E470b), sool. V\u00f5ib sisaldada j\u00e4lgi\u00a0<b>P\u00c4HKLID<\/b>.<br \/>\nSisu 100g kohta:<br \/>\nkcal: 400; kj: 1700; rasv: 2,1 g; millest k\u00fcllastunud: 1,2g; s\u00fcsivesikud: 92,9g; millest suhkrud: 81,5g; valk: 2,1g; sool: 0,1 g<\/p>\n<p>Ei sobi alla 3-aastastele lastele.<br \/>\nTootja: Saksamaa<br \/>\nS\u00e4ilivusaeg: oktoober 2027<\/p>","protected":false},"excerpt":{"rendered":"<p>Puistad magustoitude kaunistamiseks. Pallidel on pehme \u0161okolaadip\u00f5hi. Kaal: 45g Suhkur, t\u00e4rklis (NISU, mais), jahu (NISU, linnased NISU, riis), NISU manna, NISU gluteen, gl\u00fckoosisiirup, t\u00e4ispiimapulber, kakaov\u00f5i, kakaomass, v\u00e4rvained (E160b, E174), looduslik vanilje maitseaine (E9403), paksendaja (E9403), (E406, E414), emulgaator (letsitiin (SOJA), E473), \u017eelatiin (veiseliha, KALA), eraldusaine (E470b), sool. V\u00f5ib sisaldada NUTSi j\u00e4lgi. [\u2026]<\/p>","protected":false},"featured_media":10699,"template":"","meta":{"_seopress_robots_primary_cat":"none","_seopress_titles_title":"","_seopress_titles_desc":"","_seopress_robots_index":""},"product_brand":[],"product_cat":[180,15,104,106],"product_tag":[],"class_list":{"0":"post-10691","1":"product","2":"type-product","3":"status-publish","4":"has-post-thumbnail","6":"product_cat-wedding-products","7":"product_cat-all-products","8":"product_cat-sprinkles","9":"product_cat-new","11":"first","12":"instock","13":"taxable","14":"shipping-taxable","15":"purchasable","16":"product-type-simple"},"_links":{"self":[{"href":"https:\/\/candeebaar.ee\/et\/wp-json\/wp\/v2\/product\/10691","targetHints":{"allow":["GET"]}}],"collection":[{"href":"https:\/\/candeebaar.ee\/et\/wp-json\/wp\/v2\/product"}],"about":[{"href":"https:\/\/candeebaar.ee\/et\/wp-json\/wp\/v2\/types\/product"}],"version-history":[{"count":5,"href":"https:\/\/candeebaar.ee\/et\/wp-json\/wp\/v2\/product\/10691\/revisions"}],"predecessor-version":[{"id":14180,"href":"https:\/\/candeebaar.ee\/et\/wp-json\/wp\/v2\/product\/10691\/revisions\/14180"}],"wp:featuredmedia":[{"embeddable":true,"href":"https:\/\/candeebaar.ee\/et\/wp-json\/wp\/v2\/media\/10699"}],"wp:attachment":[{"href":"https:\/\/candeebaar.ee\/et\/wp-json\/wp\/v2\/media?parent=10691"}],"wp:term":[{"taxonomy":"product_brand","embeddable":true,"href":"https:\/\/candeebaar.ee\/et\/wp-json\/wp\/v2\/product_brand?post=10691"},{"taxonomy":"product_cat","embeddable":true,"href":"https:\/\/candeebaar.ee\/et\/wp-json\/wp\/v2\/product_cat?post=10691"},{"taxonomy":"product_tag","embeddable":true,"href":"https:\/\/candeebaar.ee\/et\/wp-json\/wp\/v2\/product_tag?post=10691"}],"curies":[{"name":"t\u00f6\u00f6leht","href":"https:\/\/api.w.org\/{rel}","templated":true}]}}