{"id":10695,"date":"2025-02-26T09:09:53","date_gmt":"2025-02-26T07:09:53","guid":{"rendered":"https:\/\/candeebaar.ee\/?post_type=product&#038;p=10695"},"modified":"2026-04-13T19:07:18","modified_gmt":"2026-04-13T17:07:18","slug":"puistab-hobedasi-tilkasid","status":"publish","type":"product","link":"https:\/\/candeebaar.ee\/et\/pood\/puistab-hobedasi-tilkasid\/","title":{"rendered":"Sprinkles \u201cSilver Drops\u201d 45g"},"content":{"rendered":"<p>Puistad magustoitude kaunistamiseks. Pallidel on pehme \u0161okolaadip\u00f5hi.<br \/>\nKaal: 45g<br \/>\nSuhkur, t\u00e4rklis (<strong>NISU<\/strong>, mais, riis), jahu (<strong>NISU<\/strong>,\u00a0<strong>TERVE<\/strong>\u00a0<strong>JAGU NISU<\/strong>, linnased\u00a0<strong>NISU<\/strong>, riis),\u00a0<strong>NISU<\/strong>\u00a0manna,\u00a0<strong>NISU<\/strong>\u00a0gluteen, taime\u00f5lid (raps, kookos), gl\u00fckoosisiirup, terve\u00a0<strong>PIIM<\/strong>\u00a0pulber, kakaov\u00f5i, kakaomass, v\u00e4rvained (E160a, E173, E174), naturaalne vanilje maitseaine, glasuuriaine (E901, E903), paksendaja (E406, E414), emulgaator (letsitiin (<strong>SOJA<\/strong>), E473), \u017eelatiin (veiseliha), eraldusaine (E470b), s\u00f6\u00f6gisooda (E500), sool. V\u00f5ib sisaldada j\u00e4lgi\u00a0<strong>P\u00c4HKLID<\/strong>.<br \/>\nSisu 100g kohta:<br \/>\nkcal: 429 ; kj: 1815; rasv: 7,6 g; millest k\u00fcllastunud: 4,6g; s\u00fcsivesikud: 87,6g; millest suhkrud: 79,9g; valk: 2,2g; sool: 0,1 g<\/p>\n<p>Ei sobi alla 3-aastastele lastele.<br \/>\nTootja: Saksamaa<br \/>\nS\u00e4ilivusaeg: mai 2026<\/p>","protected":false},"excerpt":{"rendered":"<p>Puistad magustoitude kaunistamiseks. Pallidel on pehme \u0161okolaadip\u00f5hi. Kaal: 45g Suhkur, t\u00e4rklis (NISU, mais, riis), jahu (NISU, T\u00c4ISJAHUNISU, linnastatud NISU, riis), NISU manna, NISU gluteen, taime\u00f5lid (raps, kookos), gl\u00fckoosisiirup, T\u00c4ISPIIMA pulber, kakaov\u00f5i, v\u00e4rvaine, cocoE16, cocoE16. E174), looduslik vanilje maitseaine, glasuuriaine (E901, E903), paksendaja (E406, E414), emulgaator (letsitiin (SOJA), E473), \u017eelatiin (veiseliha), eraldusaine [\u2026]<\/p>","protected":false},"featured_media":10697,"template":"","meta":{"_seopress_robots_primary_cat":"none","_seopress_titles_title":"","_seopress_titles_desc":"","_seopress_robots_index":""},"product_brand":[],"product_cat":[180,15,104,106],"product_tag":[],"class_list":{"0":"post-10695","1":"product","2":"type-product","3":"status-publish","4":"has-post-thumbnail","6":"product_cat-wedding-products","7":"product_cat-all-products","8":"product_cat-sprinkles","9":"product_cat-new","11":"first","12":"instock","13":"taxable","14":"shipping-taxable","15":"purchasable","16":"product-type-simple"},"_links":{"self":[{"href":"https:\/\/candeebaar.ee\/et\/wp-json\/wp\/v2\/product\/10695","targetHints":{"allow":["GET"]}}],"collection":[{"href":"https:\/\/candeebaar.ee\/et\/wp-json\/wp\/v2\/product"}],"about":[{"href":"https:\/\/candeebaar.ee\/et\/wp-json\/wp\/v2\/types\/product"}],"version-history":[{"count":1,"href":"https:\/\/candeebaar.ee\/et\/wp-json\/wp\/v2\/product\/10695\/revisions"}],"predecessor-version":[{"id":10698,"href":"https:\/\/candeebaar.ee\/et\/wp-json\/wp\/v2\/product\/10695\/revisions\/10698"}],"wp:featuredmedia":[{"embeddable":true,"href":"https:\/\/candeebaar.ee\/et\/wp-json\/wp\/v2\/media\/10697"}],"wp:attachment":[{"href":"https:\/\/candeebaar.ee\/et\/wp-json\/wp\/v2\/media?parent=10695"}],"wp:term":[{"taxonomy":"product_brand","embeddable":true,"href":"https:\/\/candeebaar.ee\/et\/wp-json\/wp\/v2\/product_brand?post=10695"},{"taxonomy":"product_cat","embeddable":true,"href":"https:\/\/candeebaar.ee\/et\/wp-json\/wp\/v2\/product_cat?post=10695"},{"taxonomy":"product_tag","embeddable":true,"href":"https:\/\/candeebaar.ee\/et\/wp-json\/wp\/v2\/product_tag?post=10695"}],"curies":[{"name":"t\u00f6\u00f6leht","href":"https:\/\/api.w.org\/{rel}","templated":true}]}}