{"id":10701,"date":"2025-02-26T09:22:55","date_gmt":"2025-02-26T07:22:55","guid":{"rendered":"https:\/\/candeebaar.ee\/?post_type=product&#038;p=10701"},"modified":"2026-02-06T20:20:10","modified_gmt":"2026-02-06T18:20:10","slug":"puista-valgeid-sokolaadipalle-xl","status":"publish","type":"product","link":"https:\/\/candeebaar.ee\/et\/pood\/puista-valgeid-sokolaadipalle-xl\/","title":{"rendered":"Sprinkles \u201cWhite Chocoballs XL\u201d 45g"},"content":{"rendered":"<p>Puistad magustoitude kaunistamiseks. Pallid (ca 18mm l\u00e4bim\u00f5\u00f5duga) on pehme \u0161okolaadi- ja riisip\u00f5hjaga.<br \/>\nKaal: 45g<br \/>\nSuhkur, t\u00e4rklis (riis), jahu (<strong>NISU, T\u00c4ISJAHU NISU<\/strong>, linnased <strong>NISU<\/strong>), <strong>NISU<\/strong> gluteen, maltodekstriin, terve <strong>PIIM<\/strong> pulber, kakaov\u00f5i, kakaomass, naturaalne vanilje maitseaine, glasuuriaine (E903), paksendaja (E414), emulgaator (letsitiin (<strong>SOJA<\/strong>), E473), s\u00f6\u00f6gisoodat (E500), soola. V\u00f5ib sisaldada j\u00e4lgi <strong>P\u00c4HKLID<\/strong>.<br \/>\nSisu 100g kohta:<br \/>\nkcal: 472; kj: 1982; rasv: 17,2 g; millest k\u00fcllastunud rasvhappeid: 10,5g; s\u00fcsivesikud: 73,7g; millest suhkrud: 65,1g; valk: 4,4g; sool: 0,25 g<\/p>\n<p>Ei sobi alla 3-aastastele lastele.<br \/>\nTootja: Saksamaa<br \/>\nS\u00e4ilivusaeg: jaanuar 2027<\/p>","protected":false},"excerpt":{"rendered":"<p>Puistad magustoitude kaunistamiseks. Pallid (ca 18mm l\u00e4bim\u00f5\u00f5duga) on pehme \u0161okolaadi- ja riisip\u00f5hjaga. Kaal: 45 g Suhkur, t\u00e4rklis (riis), jahu (NISU, T\u00c4ISJAHUNISU, linnastatud NISU), NISU gluteen, maltodekstriin, T\u00c4ISPIIMA pulber, kakaov\u00f5i, kakaomass, naturaalne vanilje maitseaine, glasuuriaine (E903), paksendaja (E414), k\u00fcpsetusaine emulgaator (S3), OY (S) (E500), sool. mai [\u2026]<\/p>","protected":false},"featured_media":10677,"template":"","meta":{"_seopress_robots_primary_cat":"none","_seopress_titles_title":"","_seopress_titles_desc":"","_seopress_robots_index":""},"product_brand":[],"product_cat":[180,15,104],"product_tag":[],"class_list":{"0":"post-10701","1":"product","2":"type-product","3":"status-publish","4":"has-post-thumbnail","6":"product_cat-wedding-products","7":"product_cat-all-products","8":"product_cat-sprinkles","10":"first","11":"instock","12":"taxable","13":"shipping-taxable","14":"purchasable","15":"product-type-simple"},"_links":{"self":[{"href":"https:\/\/candeebaar.ee\/et\/wp-json\/wp\/v2\/product\/10701","targetHints":{"allow":["GET"]}}],"collection":[{"href":"https:\/\/candeebaar.ee\/et\/wp-json\/wp\/v2\/product"}],"about":[{"href":"https:\/\/candeebaar.ee\/et\/wp-json\/wp\/v2\/types\/product"}],"version-history":[{"count":4,"href":"https:\/\/candeebaar.ee\/et\/wp-json\/wp\/v2\/product\/10701\/revisions"}],"predecessor-version":[{"id":14178,"href":"https:\/\/candeebaar.ee\/et\/wp-json\/wp\/v2\/product\/10701\/revisions\/14178"}],"wp:featuredmedia":[{"embeddable":true,"href":"https:\/\/candeebaar.ee\/et\/wp-json\/wp\/v2\/media\/10677"}],"wp:attachment":[{"href":"https:\/\/candeebaar.ee\/et\/wp-json\/wp\/v2\/media?parent=10701"}],"wp:term":[{"taxonomy":"product_brand","embeddable":true,"href":"https:\/\/candeebaar.ee\/et\/wp-json\/wp\/v2\/product_brand?post=10701"},{"taxonomy":"product_cat","embeddable":true,"href":"https:\/\/candeebaar.ee\/et\/wp-json\/wp\/v2\/product_cat?post=10701"},{"taxonomy":"product_tag","embeddable":true,"href":"https:\/\/candeebaar.ee\/et\/wp-json\/wp\/v2\/product_tag?post=10701"}],"curies":[{"name":"t\u00f6\u00f6leht","href":"https:\/\/api.w.org\/{rel}","templated":true}]}}