{"id":10709,"date":"2025-02-26T09:53:30","date_gmt":"2025-02-26T07:53:30","guid":{"rendered":"https:\/\/candeebaar.ee\/?post_type=product&#038;p=10709"},"modified":"2025-05-02T08:49:38","modified_gmt":"2025-05-02T06:49:38","slug":"puistab-haid-lihavotteid","status":"publish","type":"product","link":"https:\/\/candeebaar.ee\/et\/pood\/puistab-haid-lihavotteid\/","title":{"rendered":"Sprinkles \u201cHappy Easter\u201d 45g"},"content":{"rendered":"<p>Puistad magustoitude kaunistamiseks. Pallidel on pehme \u0161okolaadip\u00f5hi.<br \/>\nKaal: 45g<br \/>\nSuhkur, t\u00e4rklis (<strong>NISU<\/strong>, mais, kartul, riis), jahu (<strong>NISU<\/strong>, riis), taime\u00f5lid (rapsiseemned, t\u00e4ielikult h\u00fcdrogeenitud rapsiseemned, kookosp\u00e4hkel), taimerasv (palmi\u00f5li), gl\u00fckoosisiirup, dekstroos, maltodekstriin, terve <strong>PIIM<\/strong> pulber, kakaov\u00f5i, kakaomass, v\u00e4rvained (E100, E102*, E110*, E120, E132, E133, E160a, E162, E172, E174), toiduv\u00e4rv (\u00f5unakontsentraat, \u00f5unamahl, must s\u00f5star, porgandimahl, paprika, saspirinaf, redis acerola cherry), l\u00f5hna- ja maitseaine, vanilje maitseaine, glasuuriaine (E901, E903, E904), paksendaja (E414), emulgaator (letsitiin (p\u00e4evalill, rapsiseemned, <strong>SOJA<\/strong>), E473), \u017eelatiin (veiseliha), eraldusaine (E470b, E553b). V\u00f5ib sisaldada j\u00e4lgi<strong> P\u00c4HKLID<\/strong>. *\u201cE102, E110: v\u00f5ib avaldada kahjulikku m\u00f5ju laste aktiivsusele ja t\u00e4helepanuv\u00f5imele\u201d.<br \/>\nSisu 100g kohta:<br \/>\nKcal: 396; Kj: 1673; Rasv: 2,3g; millest k\u00fcllastunud: 1,5g; S\u00fcsivesikud: 92,6g; millest suhkrut: 74,7; Valk: 0,5g; Sool: 0,0 g<\/p>\n<p>Ei sobi alla 3-aastastele lastele.<br \/>\nTootja: Saksamaa<br \/>\nS\u00e4ilivusaeg: aprill 2026<\/p>","protected":false},"excerpt":{"rendered":"<p>Puistad magustoitude kaunistamiseks. Pallidel on pehme \u0161okolaadip\u00f5hi. Kaal: 45g Suhkur, t\u00e4rklis (NISU, mais, kartul, riis), jahu (NISU, riis), taime\u00f5lid (raps, t\u00e4ielikult h\u00fcdrogeenitud rapsiseemned, kookos), taimerasv (palmi\u00f5li), gl\u00fckoosisiirup, dekstroos, maltodekstriin, T\u00c4ISPIIMApulber, kakaov\u00f5i, v\u00e4rvaine, E10,20,0,0 E110*, E120, E132, E133, E160a, E162, E172, E174), [\u2026]<\/p>","protected":false},"featured_media":10712,"template":"","meta":{"_seopress_robots_primary_cat":"none","_seopress_titles_title":"","_seopress_titles_desc":"","_seopress_robots_index":""},"product_brand":[],"product_cat":[178,15,104],"product_tag":[175],"class_list":{"0":"post-10709","1":"product","2":"type-product","3":"status-publish","4":"has-post-thumbnail","6":"product_cat-easter-products","7":"product_cat-all-products","8":"product_cat-sprinkles","9":"product_tag-easter","11":"first","12":"outofstock","13":"taxable","14":"shipping-taxable","15":"purchasable","16":"product-type-simple"},"_links":{"self":[{"href":"https:\/\/candeebaar.ee\/et\/wp-json\/wp\/v2\/product\/10709","targetHints":{"allow":["GET"]}}],"collection":[{"href":"https:\/\/candeebaar.ee\/et\/wp-json\/wp\/v2\/product"}],"about":[{"href":"https:\/\/candeebaar.ee\/et\/wp-json\/wp\/v2\/types\/product"}],"version-history":[{"count":1,"href":"https:\/\/candeebaar.ee\/et\/wp-json\/wp\/v2\/product\/10709\/revisions"}],"predecessor-version":[{"id":10711,"href":"https:\/\/candeebaar.ee\/et\/wp-json\/wp\/v2\/product\/10709\/revisions\/10711"}],"wp:featuredmedia":[{"embeddable":true,"href":"https:\/\/candeebaar.ee\/et\/wp-json\/wp\/v2\/media\/10712"}],"wp:attachment":[{"href":"https:\/\/candeebaar.ee\/et\/wp-json\/wp\/v2\/media?parent=10709"}],"wp:term":[{"taxonomy":"product_brand","embeddable":true,"href":"https:\/\/candeebaar.ee\/et\/wp-json\/wp\/v2\/product_brand?post=10709"},{"taxonomy":"product_cat","embeddable":true,"href":"https:\/\/candeebaar.ee\/et\/wp-json\/wp\/v2\/product_cat?post=10709"},{"taxonomy":"product_tag","embeddable":true,"href":"https:\/\/candeebaar.ee\/et\/wp-json\/wp\/v2\/product_tag?post=10709"}],"curies":[{"name":"t\u00f6\u00f6leht","href":"https:\/\/api.w.org\/{rel}","templated":true}]}}