{"id":10714,"date":"2025-02-26T10:32:37","date_gmt":"2025-02-26T08:32:37","guid":{"rendered":"https:\/\/candeebaar.ee\/?post_type=product&#038;p=10714"},"modified":"2026-04-07T13:29:37","modified_gmt":"2026-04-07T11:29:37","slug":"puistab-peidetud-mune","status":"publish","type":"product","link":"https:\/\/candeebaar.ee\/et\/pood\/puistab-peidetud-mune\/","title":{"rendered":"Puistad \u201cPeidetud munad\u201d 45g"},"content":{"rendered":"<p>Puistad magustoitude kaunistamiseks. Pallidel on pehme \u0161okolaadip\u00f5hi.<br \/>\nKaal: 45g<br \/>\nSuhkur, t\u00e4rklis (mais), taimne rasv (palmi\u00f5li), gl\u00fckoosisiirup, dekstroos, maltodekstriin, v\u00e4rvained (E100, E102*, E133, E160a, E162), l\u00f5hna- ja maitseained, glasuuriained (E903, E904), paksendaja (E414), eraldusaine (7E) emulgaator (0). V\u00f5ib sisaldada j\u00e4lgi\u00a0<strong>GLUTEEN<\/strong>,\u00a0<strong>P\u00c4HKLID<\/strong>,\u00a0<strong>SOJA<\/strong>\u00a0ja\u00a0<strong>PIIM<\/strong>. *&quot;E102: v\u00f5ib avaldada kahjulikku m\u00f5ju laste aktiivsusele ja t\u00e4helepanuv\u00f5imele&quot;.<br \/>\nSisu 100g kohta:<br \/>\nkcal: 383; kj: 1604; rasv: 0,5 g; millest k\u00fcllastunud rasvhappeid: 0,5g; s\u00fcsivesikud: 91,3g; millest suhkrud: 61,2g; valk: 0,3g; sool: 0,1 g<\/p>\n<p>Ei sobi alla 3-aastastele lastele.<br \/>\nTootja: Saksamaa<br \/>\nS\u00e4ilivusaeg: august 2028<\/p>","protected":false},"excerpt":{"rendered":"<p>Puistad magustoitude kaunistamiseks. Pallidel on pehme \u0161okolaadip\u00f5hi. Kaal: 45 g Suhkur, t\u00e4rklis (mais), taimerasv (palmi\u00f5li), gl\u00fckoosisiirup, dekstroos, maltodekstriin, v\u00e4rvained (E100, E102*, E133, E160a, E162), l\u00f5hna- ja maitseaine, glasuuriaine (E903, E904), paksendaja (E41)emuleerija (4) (E470b). V\u00f5ib sisaldada GLUTEENI, P\u00c4HKLITE, SOJA ja PIIMA j\u00e4lgi. *&quot;E102: v\u00f5ib avaldada kahjulikku m\u00f5ju aktiivsusele [\u2026]<\/p>","protected":false},"featured_media":10680,"template":"","meta":{"_seopress_robots_primary_cat":"none","_seopress_titles_title":"","_seopress_titles_desc":"","_seopress_robots_index":""},"product_brand":[],"product_cat":[178,15,104],"product_tag":[175],"class_list":{"0":"post-10714","1":"product","2":"type-product","3":"status-publish","4":"has-post-thumbnail","6":"product_cat-easter-products","7":"product_cat-all-products","8":"product_cat-sprinkles","9":"product_tag-easter","11":"first","12":"instock","13":"taxable","14":"shipping-taxable","15":"purchasable","16":"product-type-simple"},"_links":{"self":[{"href":"https:\/\/candeebaar.ee\/et\/wp-json\/wp\/v2\/product\/10714","targetHints":{"allow":["GET"]}}],"collection":[{"href":"https:\/\/candeebaar.ee\/et\/wp-json\/wp\/v2\/product"}],"about":[{"href":"https:\/\/candeebaar.ee\/et\/wp-json\/wp\/v2\/types\/product"}],"version-history":[{"count":3,"href":"https:\/\/candeebaar.ee\/et\/wp-json\/wp\/v2\/product\/10714\/revisions"}],"predecessor-version":[{"id":15823,"href":"https:\/\/candeebaar.ee\/et\/wp-json\/wp\/v2\/product\/10714\/revisions\/15823"}],"wp:featuredmedia":[{"embeddable":true,"href":"https:\/\/candeebaar.ee\/et\/wp-json\/wp\/v2\/media\/10680"}],"wp:attachment":[{"href":"https:\/\/candeebaar.ee\/et\/wp-json\/wp\/v2\/media?parent=10714"}],"wp:term":[{"taxonomy":"product_brand","embeddable":true,"href":"https:\/\/candeebaar.ee\/et\/wp-json\/wp\/v2\/product_brand?post=10714"},{"taxonomy":"product_cat","embeddable":true,"href":"https:\/\/candeebaar.ee\/et\/wp-json\/wp\/v2\/product_cat?post=10714"},{"taxonomy":"product_tag","embeddable":true,"href":"https:\/\/candeebaar.ee\/et\/wp-json\/wp\/v2\/product_tag?post=10714"}],"curies":[{"name":"t\u00f6\u00f6leht","href":"https:\/\/api.w.org\/{rel}","templated":true}]}}