{"id":10717,"date":"2025-02-26T10:46:38","date_gmt":"2025-02-26T08:46:38","guid":{"rendered":"https:\/\/candeebaar.ee\/?post_type=product&#038;p=10717"},"modified":"2025-05-02T08:49:29","modified_gmt":"2025-05-02T06:49:29","slug":"puistab-vutimune-realistlik","status":"publish","type":"product","link":"https:\/\/candeebaar.ee\/et\/pood\/puistab-vutimune-realistlik\/","title":{"rendered":"Puistad \u201cVutimunad\u201d 45g"},"content":{"rendered":"<p>Puistad magustoitude kaunistamiseks. Munad (20*25mm) on pehme ja maitsva \u0161okolaadi\/martsipani p\u00f5hjaga.<br \/>\nKaal: 45g (+-3g)<br \/>\nSuhkur, kakaov\u00f5i, kakaomass, terve\u00a0<strong>PIIM<\/strong>\u00a0pulber,\u00a0<strong>MANDLID<\/strong>, t\u00e4rklis (riis),\u00a0<strong>KREEM<\/strong>, mokalik\u00f6\u00f6r (3%), gl\u00fckoosisiirup, amaretto lik\u00f6\u00f6r (0,8%), invertsuhkrusiirup,\u00a0<strong>PIIM<\/strong>\u00a0suhkur, kooritud\u00a0<strong>PIIM<\/strong>\u00a0pulber,\u00a0<strong>VADAK<\/strong>\u00a0pulber, v\u00e4rvained (E100, E141, E172), looduslik l\u00f5hna- ja maitseaine, vaniljeekstrakt, paksendaja (E414), emulgaator (letsitiin (<strong>SOJA<\/strong>)), niiskuses\u00e4ilitaja (invertaas), r\u00f6stitud kohv (0,27%), taime\u00f5lid (rapsiseemned, kookosp\u00e4hklid). V\u00f5ib sisaldada j\u00e4lgi\u00a0<strong>GLUTEEN<\/strong>,\u00a0<strong>MAAP\u00c4HKLID<\/strong>\u00a0ja muud\u00a0<strong>P\u00c4HKLID<\/strong>.<br \/>\nSisu 100g kohta:<br \/>\nkcal: 424; kj: 1783; rasv: 13,1 g; millest k\u00fcllastunud rasvhappeid: 5,9g; s\u00fcsivesikud: 72g; millest suhkrud: 67g; valk: 3,5 g; sool: 0,1 g<\/p>\n<p>Ei sobi alla 3-aastastele lastele.<br \/>\nTootja: Saksamaa<br \/>\nS\u00e4ilivusaeg: jaanuar 2026<\/p>","protected":false},"excerpt":{"rendered":"<p>Puistad magustoitude kaunistamiseks. Munad (20*25mm) on pehme ja maitsva \u0161okolaadi\/martsipani p\u00f5hjaga. Kaal: 45g(+-3g) Suhkur, kakaov\u00f5i, kakaomass, T\u00c4ISPIIMApulber, MANDLID, t\u00e4rklis (riis), KOOR, mokalik\u00f6\u00f6r (3%), gl\u00fckoosisiirup, amaretto lik\u00f6\u00f6r (0,8%), invertsuhkrusiirup, PIIMPIIMApulber, v\u00e4rvaine, WHEY10LK0, kooritud E141, E172), looduslik l\u00f5hna- ja maitseaine, vaniljeekstrakt, paksendaja (E414), emulgaator (letsitiin (SOJA)), niiskuses\u00e4ilitaja (invertaas), r\u00f6stitud kohv (0,27%), taime\u00f5lid [\u2026]<\/p>","protected":false},"featured_media":10687,"template":"","meta":{"_seopress_robots_primary_cat":"none","_seopress_titles_title":"","_seopress_titles_desc":"","_seopress_robots_index":""},"product_brand":[],"product_cat":[178,15,104],"product_tag":[175],"class_list":{"0":"post-10717","1":"product","2":"type-product","3":"status-publish","4":"has-post-thumbnail","6":"product_cat-easter-products","7":"product_cat-all-products","8":"product_cat-sprinkles","9":"product_tag-easter","11":"first","12":"outofstock","13":"taxable","14":"shipping-taxable","15":"purchasable","16":"product-type-simple"},"_links":{"self":[{"href":"https:\/\/candeebaar.ee\/et\/wp-json\/wp\/v2\/product\/10717","targetHints":{"allow":["GET"]}}],"collection":[{"href":"https:\/\/candeebaar.ee\/et\/wp-json\/wp\/v2\/product"}],"about":[{"href":"https:\/\/candeebaar.ee\/et\/wp-json\/wp\/v2\/types\/product"}],"version-history":[{"count":2,"href":"https:\/\/candeebaar.ee\/et\/wp-json\/wp\/v2\/product\/10717\/revisions"}],"predecessor-version":[{"id":10719,"href":"https:\/\/candeebaar.ee\/et\/wp-json\/wp\/v2\/product\/10717\/revisions\/10719"}],"wp:featuredmedia":[{"embeddable":true,"href":"https:\/\/candeebaar.ee\/et\/wp-json\/wp\/v2\/media\/10687"}],"wp:attachment":[{"href":"https:\/\/candeebaar.ee\/et\/wp-json\/wp\/v2\/media?parent=10717"}],"wp:term":[{"taxonomy":"product_brand","embeddable":true,"href":"https:\/\/candeebaar.ee\/et\/wp-json\/wp\/v2\/product_brand?post=10717"},{"taxonomy":"product_cat","embeddable":true,"href":"https:\/\/candeebaar.ee\/et\/wp-json\/wp\/v2\/product_cat?post=10717"},{"taxonomy":"product_tag","embeddable":true,"href":"https:\/\/candeebaar.ee\/et\/wp-json\/wp\/v2\/product_tag?post=10717"}],"curies":[{"name":"t\u00f6\u00f6leht","href":"https:\/\/api.w.org\/{rel}","templated":true}]}}