{"id":10720,"date":"2025-02-26T10:57:24","date_gmt":"2025-02-26T08:57:24","guid":{"rendered":"https:\/\/candeebaar.ee\/?post_type=product&#038;p=10720"},"modified":"2026-04-07T13:29:37","modified_gmt":"2026-04-07T11:29:37","slug":"puistab-vutimunad-pastell","status":"publish","type":"product","link":"https:\/\/candeebaar.ee\/et\/pood\/puistab-vutimunad-pastell\/","title":{"rendered":"Sprinkles \u201cVutimunade pastell\u201d 50g"},"content":{"rendered":"<p>Magustoitude kaunistamiseks m\u00f5eldud puisted. Munadel (u 20*25mm, 6tk) on pehme ja maitsev \u0161okolaadi-\/martsipanip\u00f5hi.<br \/>\nKaal: 50g (+-3g)<\/p>\n<p>Suhkur, kakaov\u00f5i, kakaomass, terve\u00a0<strong>PIIM<\/strong>\u00a0pulber,\u00a0<strong>MANDLID<\/strong>, t\u00e4rklis (riis),\u00a0<strong>KREEM<\/strong>, marc de champagne (5%), gl\u00fckoosisiirup, amaretto lik\u00f6\u00f6r (0,8%), invertsuhkrusiirup,\u00a0<strong>PIIM<\/strong>\u00a0suhkur, kooritud\u00a0<strong>PIIM<\/strong>\u00a0pulber,\u00a0<strong>VADAK<\/strong>\u00a0pulber, v\u00e4rvained (E100, E120, E132, E141, E172), looduslik l\u00f5hna- ja maitseaine, vaniljeekstrakt, paksendaja (E414, E466), emulgaator (letsitiin (<strong>SOJA<\/strong>)), niiskuses\u00e4ilitaja (invertaas), taime\u00f5lid (raps, kookos). V\u00f5ib sisaldada j\u00e4lgi\u00a0<strong>GLUTEEN<\/strong>,\u00a0<strong>MAAP\u00c4HKLID<\/strong>\u00a0ja muud\u00a0<strong>P\u00c4HKLID<\/strong>.<br \/>\nSisu 100g kohta:<br \/>\nkcal: 425; kj: 1790; rasv: 13,1 g; millest k\u00fcllastunud rasvhappeid: 5,9g; s\u00fcsivesikud: 72,5g; millest suhkrud: 67,5g; valk: 3,6g; sool: 0,1 g<\/p>\n<p>Ei sobi alla 3-aastastele lastele.<br \/>\nTootja: Saksamaa<br \/>\nS\u00e4ilivusaeg: detsember 2027<\/p>","protected":false},"excerpt":{"rendered":"<p>Magustoitude kaunistamiseks m\u00f5eldud puisted. Munad (umbes 20*25mm, 6tk) on pehme ja maitsva \u0161okolaadi\/martsipanip\u00f5hjaga. Kaal: 50g(+-3g) Suhkur, kakaov\u00f5i, kakaomass, t\u00e4ispiimapulber, MANDLID, riisit\u00e4rklis, KOOR, \u0161ampanjaj\u00e4\u00e4tis (5%), gl\u00fckoosisiirup, amaretto lik\u00f6\u00f6r (0,8%), invertsuhkrusiirup, PIIMASuhkur, l\u00f5ssipulber, vadakupulber, v\u00e4rvained (E100, E120, E132, E141, E172), looduslik l\u00f5hna- ja maitseaine, vaniljeekstrakt, paksendaja (E414, E466), emulgaator (letsitiin (SOJA)), niiskuses\u00e4ilitaja [\u2026]<\/p>","protected":false},"featured_media":15515,"template":"","meta":{"_seopress_robots_primary_cat":"none","_seopress_titles_title":"","_seopress_titles_desc":"","_seopress_robots_index":""},"product_brand":[],"product_cat":[178,15,104,109],"product_tag":[175],"class_list":{"0":"post-10720","1":"product","2":"type-product","3":"status-publish","4":"has-post-thumbnail","6":"product_cat-easter-products","7":"product_cat-all-products","8":"product_cat-sprinkles","9":"product_cat-sale","10":"product_tag-easter","12":"first","13":"instock","14":"sale","15":"taxable","16":"shipping-taxable","17":"purchasable","18":"product-type-simple"},"_links":{"self":[{"href":"https:\/\/candeebaar.ee\/et\/wp-json\/wp\/v2\/product\/10720","targetHints":{"allow":["GET"]}}],"collection":[{"href":"https:\/\/candeebaar.ee\/et\/wp-json\/wp\/v2\/product"}],"about":[{"href":"https:\/\/candeebaar.ee\/et\/wp-json\/wp\/v2\/types\/product"}],"version-history":[{"count":4,"href":"https:\/\/candeebaar.ee\/et\/wp-json\/wp\/v2\/product\/10720\/revisions"}],"predecessor-version":[{"id":15516,"href":"https:\/\/candeebaar.ee\/et\/wp-json\/wp\/v2\/product\/10720\/revisions\/15516"}],"wp:featuredmedia":[{"embeddable":true,"href":"https:\/\/candeebaar.ee\/et\/wp-json\/wp\/v2\/media\/15515"}],"wp:attachment":[{"href":"https:\/\/candeebaar.ee\/et\/wp-json\/wp\/v2\/media?parent=10720"}],"wp:term":[{"taxonomy":"product_brand","embeddable":true,"href":"https:\/\/candeebaar.ee\/et\/wp-json\/wp\/v2\/product_brand?post=10720"},{"taxonomy":"product_cat","embeddable":true,"href":"https:\/\/candeebaar.ee\/et\/wp-json\/wp\/v2\/product_cat?post=10720"},{"taxonomy":"product_tag","embeddable":true,"href":"https:\/\/candeebaar.ee\/et\/wp-json\/wp\/v2\/product_tag?post=10720"}],"curies":[{"name":"t\u00f6\u00f6leht","href":"https:\/\/api.w.org\/{rel}","templated":true}]}}