{"id":10742,"date":"2025-02-26T16:57:52","date_gmt":"2025-02-26T14:57:52","guid":{"rendered":"https:\/\/candeebaar.ee\/?post_type=product&#038;p=10742"},"modified":"2026-03-26T10:17:20","modified_gmt":"2026-03-26T08:17:20","slug":"kinkekarp-18124-piparmundiroheline","status":"publish","type":"product","link":"https:\/\/candeebaar.ee\/et\/pood\/kinkekarp-18124-piparmundiroheline\/","title":{"rendered":"Kinkekarp 18*12*4cm piparm\u00fcndiroheline"},"content":{"rendered":"<p>Kena v\u00e4limusega l\u00e4bipaistva kaanega pappkarp.<br \/>\nM\u00e4rkus: kaas l\u00e4heb kasti sisse<br \/>\nV\u00e4rv: piparm\u00fcndiroheline<br \/>\nM\u00f5\u00f5dud: 178*118*40mm<\/p>","protected":false},"excerpt":{"rendered":"<p>Kena v\u00e4limusega l\u00e4bipaistva kaanega pappkarp. M\u00e4rkus: kaas l\u00e4heb karbi sisse V\u00e4rv: piparm\u00fcndiroheline Suurus: 178*118*40mm<\/p>","protected":false},"featured_media":10745,"template":"","meta":{"_seopress_robots_primary_cat":"none","_seopress_titles_title":"","_seopress_titles_desc":"","_seopress_robots_index":""},"product_brand":[],"product_cat":[153,154,156,93,106],"product_tag":[],"class_list":{"0":"post-10742","1":"product","2":"type-product","3":"status-publish","4":"has-post-thumbnail","6":"product_cat-candy-boxes","7":"product_cat-different-style","8":"product_cat-low-boxes","9":"product_cat-gift-packaging","10":"product_cat-new","12":"first","13":"instock","14":"taxable","15":"shipping-taxable","16":"purchasable","17":"product-type-simple"},"_links":{"self":[{"href":"https:\/\/candeebaar.ee\/et\/wp-json\/wp\/v2\/product\/10742","targetHints":{"allow":["GET"]}}],"collection":[{"href":"https:\/\/candeebaar.ee\/et\/wp-json\/wp\/v2\/product"}],"about":[{"href":"https:\/\/candeebaar.ee\/et\/wp-json\/wp\/v2\/types\/product"}],"version-history":[{"count":1,"href":"https:\/\/candeebaar.ee\/et\/wp-json\/wp\/v2\/product\/10742\/revisions"}],"predecessor-version":[{"id":10748,"href":"https:\/\/candeebaar.ee\/et\/wp-json\/wp\/v2\/product\/10742\/revisions\/10748"}],"wp:featuredmedia":[{"embeddable":true,"href":"https:\/\/candeebaar.ee\/et\/wp-json\/wp\/v2\/media\/10745"}],"wp:attachment":[{"href":"https:\/\/candeebaar.ee\/et\/wp-json\/wp\/v2\/media?parent=10742"}],"wp:term":[{"taxonomy":"product_brand","embeddable":true,"href":"https:\/\/candeebaar.ee\/et\/wp-json\/wp\/v2\/product_brand?post=10742"},{"taxonomy":"product_cat","embeddable":true,"href":"https:\/\/candeebaar.ee\/et\/wp-json\/wp\/v2\/product_cat?post=10742"},{"taxonomy":"product_tag","embeddable":true,"href":"https:\/\/candeebaar.ee\/et\/wp-json\/wp\/v2\/product_tag?post=10742"}],"curies":[{"name":"t\u00f6\u00f6leht","href":"https:\/\/api.w.org\/{rel}","templated":true}]}}