{"id":10784,"date":"2025-02-27T10:56:18","date_gmt":"2025-02-27T08:56:18","guid":{"rendered":"https:\/\/candeebaar.ee\/?post_type=product&#038;p=10784"},"modified":"2026-01-26T09:59:03","modified_gmt":"2026-01-26T07:59:03","slug":"mandlilaastud","status":"publish","type":"product","link":"https:\/\/candeebaar.ee\/et\/pood\/mandlilaastud\/","title":{"rendered":"Mandlilaastud 100g"},"content":{"rendered":"<p>Toored, soolamata mandlihelbed.<br \/>\nLooduslik tervislik toode, mis sobib erinevateks rakendusteks.<br \/>\nKoostisosad: mandel 100%<br \/>\nKaal: 100g<br \/>\nSisu 100g kohta:<br \/>\nToitev\u00e4\u00e4rtus: 2528kJ\/602kcal<br \/>\nRasvad (k\u00fcllastunud): 50,6 g (3,9 g)<br \/>\nS\u00fcsivesikud (suhkrud): 9,5 g (5 g)<br \/>\nValgud: 21,9 g<br \/>\nKiudained: 10,4g<br \/>\nSool: 0,07 g (sisaldus v\u00f5ib veidi erineda)<br \/>\nP\u00e4ritolu: USA<br \/>\nS\u00e4ilivusaeg: 22.02.2026<\/p>","protected":false},"excerpt":{"rendered":"<p>Toored, soolamata mandlihelbed. Looduslik tervislik toode, mis sobib erinevateks rakendusteks. Koostis: mandel 100% Mass: 100g Sisu 100g kohta: Toitev\u00e4\u00e4rtus: 2528kJ\/602kcal Rasvad (k\u00fcllastunud): 50,6g (3,9g) S\u00fcsivesikud (suhkrud): 9,5g (5g) Valgud: 21,0 g soola .190 g. (sisu v\u00f5ib veidi erineda) P\u00e4ritolu: USA S\u00e4ilivusaeg: 22.02.2026<\/p>","protected":false},"featured_media":10770,"template":"","meta":{"_seopress_robots_primary_cat":"none","_seopress_titles_title":"","_seopress_titles_desc":"","_seopress_robots_index":""},"product_brand":[],"product_cat":[15,101,106],"product_tag":[],"class_list":{"0":"post-10784","1":"product","2":"type-product","3":"status-publish","4":"has-post-thumbnail","6":"product_cat-all-products","7":"product_cat-nut-products","8":"product_cat-new","10":"first","11":"outofstock","12":"taxable","13":"shipping-taxable","14":"purchasable","15":"product-type-simple"},"_links":{"self":[{"href":"https:\/\/candeebaar.ee\/et\/wp-json\/wp\/v2\/product\/10784","targetHints":{"allow":["GET"]}}],"collection":[{"href":"https:\/\/candeebaar.ee\/et\/wp-json\/wp\/v2\/product"}],"about":[{"href":"https:\/\/candeebaar.ee\/et\/wp-json\/wp\/v2\/types\/product"}],"version-history":[{"count":1,"href":"https:\/\/candeebaar.ee\/et\/wp-json\/wp\/v2\/product\/10784\/revisions"}],"predecessor-version":[{"id":10786,"href":"https:\/\/candeebaar.ee\/et\/wp-json\/wp\/v2\/product\/10784\/revisions\/10786"}],"wp:featuredmedia":[{"embeddable":true,"href":"https:\/\/candeebaar.ee\/et\/wp-json\/wp\/v2\/media\/10770"}],"wp:attachment":[{"href":"https:\/\/candeebaar.ee\/et\/wp-json\/wp\/v2\/media?parent=10784"}],"wp:term":[{"taxonomy":"product_brand","embeddable":true,"href":"https:\/\/candeebaar.ee\/et\/wp-json\/wp\/v2\/product_brand?post=10784"},{"taxonomy":"product_cat","embeddable":true,"href":"https:\/\/candeebaar.ee\/et\/wp-json\/wp\/v2\/product_cat?post=10784"},{"taxonomy":"product_tag","embeddable":true,"href":"https:\/\/candeebaar.ee\/et\/wp-json\/wp\/v2\/product_tag?post=10784"}],"curies":[{"name":"t\u00f6\u00f6leht","href":"https:\/\/api.w.org\/{rel}","templated":true}]}}