{"id":10788,"date":"2025-02-27T11:15:14","date_gmt":"2025-02-27T09:15:14","guid":{"rendered":"https:\/\/candeebaar.ee\/?post_type=product&#038;p=10788"},"modified":"2025-10-31T06:01:19","modified_gmt":"2025-10-31T04:01:19","slug":"kookoshelbed-200g","status":"publish","type":"product","link":"https:\/\/candeebaar.ee\/et\/pood\/kookoshelbed-200g\/","title":{"rendered":"Kookoshelbed 200g"},"content":{"rendered":"<p>Kookoshelbed (2-5mm).<br \/>\nLooduslik tervislik toode, mis sobib erinevateks rakendusteks.<br \/>\nKoostisosad: kookosp\u00e4hkel 100%<br \/>\nKaal: 100g<br \/>\nSisu 100g kohta:<br \/>\nToitev\u00e4\u00e4rtus: 2720kJ\/661kcal<br \/>\nRasvad (k\u00fcllastunud): 63,2 g (53,25 g)<br \/>\nS\u00fcsivesikud (suhkrud): 5,9 g (5,6 g)<br \/>\nValgud: 6,6 g<br \/>\nKiudained: 21,1g<br \/>\nSool: 0,07 g (sisaldus v\u00f5ib veidi erineda)<br \/>\nP\u00e4ritolu: Sri Lanka<br \/>\nS\u00e4ilivusaeg: 04.2026<\/p>","protected":false},"excerpt":{"rendered":"<p>Kookoshelbed (2-5mm). Looduslik tervislik toode, mis sobib erinevateks rakendusteks. Koostis: kookosp\u00e4hkel 100% Mass: 100g Sisu 100g kohta: Toitev\u00e4\u00e4rtus: 2720kJ\/661kcal Rasvad (k\u00fcllastunud): 63,2g (53,25g) S\u00fcsivesikud (suhkrud): 5,9g (5,6g) Valgud .21:1g:6t 0,07 g (sisu v\u00f5ib veidi erineda) P\u00e4ritolu: Sri Lanka S\u00e4ilivusaeg: 04.2026<\/p>","protected":false},"featured_media":10771,"template":"","meta":{"_seopress_robots_primary_cat":"none","_seopress_titles_title":"","_seopress_titles_desc":"","_seopress_robots_index":""},"product_brand":[],"product_cat":[15,101,109,106],"product_tag":[],"class_list":{"0":"post-10788","1":"product","2":"type-product","3":"status-publish","4":"has-post-thumbnail","6":"product_cat-all-products","7":"product_cat-nut-products","8":"product_cat-sale","9":"product_cat-new","11":"first","12":"outofstock","13":"sale","14":"taxable","15":"shipping-taxable","16":"purchasable","17":"product-type-simple"},"_links":{"self":[{"href":"https:\/\/candeebaar.ee\/et\/wp-json\/wp\/v2\/product\/10788","targetHints":{"allow":["GET"]}}],"collection":[{"href":"https:\/\/candeebaar.ee\/et\/wp-json\/wp\/v2\/product"}],"about":[{"href":"https:\/\/candeebaar.ee\/et\/wp-json\/wp\/v2\/types\/product"}],"version-history":[{"count":3,"href":"https:\/\/candeebaar.ee\/et\/wp-json\/wp\/v2\/product\/10788\/revisions"}],"predecessor-version":[{"id":11074,"href":"https:\/\/candeebaar.ee\/et\/wp-json\/wp\/v2\/product\/10788\/revisions\/11074"}],"wp:featuredmedia":[{"embeddable":true,"href":"https:\/\/candeebaar.ee\/et\/wp-json\/wp\/v2\/media\/10771"}],"wp:attachment":[{"href":"https:\/\/candeebaar.ee\/et\/wp-json\/wp\/v2\/media?parent=10788"}],"wp:term":[{"taxonomy":"product_brand","embeddable":true,"href":"https:\/\/candeebaar.ee\/et\/wp-json\/wp\/v2\/product_brand?post=10788"},{"taxonomy":"product_cat","embeddable":true,"href":"https:\/\/candeebaar.ee\/et\/wp-json\/wp\/v2\/product_cat?post=10788"},{"taxonomy":"product_tag","embeddable":true,"href":"https:\/\/candeebaar.ee\/et\/wp-json\/wp\/v2\/product_tag?post=10788"}],"curies":[{"name":"t\u00f6\u00f6leht","href":"https:\/\/api.w.org\/{rel}","templated":true}]}}