{"id":10792,"date":"2025-02-27T13:03:06","date_gmt":"2025-02-27T11:03:06","guid":{"rendered":"https:\/\/candeebaar.ee\/?post_type=product&#038;p=10792"},"modified":"2025-11-07T10:11:17","modified_gmt":"2025-11-07T08:11:17","slug":"callebaut-piimasokolaad-823-33-6-1000g","status":"publish","type":"product","link":"https:\/\/candeebaar.ee\/et\/pood\/callebaut-piimasokolaad-823-33-6-1000g\/","title":{"rendered":"Callebaut piima\u0161okolaad 823 (33.6%) 1000g"},"content":{"rendered":"<p>Tuntud \u0161okolaad. Omab k\u00f5rgeima kvaliteediga.<br \/>\nKaal: 1000g<br \/>\nKoostisosad: suhkur, kakaov\u00f5i, t\u00e4is <strong>PIIM<\/strong> pulber, kakaomass, emulgaator: letsitiinid (<strong>SOJA<\/strong>), looduslik vanilje maitseaine.<\/p>\n<table style=\"height: 160px; width: 409px;\" width=\"409\">\n<tbody>\n<tr>\n<td style=\"width: 244px;\">Sisu kohta<\/td>\n<td style=\"width: 150.4px;\">100g<\/td>\n<\/tr>\n<tr>\n<td style=\"width: 244px;\">Toitev\u00e4\u00e4rtus<\/td>\n<td style=\"width: 150.4px;\">563 kcal 2338 kJ<\/td>\n<\/tr>\n<tr>\n<td style=\"width: 244px;\">Rasvad (millest k\u00fcllastunud)<\/td>\n<td style=\"width: 150.4px;\">36 g (22 g)<\/td>\n<\/tr>\n<tr>\n<td style=\"width: 244px;\">S\u00fcsivesikud (suhkur)<\/td>\n<td style=\"width: 150.4px;\">51 g (50 g)<\/td>\n<\/tr>\n<tr>\n<td style=\"width: 244px;\">Valgud<\/td>\n<td style=\"width: 150.4px;\">7 g<\/td>\n<\/tr>\n<tr>\n<td style=\"width: 244px;\">soola<\/td>\n<td style=\"width: 150.4px;\">0,21 g<\/td>\n<\/tr>\n<\/tbody>\n<\/table>\n<p>Tootja: CALLEBAUT Belgia<br \/>\nS\u00e4ilitustemperatuur: <strong>12\u201320 \u00b0C<br \/>\n<\/strong>V\u00f5ib sisaldada <strong>piima.<br \/>\n<\/strong>Lisaks leiate veebisaidilt palju uusi retsepte ja saate tutvuda nende toodetega <a href=\"https:\/\/www.callebaut.com\/\">callebaut.com<\/a>. oma tooteid nautida.<\/p>\n<p>&nbsp;<\/p>","protected":false},"excerpt":{"rendered":"<p>Tuntud \u0161okolaad. K\u00f5rgeima kvaliteediga. Kaal: 1000g Koostisosad: suhkur, kakaov\u00f5i, t\u00e4isPIIMApulber, kakaomass, emulgaator: letsitiinid (SOJA), looduslik vanilje l\u00f5hna- ja maitseaine. 100g kohta Toitev\u00e4\u00e4rtus 563 kcal 2338 kJ Rasvad (millest k\u00fcllastunud) 36g (22g) S\u00fcsivesikud (suhkrud) 51g (50g) Valgud 7 g Sool 0,21g Tootja: CALLEBAUT Belgium S\u00e4ilitamistemperatuur: 12 \u2013 20 [\u2026]<\/p>","protected":false},"featured_media":4865,"template":"","meta":{"_seopress_robots_primary_cat":"none","_seopress_titles_title":"","_seopress_titles_desc":"","_seopress_robots_index":""},"product_brand":[],"product_cat":[182,181,15,110,106],"product_tag":[],"class_list":{"0":"post-10792","1":"product","2":"type-product","3":"status-publish","4":"has-post-thumbnail","6":"product_cat-christmas","7":"product_cat-christmas-new-year","8":"product_cat-all-products","9":"product_cat-callebaut","10":"product_cat-new","11":"brand-callebaut","13":"first","14":"instock","15":"taxable","16":"shipping-taxable","17":"purchasable","18":"product-type-simple"},"_links":{"self":[{"href":"https:\/\/candeebaar.ee\/et\/wp-json\/wp\/v2\/product\/10792","targetHints":{"allow":["GET"]}}],"collection":[{"href":"https:\/\/candeebaar.ee\/et\/wp-json\/wp\/v2\/product"}],"about":[{"href":"https:\/\/candeebaar.ee\/et\/wp-json\/wp\/v2\/types\/product"}],"version-history":[{"count":2,"href":"https:\/\/candeebaar.ee\/et\/wp-json\/wp\/v2\/product\/10792\/revisions"}],"predecessor-version":[{"id":11904,"href":"https:\/\/candeebaar.ee\/et\/wp-json\/wp\/v2\/product\/10792\/revisions\/11904"}],"wp:featuredmedia":[{"embeddable":true,"href":"https:\/\/candeebaar.ee\/et\/wp-json\/wp\/v2\/media\/4865"}],"wp:attachment":[{"href":"https:\/\/candeebaar.ee\/et\/wp-json\/wp\/v2\/media?parent=10792"}],"wp:term":[{"taxonomy":"product_brand","embeddable":true,"href":"https:\/\/candeebaar.ee\/et\/wp-json\/wp\/v2\/product_brand?post=10792"},{"taxonomy":"product_cat","embeddable":true,"href":"https:\/\/candeebaar.ee\/et\/wp-json\/wp\/v2\/product_cat?post=10792"},{"taxonomy":"product_tag","embeddable":true,"href":"https:\/\/candeebaar.ee\/et\/wp-json\/wp\/v2\/product_tag?post=10792"}],"curies":[{"name":"t\u00f6\u00f6leht","href":"https:\/\/api.w.org\/{rel}","templated":true}]}}