{"id":11056,"date":"2025-03-09T11:08:57","date_gmt":"2025-03-09T09:08:57","guid":{"rendered":"https:\/\/candeebaar.ee\/?post_type=product&#038;p=11056"},"modified":"2025-10-27T16:25:16","modified_gmt":"2025-10-27T14:25:16","slug":"puistab-vutimunad-mini","status":"publish","type":"product","link":"https:\/\/candeebaar.ee\/et\/pood\/puistab-vutimunad-mini\/","title":{"rendered":"Puistad \u201cMini vutimunad\u201d 45g"},"content":{"rendered":"<p>Puistad magustoitude kaunistamiseks. Munad (20*15mm) on pehme ja maitsva \u0161okolaadip\u00f5hjaga.<br \/>\nKaal: 45g (+-3g)<\/p>\n<p>Koostis: piima\u0161okolaad 70%, (suhkur, kakaov\u00f5i, l\u00f5ssipulber, kokamass, vadakupulber (<strong>piima<\/strong>), laktoos (<strong>piima<\/strong>), v\u00f5i\u00f5li (<strong>piima<\/strong>), emulgaator (<strong>soja<\/strong>letsitiinid), l\u00f5hna- ja maitseaine), suhkur, glasuuriaine (kummiaraabik), riisit\u00e4rklis, <strong>oder<\/strong> linnaseekstrakt, v\u00e4rvained (antots\u00fcaniinid, karoteenid, kurkumiin), spirulina kontsentraat. <strong>V\u00f5ib sisaldada maap\u00e4hklite ja muude p\u00e4hklite j\u00e4lgi<\/strong>.<br \/>\nSisu 100g kohta:<br \/>\nkcal: 477; kj: 2006; rasv: 18 g; millest k\u00fcllastunud rasvhappeid: 11g; s\u00fcsivesikud: 74; millest suhkrud: 73g; valk: 3,9 g; sool: 0,21 g<\/p>\n<p>Ei sobi alla 3-aastastele lastele.<br \/>\nTootja: UK<br \/>\nS\u00e4ilivusaeg: oktoober 2025<\/p>","protected":false},"excerpt":{"rendered":"<p>Puistad magustoitude kaunistamiseks. Munad (20*15mm) on pehme ja maitsva \u0161okolaadip\u00f5hjaga. Kaal: 45g(+-3g) Koostis: piima\u0161okolaad 70%, (suhkur, kakaov\u00f5i, l\u00f5ssipulber, kokamass, vadakupulber (piim), laktoos (piim), v\u00f5i\u00f5li (piim), emulgaator (so\u00fc\u00fcletsitiinid), l\u00f5hna- ja maitseaine), suhkur, glasuur, glasuur, batoon v\u00e4rvained (antots\u00fcaniinid, karoteenid, kurkumiin), spirulina kontsentraat. V\u00f5ib sisaldada maap\u00e4hklite j\u00e4lgi [\u2026]<\/p>","protected":false},"featured_media":11048,"template":"","meta":{"_seopress_robots_primary_cat":"none","_seopress_titles_title":"","_seopress_titles_desc":"","_seopress_robots_index":""},"product_brand":[],"product_cat":[178,15,104],"product_tag":[175],"class_list":{"0":"post-11056","1":"product","2":"type-product","3":"status-publish","4":"has-post-thumbnail","6":"product_cat-easter-products","7":"product_cat-all-products","8":"product_cat-sprinkles","9":"product_tag-easter","11":"first","12":"outofstock","13":"taxable","14":"shipping-taxable","15":"purchasable","16":"product-type-simple"},"_links":{"self":[{"href":"https:\/\/candeebaar.ee\/et\/wp-json\/wp\/v2\/product\/11056","targetHints":{"allow":["GET"]}}],"collection":[{"href":"https:\/\/candeebaar.ee\/et\/wp-json\/wp\/v2\/product"}],"about":[{"href":"https:\/\/candeebaar.ee\/et\/wp-json\/wp\/v2\/types\/product"}],"version-history":[{"count":2,"href":"https:\/\/candeebaar.ee\/et\/wp-json\/wp\/v2\/product\/11056\/revisions"}],"predecessor-version":[{"id":11073,"href":"https:\/\/candeebaar.ee\/et\/wp-json\/wp\/v2\/product\/11056\/revisions\/11073"}],"wp:featuredmedia":[{"embeddable":true,"href":"https:\/\/candeebaar.ee\/et\/wp-json\/wp\/v2\/media\/11048"}],"wp:attachment":[{"href":"https:\/\/candeebaar.ee\/et\/wp-json\/wp\/v2\/media?parent=11056"}],"wp:term":[{"taxonomy":"product_brand","embeddable":true,"href":"https:\/\/candeebaar.ee\/et\/wp-json\/wp\/v2\/product_brand?post=11056"},{"taxonomy":"product_cat","embeddable":true,"href":"https:\/\/candeebaar.ee\/et\/wp-json\/wp\/v2\/product_cat?post=11056"},{"taxonomy":"product_tag","embeddable":true,"href":"https:\/\/candeebaar.ee\/et\/wp-json\/wp\/v2\/product_tag?post=11056"}],"curies":[{"name":"t\u00f6\u00f6leht","href":"https:\/\/api.w.org\/{rel}","templated":true}]}}