{"id":11060,"date":"2025-03-09T16:14:43","date_gmt":"2025-03-09T14:14:43","guid":{"rendered":"https:\/\/candeebaar.ee\/?post_type=product&#038;p=11060"},"modified":"2026-04-08T12:30:46","modified_gmt":"2026-04-08T10:30:46","slug":"kupsetusvorm-lihavottekookidele-70x60mm-50tk","status":"publish","type":"product","link":"https:\/\/candeebaar.ee\/et\/pood\/kupsetusvorm-lihavottekookidele-70x60mm-50tk\/","title":{"rendered":"Lihav\u00f5ttekookide k\u00fcpsetusvorm 70x60mm 50tk"},"content":{"rendered":"<p>Pabervorm sobib lihav\u00f5ttekookide k\u00fcpsetamiseks.<br \/>\nLaius: 70mm<br \/>\nK\u00f5rgus: 60mm<br \/>\nMaterjal: mustriga perforeeritud paber.<br \/>\nValmis koogi mass: umbes 65g.<br \/>\nPakendis: 50tk.<br \/>\nTootja: Itaalia<\/p>","protected":false},"excerpt":{"rendered":"<p>Pabervorm sobib lihav\u00f5ttekookide k\u00fcpsetamiseks. Laius: 70mm K\u00f5rgus: 60mm Materjal: perforeeritud mustriga paber. Valmis koogi mass: umbes 65g. Pakendis: 50tk. Tootja: Itaalia<\/p>","protected":false},"featured_media":6110,"template":"","meta":{"_seopress_robots_primary_cat":"none","_seopress_titles_title":"Paper perforated molds set of x10 size 70x60mm for Easter cakes!","_seopress_titles_desc":"Top quality and classic design make this molds a perfect fit for baking Ester cakes! We have many sizes in stock selling by x10 x100 or bigger quantities!","_seopress_robots_index":""},"product_brand":[],"product_cat":[178,15,117,90,106],"product_tag":[175],"class_list":{"0":"post-11060","1":"product","2":"type-product","3":"status-publish","4":"has-post-thumbnail","6":"product_cat-easter-products","7":"product_cat-all-products","8":"product_cat-paper","9":"product_cat-paper-cups-and-tulips","10":"product_cat-new","11":"product_tag-easter","13":"first","14":"instock","15":"taxable","16":"shipping-taxable","17":"purchasable","18":"product-type-simple"},"_links":{"self":[{"href":"https:\/\/candeebaar.ee\/et\/wp-json\/wp\/v2\/product\/11060","targetHints":{"allow":["GET"]}}],"collection":[{"href":"https:\/\/candeebaar.ee\/et\/wp-json\/wp\/v2\/product"}],"about":[{"href":"https:\/\/candeebaar.ee\/et\/wp-json\/wp\/v2\/types\/product"}],"version-history":[{"count":1,"href":"https:\/\/candeebaar.ee\/et\/wp-json\/wp\/v2\/product\/11060\/revisions"}],"predecessor-version":[{"id":11061,"href":"https:\/\/candeebaar.ee\/et\/wp-json\/wp\/v2\/product\/11060\/revisions\/11061"}],"wp:featuredmedia":[{"embeddable":true,"href":"https:\/\/candeebaar.ee\/et\/wp-json\/wp\/v2\/media\/6110"}],"wp:attachment":[{"href":"https:\/\/candeebaar.ee\/et\/wp-json\/wp\/v2\/media?parent=11060"}],"wp:term":[{"taxonomy":"product_brand","embeddable":true,"href":"https:\/\/candeebaar.ee\/et\/wp-json\/wp\/v2\/product_brand?post=11060"},{"taxonomy":"product_cat","embeddable":true,"href":"https:\/\/candeebaar.ee\/et\/wp-json\/wp\/v2\/product_cat?post=11060"},{"taxonomy":"product_tag","embeddable":true,"href":"https:\/\/candeebaar.ee\/et\/wp-json\/wp\/v2\/product_tag?post=11060"}],"curies":[{"name":"t\u00f6\u00f6leht","href":"https:\/\/api.w.org\/{rel}","templated":true}]}}