{"id":11075,"date":"2025-03-10T10:20:05","date_gmt":"2025-03-10T08:20:05","guid":{"rendered":"https:\/\/candeebaar.ee\/?post_type=product&#038;p=11075"},"modified":"2026-02-10T13:04:51","modified_gmt":"2026-02-10T11:04:51","slug":"pabertaiteaine-100g-beez","status":"publish","type":"product","link":"https:\/\/candeebaar.ee\/et\/pood\/pabertaiteaine-100g-beez\/","title":{"rendered":"Pabert\u00e4iteaine 100g bee\u017e"},"content":{"rendered":"<p>Mitmeotstarbeline dekoratiivpaberi t\u00e4iteaine.<br \/>\nKaal: 100g<br \/>\nV\u00e4rv: bee\u017e<\/p>","protected":false},"excerpt":{"rendered":"<p>Mitmeotstarbeline dekoratiivpaberi t\u00e4iteaine. Kaal: 100g V\u00e4rvus: bee\u017e<\/p>","protected":false},"featured_media":11044,"template":"","meta":{"_seopress_robots_primary_cat":"","_seopress_titles_title":"","_seopress_titles_desc":"","_seopress_robots_index":""},"product_brand":[],"product_cat":[15,93,95,106],"product_tag":[],"class_list":{"0":"post-11075","1":"product","2":"type-product","3":"status-publish","4":"has-post-thumbnail","6":"product_cat-all-products","7":"product_cat-gift-packaging","8":"product_cat-plastic-and-paper-bags","9":"product_cat-new","11":"first","12":"instock","13":"taxable","14":"shipping-taxable","15":"purchasable","16":"product-type-simple"},"_links":{"self":[{"href":"https:\/\/candeebaar.ee\/et\/wp-json\/wp\/v2\/product\/11075","targetHints":{"allow":["GET"]}}],"collection":[{"href":"https:\/\/candeebaar.ee\/et\/wp-json\/wp\/v2\/product"}],"about":[{"href":"https:\/\/candeebaar.ee\/et\/wp-json\/wp\/v2\/types\/product"}],"version-history":[{"count":2,"href":"https:\/\/candeebaar.ee\/et\/wp-json\/wp\/v2\/product\/11075\/revisions"}],"predecessor-version":[{"id":11079,"href":"https:\/\/candeebaar.ee\/et\/wp-json\/wp\/v2\/product\/11075\/revisions\/11079"}],"wp:featuredmedia":[{"embeddable":true,"href":"https:\/\/candeebaar.ee\/et\/wp-json\/wp\/v2\/media\/11044"}],"wp:attachment":[{"href":"https:\/\/candeebaar.ee\/et\/wp-json\/wp\/v2\/media?parent=11075"}],"wp:term":[{"taxonomy":"product_brand","embeddable":true,"href":"https:\/\/candeebaar.ee\/et\/wp-json\/wp\/v2\/product_brand?post=11075"},{"taxonomy":"product_cat","embeddable":true,"href":"https:\/\/candeebaar.ee\/et\/wp-json\/wp\/v2\/product_cat?post=11075"},{"taxonomy":"product_tag","embeddable":true,"href":"https:\/\/candeebaar.ee\/et\/wp-json\/wp\/v2\/product_tag?post=11075"}],"curies":[{"name":"t\u00f6\u00f6leht","href":"https:\/\/api.w.org\/{rel}","templated":true}]}}