{"id":11080,"date":"2025-03-10T10:46:39","date_gmt":"2025-03-10T08:46:39","guid":{"rendered":"https:\/\/candeebaar.ee\/?post_type=product&#038;p=11080"},"modified":"2026-03-19T10:24:07","modified_gmt":"2026-03-19T08:24:07","slug":"agar-agar-500g-koopia","status":"publish","type":"product","link":"https:\/\/candeebaar.ee\/et\/pood\/agar-agar-500g-koopia\/","title":{"rendered":"Agar-agar 500g"},"content":{"rendered":"<p>Agar-agarit kasutatakse paksendajana vahukommide, tarretise, \u201cLinnupiima\u201d jt valmistamisel.<br \/>\nTaimne v\u00e4rvuse ja l\u00f5hnata \u017eelatiiniasendaja.<br \/>\nTugevust ei deklareeri tootja, vaid <strong>vastab 900 \u00f5itsengule<\/strong>.<br \/>\nKaal: 500g<br \/>\nSisu 100g kohta:<br \/>\nToitev\u00e4\u00e4rtus: 1411kJ\/336kcal<br \/>\nValgud: 6,2 g<br \/>\nRasvad: 0,3 g<br \/>\nS\u00fcsivesikud (suhkrud): 73,2 g (3 g)<br \/>\nKiudained: 7,7g<br \/>\nHoida kuivas, jahedas kohas, suletud pakendis. V\u00f5ib sisaldada j\u00e4lgi: <strong>p\u00e4hklid, soja, gluteen<\/strong>.<br \/>\nTootmine: Poola<br \/>\nP\u00e4ritolu: Hiina<\/p>","protected":false},"excerpt":{"rendered":"<p>Agar-agarit kasutatakse paksendajana vahukommide, tarretise, \u201cLinnupiima\u201d jt valmistamisel. Taimne v\u00e4rvuse ja l\u00f5hnata \u017eelatiiniasendaja. Tugevust tootja ei deklareeri, kuid see vastab 900 \u00f5itsengule. Kaal: 500 g Sisu 100 g kohta: Toitev\u00e4\u00e4rtus: 1411 kJ\/336 kcal Valgud: 6,2 g Rasvad: 0,3 g S\u00fcsivesikud (suhkrud): 73,2 g (3 g) Kiudained: 7,7 g Hoida [\u2026]<\/p>","protected":false},"featured_media":6171,"template":"","meta":{"_seopress_robots_primary_cat":"none","_seopress_titles_title":"","_seopress_titles_desc":"","_seopress_robots_index":""},"product_brand":[],"product_cat":[15,100,106],"product_tag":[],"class_list":{"0":"post-11080","1":"product","2":"type-product","3":"status-publish","4":"has-post-thumbnail","6":"product_cat-all-products","7":"product_cat-thickeners","8":"product_cat-new","10":"first","11":"instock","12":"taxable","13":"shipping-taxable","14":"purchasable","15":"product-type-simple"},"_links":{"self":[{"href":"https:\/\/candeebaar.ee\/et\/wp-json\/wp\/v2\/product\/11080","targetHints":{"allow":["GET"]}}],"collection":[{"href":"https:\/\/candeebaar.ee\/et\/wp-json\/wp\/v2\/product"}],"about":[{"href":"https:\/\/candeebaar.ee\/et\/wp-json\/wp\/v2\/types\/product"}],"version-history":[{"count":1,"href":"https:\/\/candeebaar.ee\/et\/wp-json\/wp\/v2\/product\/11080\/revisions"}],"predecessor-version":[{"id":11081,"href":"https:\/\/candeebaar.ee\/et\/wp-json\/wp\/v2\/product\/11080\/revisions\/11081"}],"wp:featuredmedia":[{"embeddable":true,"href":"https:\/\/candeebaar.ee\/et\/wp-json\/wp\/v2\/media\/6171"}],"wp:attachment":[{"href":"https:\/\/candeebaar.ee\/et\/wp-json\/wp\/v2\/media?parent=11080"}],"wp:term":[{"taxonomy":"product_brand","embeddable":true,"href":"https:\/\/candeebaar.ee\/et\/wp-json\/wp\/v2\/product_brand?post=11080"},{"taxonomy":"product_cat","embeddable":true,"href":"https:\/\/candeebaar.ee\/et\/wp-json\/wp\/v2\/product_cat?post=11080"},{"taxonomy":"product_tag","embeddable":true,"href":"https:\/\/candeebaar.ee\/et\/wp-json\/wp\/v2\/product_tag?post=11080"}],"curies":[{"name":"t\u00f6\u00f6leht","href":"https:\/\/api.w.org\/{rel}","templated":true}]}}