{"id":11084,"date":"2025-03-10T10:52:05","date_gmt":"2025-03-10T08:52:05","guid":{"rendered":"https:\/\/candeebaar.ee\/?post_type=product&#038;p=11084"},"modified":"2026-03-29T19:38:21","modified_gmt":"2026-03-29T17:38:21","slug":"isomalt-beneo-1000g","status":"publish","type":"product","link":"https:\/\/candeebaar.ee\/et\/pood\/isomalt-beneo-1000g\/","title":{"rendered":"Isomalt &quot;Beneo&quot; 1000g"},"content":{"rendered":"<p>Isomalti kasutatakse karamellmassi valmistamiseks.<br \/>\nSee ei muuda v\u00e4rvi nagu tavaline suhkur ja seda saab v\u00e4rvida.<br \/>\nKookidele saab luua ebatavalisi kaunistusi.<br \/>\nSulamistemperatuur 145\u00b0C<br \/>\nKuuma massi kasutamisel tuleb j\u00e4rgida ettevaatusabin\u00f5usid!<br \/>\nKaal: 1000g<br \/>\n100g sisaldab: 100g s\u00fcsivesikuid<br \/>\n0 rasva<br \/>\n0 valku<br \/>\nKoostisosad: isomalt E953<br \/>\nK\u00f5lblikkusaeg: vt. pakendamine<br \/>\nTootja: Beneo, Saksamaa<\/p>","protected":false},"excerpt":{"rendered":"<p>Isomalti kasutatakse karamellmassi valmistamiseks. See ei muuda v\u00e4rvi nagu tavaline suhkur ja seda saab v\u00e4rvida. Kookidele saab luua ebatavalisi kaunistusi. Sulamistemperatuur 145\u00b0C Kuuma massi kasutamisel tuleb j\u00e4rgida ettevaatusabin\u00f5usid! Mass: 1000g 100g sisaldab: 100g s\u00fcsivesikuid 0 rasvu 0 valke Koostis: isomalt E953 S\u00e4ilivusaeg: vt. pakend Tootja: [\u2026]<\/p>","protected":false},"featured_media":5074,"template":"","meta":{"_seopress_robots_primary_cat":"none","_seopress_titles_title":"","_seopress_titles_desc":"","_seopress_robots_index":""},"product_brand":[],"product_cat":[182,181,15,102,106],"product_tag":[],"class_list":{"0":"post-11084","1":"product","2":"type-product","3":"status-publish","4":"has-post-thumbnail","6":"product_cat-christmas","7":"product_cat-christmas-new-year","8":"product_cat-all-products","9":"product_cat-sugars","10":"product_cat-new","12":"first","13":"instock","14":"taxable","15":"shipping-taxable","16":"purchasable","17":"product-type-simple"},"_links":{"self":[{"href":"https:\/\/candeebaar.ee\/et\/wp-json\/wp\/v2\/product\/11084","targetHints":{"allow":["GET"]}}],"collection":[{"href":"https:\/\/candeebaar.ee\/et\/wp-json\/wp\/v2\/product"}],"about":[{"href":"https:\/\/candeebaar.ee\/et\/wp-json\/wp\/v2\/types\/product"}],"version-history":[{"count":2,"href":"https:\/\/candeebaar.ee\/et\/wp-json\/wp\/v2\/product\/11084\/revisions"}],"predecessor-version":[{"id":14556,"href":"https:\/\/candeebaar.ee\/et\/wp-json\/wp\/v2\/product\/11084\/revisions\/14556"}],"wp:featuredmedia":[{"embeddable":true,"href":"https:\/\/candeebaar.ee\/et\/wp-json\/wp\/v2\/media\/5074"}],"wp:attachment":[{"href":"https:\/\/candeebaar.ee\/et\/wp-json\/wp\/v2\/media?parent=11084"}],"wp:term":[{"taxonomy":"product_brand","embeddable":true,"href":"https:\/\/candeebaar.ee\/et\/wp-json\/wp\/v2\/product_brand?post=11084"},{"taxonomy":"product_cat","embeddable":true,"href":"https:\/\/candeebaar.ee\/et\/wp-json\/wp\/v2\/product_cat?post=11084"},{"taxonomy":"product_tag","embeddable":true,"href":"https:\/\/candeebaar.ee\/et\/wp-json\/wp\/v2\/product_tag?post=11084"}],"curies":[{"name":"t\u00f6\u00f6leht","href":"https:\/\/api.w.org\/{rel}","templated":true}]}}