{"id":11139,"date":"2025-03-12T10:04:50","date_gmt":"2025-03-12T08:04:50","guid":{"rendered":"https:\/\/candeebaar.ee\/?post_type=product&#038;p=11139"},"modified":"2025-06-16T13:26:51","modified_gmt":"2025-06-16T11:26:51","slug":"laped-modelleerimispasta-1000g-valge","status":"publish","type":"product","link":"https:\/\/candeebaar.ee\/et\/pood\/laped-modelleerimispasta-1000g-valge\/","title":{"rendered":"Laped modelleerimispasta 1000g (valge)"},"content":{"rendered":"<p>Kasutusvalmis modelleeriv suhkrupasta, mida on lihtne v\u00e4rvida geel- v\u00f5i pulbriliste veeslahustuvate v\u00e4rvainetega.<br \/>\nKaal: 1000g<br \/>\nKoostisosad: suhkur, gl\u00fckoosisiirup, taimsed rasvad (h\u00fcdrogeenitud (palmi, kookos, shea); kakaov\u00f5i), kartulit\u00e4rklis, maisit\u00e4rklis, emulgaator: rasvhapete mono-digl\u00fctseriidid E471.<br \/>\nSisu 100g kohta:<br \/>\nEnergia: 481kcal\/2015kJ<br \/>\nRasvad (k\u00fcllastunud): 22,3 (21,7) g<br \/>\nKarbonaadid (suhkrud): 69,9 (48,1) g<br \/>\nValk: 0 g<br \/>\nSool: 0 g<br \/>\nHoida jahedas, pimedas kohas tihedalt suletuna.<br \/>\nParim enne (partii number): 07.06.2026 (24342100MB)<br \/>\nTootmine: Laped, Itaalia<\/p>","protected":false},"excerpt":{"rendered":"<p>Kasutusvalmis modelleeriv suhkrupasta, mida on lihtne v\u00e4rvida geel- v\u00f5i pulbriliste veeslahustuvate v\u00e4rvainetega. Kaal: 1000g Koostis: suhkur, gl\u00fckoosisiirup, taimsed rasvad (h\u00fcdrogeenitud (palmi, kookos, shea); kakaov\u00f5i), kartulit\u00e4rklis, maisit\u00e4rklis, emulgaator: rasvhapete mono-digl\u00fctseriidid E471. Sisaldus 100 g kohta: Energia: 481 kcal\/2015 kJ Rasvad (k\u00fcllastunud): 22,3 (21,7) g Karbonaadid (suhkrud): 69,9 (48,1) g Valgud: 0 g Sool: [\u2026]<\/p>","protected":false},"featured_media":11142,"template":"","meta":{"_seopress_robots_primary_cat":"none","_seopress_titles_title":"","_seopress_titles_desc":"","_seopress_robots_index":""},"product_brand":[],"product_cat":[15,102,106],"product_tag":[],"class_list":{"0":"post-11139","1":"product","2":"type-product","3":"status-publish","4":"has-post-thumbnail","6":"product_cat-all-products","7":"product_cat-sugars","8":"product_cat-new","10":"first","11":"outofstock","12":"taxable","13":"shipping-taxable","14":"purchasable","15":"product-type-simple"},"_links":{"self":[{"href":"https:\/\/candeebaar.ee\/et\/wp-json\/wp\/v2\/product\/11139","targetHints":{"allow":["GET"]}}],"collection":[{"href":"https:\/\/candeebaar.ee\/et\/wp-json\/wp\/v2\/product"}],"about":[{"href":"https:\/\/candeebaar.ee\/et\/wp-json\/wp\/v2\/types\/product"}],"version-history":[{"count":1,"href":"https:\/\/candeebaar.ee\/et\/wp-json\/wp\/v2\/product\/11139\/revisions"}],"predecessor-version":[{"id":11143,"href":"https:\/\/candeebaar.ee\/et\/wp-json\/wp\/v2\/product\/11139\/revisions\/11143"}],"wp:featuredmedia":[{"embeddable":true,"href":"https:\/\/candeebaar.ee\/et\/wp-json\/wp\/v2\/media\/11142"}],"wp:attachment":[{"href":"https:\/\/candeebaar.ee\/et\/wp-json\/wp\/v2\/media?parent=11139"}],"wp:term":[{"taxonomy":"product_brand","embeddable":true,"href":"https:\/\/candeebaar.ee\/et\/wp-json\/wp\/v2\/product_brand?post=11139"},{"taxonomy":"product_cat","embeddable":true,"href":"https:\/\/candeebaar.ee\/et\/wp-json\/wp\/v2\/product_cat?post=11139"},{"taxonomy":"product_tag","embeddable":true,"href":"https:\/\/candeebaar.ee\/et\/wp-json\/wp\/v2\/product_tag?post=11139"}],"curies":[{"name":"t\u00f6\u00f6leht","href":"https:\/\/api.w.org\/{rel}","templated":true}]}}