{"id":11149,"date":"2025-03-12T11:01:30","date_gmt":"2025-03-12T09:01:30","guid":{"rendered":"https:\/\/candeebaar.ee\/?post_type=product&#038;p=11149"},"modified":"2025-04-22T09:42:46","modified_gmt":"2025-04-22T07:42:46","slug":"callebaut-811-tume-sokolaad-54-5-1000g","status":"publish","type":"product","link":"https:\/\/candeebaar.ee\/et\/pood\/callebaut-811-tume-sokolaad-54-5-1000g\/","title":{"rendered":"Callebaut 811 tume \u0161okolaad (54.5%) 1000g"},"content":{"rendered":"<p>Tuntud \u0161okolaad. Sellel on k\u00f5rgeim kvaliteet.<br \/>\nKoostisosad: suhkur, kakaov\u00f5i, letsitiin (<strong>soja<\/strong>), looduslik vanilje maitse, <strong>piima<\/strong>.<br \/>\nKaal: 1000g<\/p>\n<table style=\"height: 160px; width: 409px;\" width=\"409\">\n<tbody>\n<tr>\n<td style=\"width: 244px;\">Sisu kohta<\/td>\n<td style=\"width: 150.4px;\">100g<\/td>\n<\/tr>\n<tr>\n<td style=\"width: 244px;\">Toitev\u00e4\u00e4rtus<\/td>\n<td style=\"width: 150.4px;\">550 kcal 2303 kJ<\/td>\n<\/tr>\n<tr>\n<td style=\"width: 244px;\">Rasvad (millest k\u00fcllastunud)<\/td>\n<td style=\"width: 150.4px;\">37 g (22 g)<\/td>\n<\/tr>\n<tr>\n<td style=\"width: 244px;\">S\u00fcsivesikud (suhkur)<\/td>\n<td style=\"width: 150.4px;\">46 g (43 g)<\/td>\n<\/tr>\n<tr>\n<td style=\"width: 244px;\">Valgud<\/td>\n<td style=\"width: 150.4px;\">5,1 g<\/td>\n<\/tr>\n<tr>\n<td style=\"width: 244px;\">soola<\/td>\n<td style=\"width: 150.4px;\">0,01 g<\/td>\n<\/tr>\n<\/tbody>\n<\/table>\n<p>Tootja: CALLEBAUT Belgia<br \/>\nLisaks leiate veebisaidilt palju uusi retsepte ja saate tutvuda nende toodetega <a href=\"https:\/\/www.callebaut.com\/\">callebaut.com<\/a>.<br \/>\nS\u00e4ilitustemperatuur: <strong>12\u201320 \u00b0C<br \/>\n<\/strong>V\u00f5ib sisaldada <strong>Piim.<\/strong><\/p>\n<p>&nbsp;<\/p>","protected":false},"excerpt":{"rendered":"<p>Tuntud \u0161okolaad. Sellel on k\u00f5rgeim kvaliteet. Koostis: suhkur, kakaov\u00f5i, letsitiin (soja), looduslik vanilje maitseaine, piim. Kaal: 1000 g Sisu 100 g kohta Toitev\u00e4\u00e4rtus 550 kcal 2303 kJ Rasvad (millest k\u00fcllastunud) 37 g (22 g) S\u00fcsivesikud (suhkur) 46 g (43 g) Valgud 5,1 g Sool 0,01 g Belgia Tootja: CALLEBAUT leiate palju uusi retsepte ja tuttavaid [\u2026]<\/p>","protected":false},"featured_media":4853,"template":"","meta":{"_seopress_robots_primary_cat":"none","_seopress_titles_title":"","_seopress_titles_desc":"","_seopress_robots_index":""},"product_brand":[],"product_cat":[15,110,106],"product_tag":[],"class_list":{"0":"post-11149","1":"product","2":"type-product","3":"status-publish","4":"has-post-thumbnail","6":"product_cat-all-products","7":"product_cat-callebaut","8":"product_cat-new","10":"first","11":"instock","12":"taxable","13":"shipping-taxable","14":"purchasable","15":"product-type-simple"},"_links":{"self":[{"href":"https:\/\/candeebaar.ee\/et\/wp-json\/wp\/v2\/product\/11149","targetHints":{"allow":["GET"]}}],"collection":[{"href":"https:\/\/candeebaar.ee\/et\/wp-json\/wp\/v2\/product"}],"about":[{"href":"https:\/\/candeebaar.ee\/et\/wp-json\/wp\/v2\/types\/product"}],"version-history":[{"count":2,"href":"https:\/\/candeebaar.ee\/et\/wp-json\/wp\/v2\/product\/11149\/revisions"}],"predecessor-version":[{"id":11937,"href":"https:\/\/candeebaar.ee\/et\/wp-json\/wp\/v2\/product\/11149\/revisions\/11937"}],"wp:featuredmedia":[{"embeddable":true,"href":"https:\/\/candeebaar.ee\/et\/wp-json\/wp\/v2\/media\/4853"}],"wp:attachment":[{"href":"https:\/\/candeebaar.ee\/et\/wp-json\/wp\/v2\/media?parent=11149"}],"wp:term":[{"taxonomy":"product_brand","embeddable":true,"href":"https:\/\/candeebaar.ee\/et\/wp-json\/wp\/v2\/product_brand?post=11149"},{"taxonomy":"product_cat","embeddable":true,"href":"https:\/\/candeebaar.ee\/et\/wp-json\/wp\/v2\/product_cat?post=11149"},{"taxonomy":"product_tag","embeddable":true,"href":"https:\/\/candeebaar.ee\/et\/wp-json\/wp\/v2\/product_tag?post=11149"}],"curies":[{"name":"t\u00f6\u00f6leht","href":"https:\/\/api.w.org\/{rel}","templated":true}]}}