{"id":11449,"date":"2025-04-02T10:02:03","date_gmt":"2025-04-02T08:02:03","guid":{"rendered":"https:\/\/candeebaar.ee\/?post_type=product&#038;p=11449"},"modified":"2026-04-06T22:55:00","modified_gmt":"2026-04-06T20:55:00","slug":"kuivatatud-perovskia-lilled-lavendlivarv-20g","status":"publish","type":"product","link":"https:\/\/candeebaar.ee\/et\/pood\/kuivatatud-perovskia-lilled-lavendlivarv-20g\/","title":{"rendered":"Kuivatatud Mallow Flowers (lavendliv\u00e4rvi) 15g"},"content":{"rendered":"<p>Kuivatage malva\u00f5ied, andke lavendliv\u00e4rvi, kaunis loodustoode erinevaks otstarbeks.<br \/>\nKaal: 15g<br \/>\nLillede suurus: 1 cm<br \/>\nP\u00e4ritolu: T\u00fcrgi<\/p>","protected":false},"excerpt":{"rendered":"<p>Kuivatage malva\u00f5ied, andke lavendliv\u00e4rvi, kaunis loodustoode erinevaks otstarbeks. Kaal: 15g Lillede suurus: 1cm P\u00e4ritolu: T\u00fcrgi<\/p>","protected":false},"featured_media":11450,"template":"","meta":{"_seopress_robots_primary_cat":"none","_seopress_titles_title":"","_seopress_titles_desc":"","_seopress_robots_index":""},"product_brand":[],"product_cat":[180,15,98,106],"product_tag":[],"class_list":{"0":"post-11449","1":"product","2":"type-product","3":"status-publish","4":"has-post-thumbnail","6":"product_cat-wedding-products","7":"product_cat-all-products","8":"product_cat-dry-and-sublimated-products","9":"product_cat-new","11":"first","12":"instock","13":"sale","14":"taxable","15":"shipping-taxable","16":"purchasable","17":"product-type-simple"},"_links":{"self":[{"href":"https:\/\/candeebaar.ee\/et\/wp-json\/wp\/v2\/product\/11449","targetHints":{"allow":["GET"]}}],"collection":[{"href":"https:\/\/candeebaar.ee\/et\/wp-json\/wp\/v2\/product"}],"about":[{"href":"https:\/\/candeebaar.ee\/et\/wp-json\/wp\/v2\/types\/product"}],"version-history":[{"count":4,"href":"https:\/\/candeebaar.ee\/et\/wp-json\/wp\/v2\/product\/11449\/revisions"}],"predecessor-version":[{"id":13548,"href":"https:\/\/candeebaar.ee\/et\/wp-json\/wp\/v2\/product\/11449\/revisions\/13548"}],"wp:featuredmedia":[{"embeddable":true,"href":"https:\/\/candeebaar.ee\/et\/wp-json\/wp\/v2\/media\/11450"}],"wp:attachment":[{"href":"https:\/\/candeebaar.ee\/et\/wp-json\/wp\/v2\/media?parent=11449"}],"wp:term":[{"taxonomy":"product_brand","embeddable":true,"href":"https:\/\/candeebaar.ee\/et\/wp-json\/wp\/v2\/product_brand?post=11449"},{"taxonomy":"product_cat","embeddable":true,"href":"https:\/\/candeebaar.ee\/et\/wp-json\/wp\/v2\/product_cat?post=11449"},{"taxonomy":"product_tag","embeddable":true,"href":"https:\/\/candeebaar.ee\/et\/wp-json\/wp\/v2\/product_tag?post=11449"}],"curies":[{"name":"t\u00f6\u00f6leht","href":"https:\/\/api.w.org\/{rel}","templated":true}]}}