{"id":11452,"date":"2025-04-02T10:07:16","date_gmt":"2025-04-02T08:07:16","guid":{"rendered":"https:\/\/candeebaar.ee\/?post_type=product&#038;p=11452"},"modified":"2026-04-06T22:55:00","modified_gmt":"2026-04-06T20:55:00","slug":"kuivatatud-granaatounaoied-20g","status":"publish","type":"product","link":"https:\/\/candeebaar.ee\/et\/pood\/kuivatatud-granaatounaoied-20g\/","title":{"rendered":"Kuivatatud granaat\u00f5una lilled 15g"},"content":{"rendered":"<p>Kuivad granaat\u00f5una\u00f5ied, kaunis loodustoode erinevaks otstarbeks.<br \/>\nKaal: 15g<br \/>\nLillede suurus: 2-4 cm<br \/>\nP\u00e4ritolu: T\u00fcrgi<\/p>","protected":false},"excerpt":{"rendered":"<p>Kuivad granaat\u00f5una\u00f5ied, kaunis loodustoode erinevaks otstarbeks. Kaal: 15g Lillede suurus: 2-4cm P\u00e4ritolu: T\u00fcrgi<\/p>","protected":false},"featured_media":11453,"template":"","meta":{"_seopress_robots_primary_cat":"none","_seopress_titles_title":"","_seopress_titles_desc":"","_seopress_robots_index":""},"product_brand":[],"product_cat":[180,15,98,109,106],"product_tag":[],"class_list":{"0":"post-11452","1":"product","2":"type-product","3":"status-publish","4":"has-post-thumbnail","6":"product_cat-wedding-products","7":"product_cat-all-products","8":"product_cat-dry-and-sublimated-products","9":"product_cat-sale","10":"product_cat-new","12":"first","13":"instock","14":"sale","15":"taxable","16":"shipping-taxable","17":"purchasable","18":"product-type-simple"},"_links":{"self":[{"href":"https:\/\/candeebaar.ee\/et\/wp-json\/wp\/v2\/product\/11452","targetHints":{"allow":["GET"]}}],"collection":[{"href":"https:\/\/candeebaar.ee\/et\/wp-json\/wp\/v2\/product"}],"about":[{"href":"https:\/\/candeebaar.ee\/et\/wp-json\/wp\/v2\/types\/product"}],"version-history":[{"count":2,"href":"https:\/\/candeebaar.ee\/et\/wp-json\/wp\/v2\/product\/11452\/revisions"}],"predecessor-version":[{"id":11456,"href":"https:\/\/candeebaar.ee\/et\/wp-json\/wp\/v2\/product\/11452\/revisions\/11456"}],"wp:featuredmedia":[{"embeddable":true,"href":"https:\/\/candeebaar.ee\/et\/wp-json\/wp\/v2\/media\/11453"}],"wp:attachment":[{"href":"https:\/\/candeebaar.ee\/et\/wp-json\/wp\/v2\/media?parent=11452"}],"wp:term":[{"taxonomy":"product_brand","embeddable":true,"href":"https:\/\/candeebaar.ee\/et\/wp-json\/wp\/v2\/product_brand?post=11452"},{"taxonomy":"product_cat","embeddable":true,"href":"https:\/\/candeebaar.ee\/et\/wp-json\/wp\/v2\/product_cat?post=11452"},{"taxonomy":"product_tag","embeddable":true,"href":"https:\/\/candeebaar.ee\/et\/wp-json\/wp\/v2\/product_tag?post=11452"}],"curies":[{"name":"t\u00f6\u00f6leht","href":"https:\/\/api.w.org\/{rel}","templated":true}]}}