{"id":11539,"date":"2025-04-07T08:16:29","date_gmt":"2025-04-07T06:16:29","guid":{"rendered":"https:\/\/candeebaar.ee\/?post_type=product&#038;p=11539"},"modified":"2025-05-02T08:50:23","modified_gmt":"2025-05-02T06:50:23","slug":"kirsid-suhkrustatud-100-g-sallistelt","status":"publish","type":"product","link":"https:\/\/candeebaar.ee\/et\/pood\/kirsid-suhkrustatud-100-g-sallistelt\/","title":{"rendered":"Kirsid suhkrustatud 100 g Sallistelta"},"content":{"rendered":"<div dir=\"auto\">Koostis: kirsid, gl\u00fckoosi-fruktoosisiirup, suhkur, v\u00e4rvaine E330, v\u00e4rvained E150a, E133, happesuse regulaator E330, s\u00e4ilitusaine (V\u00c4\u00c4VELDIOKSIID). V\u00f5ib sisaldada kirsi kive.<\/div>\n<div dir=\"auto\">\n<div dir=\"auto\">Toitev\u00e4\u00e4rtus 100 g kohta:<\/div>\n<div dir=\"auto\">Energia: 1313 kJ \/ 314 kcal<\/div>\n<div dir=\"auto\">Rasv: 0 g<br \/>\nS\u00fcsivesikud: 78 g millest suhkur 70 g<br \/>\nKiudained: 1 g<\/div>\n<div dir=\"auto\">Valk: 0 g<br \/>\nSool: 0,02 g<br \/>\nTootja: Salliselta, Holland<\/div>\n<\/div>","protected":false},"excerpt":{"rendered":"<p>Koostis: kirsid, gl\u00fckoosi-fruktoosisiirup, suhkur, v\u00e4rvaine E330, v\u00e4rvained E150a, E133, happesuse regulaator E330, s\u00e4ilitusaine (V\u00c4\u00c4VELDIOKSIID). V\u00f5ib sisaldada kirsi kive. Toitev\u00e4\u00e4rtus 100 g kohta: Energia: 1313 kJ \/ 314 kcal Rasvad: 0 g S\u00fcsivesikud: 78 g millest suhkur 70 g Kiudained: 1 g Valgud: 0 g Sool: 0,02 g Tootja: Salliselta, Holland<\/p>","protected":false},"featured_media":11540,"template":"","meta":{"_seopress_robots_primary_cat":"none","_seopress_titles_title":"","_seopress_titles_desc":"","_seopress_robots_index":""},"product_brand":[],"product_cat":[178,15,98],"product_tag":[],"class_list":{"0":"post-11539","1":"product","2":"type-product","3":"status-publish","4":"has-post-thumbnail","6":"product_cat-easter-products","7":"product_cat-all-products","8":"product_cat-dry-and-sublimated-products","10":"first","11":"outofstock","12":"taxable","13":"shipping-taxable","14":"purchasable","15":"product-type-simple"},"_links":{"self":[{"href":"https:\/\/candeebaar.ee\/et\/wp-json\/wp\/v2\/product\/11539","targetHints":{"allow":["GET"]}}],"collection":[{"href":"https:\/\/candeebaar.ee\/et\/wp-json\/wp\/v2\/product"}],"about":[{"href":"https:\/\/candeebaar.ee\/et\/wp-json\/wp\/v2\/types\/product"}],"version-history":[{"count":2,"href":"https:\/\/candeebaar.ee\/et\/wp-json\/wp\/v2\/product\/11539\/revisions"}],"predecessor-version":[{"id":11543,"href":"https:\/\/candeebaar.ee\/et\/wp-json\/wp\/v2\/product\/11539\/revisions\/11543"}],"wp:featuredmedia":[{"embeddable":true,"href":"https:\/\/candeebaar.ee\/et\/wp-json\/wp\/v2\/media\/11540"}],"wp:attachment":[{"href":"https:\/\/candeebaar.ee\/et\/wp-json\/wp\/v2\/media?parent=11539"}],"wp:term":[{"taxonomy":"product_brand","embeddable":true,"href":"https:\/\/candeebaar.ee\/et\/wp-json\/wp\/v2\/product_brand?post=11539"},{"taxonomy":"product_cat","embeddable":true,"href":"https:\/\/candeebaar.ee\/et\/wp-json\/wp\/v2\/product_cat?post=11539"},{"taxonomy":"product_tag","embeddable":true,"href":"https:\/\/candeebaar.ee\/et\/wp-json\/wp\/v2\/product_tag?post=11539"}],"curies":[{"name":"t\u00f6\u00f6leht","href":"https:\/\/api.w.org\/{rel}","templated":true}]}}