{"id":11634,"date":"2025-04-09T13:19:55","date_gmt":"2025-04-09T11:19:55","guid":{"rendered":"https:\/\/candeebaar.ee\/?post_type=product&#038;p=11634"},"modified":"2025-05-03T13:46:54","modified_gmt":"2025-05-03T11:46:54","slug":"puistad-donut-rush-45g","status":"publish","type":"product","link":"https:\/\/candeebaar.ee\/et\/pood\/puistad-donut-rush-45g\/","title":{"rendered":"Puistad \u201cDonut Rush\u201d 45g"},"content":{"rendered":"<p>Sprinkles segada.<\/p>\n<p>Suhkur, t\u00e4rklis (<strong>NISU<\/strong>, mais, kartul, riis), jahu (riis),\u00a0<strong>NISU<\/strong>\u00a0manna, taime\u00f5lid (rapsiseemned, t\u00e4ielikult h\u00fcdrogeenitud rapsiseemned, kookosp\u00e4hkel), gl\u00fckoosisiirup, dekstroos, maltodekstriin, terve\u00a0<strong>PIIM<\/strong>\u00a0pulber, kakaov\u00f5i, kakaomass, v\u00e4rvained (E100, E102*, E120, E133), toiduv\u00e4rv (\u00f5una, musta s\u00f5stra, redise kontsentraat), l\u00f5hna- ja maitseaine, naturaalne vanilje maitseaine, glasuuriaine (E901, E903, E904), paksendaja (E414), emulsioon (E414), emulsioon\u00a0<strong>SOJA<\/strong>), E473), vabastav aine (E470b, E553b). V\u00f5ib sisaldada j\u00e4lgi\u00a0<strong>P\u00c4HKLID<\/strong>. *&quot;E102: v\u00f5ib avaldada kahjulikku m\u00f5ju laste aktiivsusele ja t\u00e4helepanuv\u00f5imele&quot;.<\/p>\n<p>Toitumisalased faktid 100 g kohta:<\/p>\n<p>kcal: 414; kj: 1748; rasv: 5,5 g; millest k\u00fcllastunud rasvhappeid: 3,4g; s\u00fcsivesikud: 88,4g; millest suhkrud: 70,6g; valk: 1,5 g; sool: 0,1 g<\/p>\n<p>Ei sobi alla 3-aastastele lastele. M\u00f5ned elemendid v\u00f5ivad hammastele rasked olla.<br \/>\nTootja: Saksamaa<br \/>\nS\u00e4ilivusaeg: mai 2026<\/p>","protected":false},"excerpt":{"rendered":"<p>Sprinkles segada. Suhkur, t\u00e4rklis (NISU, mais, kartul, riis), jahu (riis), NISU manna, taime\u00f5lid (raps, t\u00e4ielikult h\u00fcdrogeenitud raps, kookosp\u00e4hkel), gl\u00fckoosisiirup, dekstroos, maltodekstriin, t\u00e4ispiimapulber, kakaov\u00f5i, kakaomass, v\u00e4rvained (E10200*, E10200*, E3) (\u00f5una-, mustas\u00f5stra-, redisekontsentraat), l\u00f5hna- ja maitseaine, naturaalne vanilje maitseaine, glasuuriaine (E901, E903, E904), paksendaja (E414), emulgaator (letsitiin (p\u00e4evalill, SOJA), E473), vabastav [\u2026]<\/p>","protected":false},"featured_media":11635,"template":"","meta":{"_seopress_robots_primary_cat":"none","_seopress_titles_title":"","_seopress_titles_desc":"","_seopress_robots_index":""},"product_brand":[],"product_cat":[15,104],"product_tag":[],"class_list":{"0":"post-11634","1":"product","2":"type-product","3":"status-publish","4":"has-post-thumbnail","6":"product_cat-all-products","7":"product_cat-sprinkles","9":"first","10":"outofstock","11":"taxable","12":"shipping-taxable","13":"purchasable","14":"product-type-simple"},"_links":{"self":[{"href":"https:\/\/candeebaar.ee\/et\/wp-json\/wp\/v2\/product\/11634","targetHints":{"allow":["GET"]}}],"collection":[{"href":"https:\/\/candeebaar.ee\/et\/wp-json\/wp\/v2\/product"}],"about":[{"href":"https:\/\/candeebaar.ee\/et\/wp-json\/wp\/v2\/types\/product"}],"version-history":[{"count":1,"href":"https:\/\/candeebaar.ee\/et\/wp-json\/wp\/v2\/product\/11634\/revisions"}],"predecessor-version":[{"id":11636,"href":"https:\/\/candeebaar.ee\/et\/wp-json\/wp\/v2\/product\/11634\/revisions\/11636"}],"wp:featuredmedia":[{"embeddable":true,"href":"https:\/\/candeebaar.ee\/et\/wp-json\/wp\/v2\/media\/11635"}],"wp:attachment":[{"href":"https:\/\/candeebaar.ee\/et\/wp-json\/wp\/v2\/media?parent=11634"}],"wp:term":[{"taxonomy":"product_brand","embeddable":true,"href":"https:\/\/candeebaar.ee\/et\/wp-json\/wp\/v2\/product_brand?post=11634"},{"taxonomy":"product_cat","embeddable":true,"href":"https:\/\/candeebaar.ee\/et\/wp-json\/wp\/v2\/product_cat?post=11634"},{"taxonomy":"product_tag","embeddable":true,"href":"https:\/\/candeebaar.ee\/et\/wp-json\/wp\/v2\/product_tag?post=11634"}],"curies":[{"name":"t\u00f6\u00f6leht","href":"https:\/\/api.w.org\/{rel}","templated":true}]}}