{"id":11637,"date":"2025-04-09T13:34:03","date_gmt":"2025-04-09T11:34:03","guid":{"rendered":"https:\/\/candeebaar.ee\/?post_type=product&#038;p=11637"},"modified":"2026-03-10T18:34:53","modified_gmt":"2026-03-10T16:34:53","slug":"puista-krompsuv-sokolaadikupsis-45g","status":"publish","type":"product","link":"https:\/\/candeebaar.ee\/et\/pood\/puista-krompsuv-sokolaadikupsis-45g\/","title":{"rendered":"Puistad \u201cCrunchy Choco Cookie\u201d 45g"},"content":{"rendered":"<p>Sprinkles segada.<\/p>\n<p>Koostisosad:<\/p>\n<p>Suhkur, kakaov\u00f5i, kakaomass, kakaopulber, taime\u00f5lid (palmi-, rapsiseemned), mais, looduslik vanilje maitseaine, vanilliin, gl\u00fckoosisiirup, terve\u00a0<strong>PIIM<\/strong>\u00a0pulber, jahu (<strong>NISU<\/strong>, riis), vadakupulber (<strong>PIIM<\/strong>), t\u00e4rklis (kartul), linnased (<strong>NISU<\/strong>), kondenseeritud\u00a0<strong>PIIM, NISU<\/strong>\u00a0kliid, linnaseekstrakt (<strong>ODRA<\/strong>), vesi,\u00a0<strong>PIIM, ODER<\/strong>\u00a0linnaseekstrakt, emulgaator (E322 (<strong>SOJA<\/strong>, p\u00e4evalill), E471), v\u00e4rvaine (E150c), niiskuses\u00e4ilitaja (E422), sool, glasuuriained (E414*, E904), kaltsiumkarbonaat (E170). V\u00f5ib sisaldada j\u00e4lgi\u00a0<strong>P\u00c4HKLID<\/strong>. *t\u00f6\u00f6tlusabi<\/p>\n<p><span style=\"text-decoration: underline;\">Toitumisalased faktid 100 g kohta:<\/span><\/p>\n<p>Kcal: 452; Kj: 1897; Rasv: 15,6g; millest k\u00fcllastunud: 8,0g; S\u00fcsivesikud: 71,3g; millest suhkrut: 61,1; Valk: 4,8g; Sool: 0,2 g<\/p>\n<p>Ei sobi alla 3-aastastele lastele. M\u00f5ned elemendid v\u00f5ivad hammastele rasked olla.<br \/>\nTootja: Saksamaa<br \/>\nS\u00e4ilivusaeg: september 2027<\/p>","protected":false},"excerpt":{"rendered":"<p>Sprinkles segada. Koostis: Suhkur, kakaov\u00f5i, kakaomass, kakaopulber, taime\u00f5lid (palmi, rapsiseemned), mais, looduslik vanilje maitseaine, vanilliin, gl\u00fckoosisiirup, t\u00e4ispiimapulber, jahu (NISU, riis), vadakupulber (PIIM), t\u00e4rklis (kartul), linnased (NISU, kondenseeritud vesi, RINNAPIIM, RINNAPIIMAD PIIM, ODRA linnaseekstrakt, emulgaator (E322 (SOJA, p\u00e4evalill), E471), v\u00e4rvaine (E150c), niiskuses\u00e4ilitaja (E422), sool, glasuuriained (E414*, E904), kaltsium [\u2026]<\/p>","protected":false},"featured_media":11638,"template":"","meta":{"_seopress_robots_primary_cat":"none","_seopress_titles_title":"","_seopress_titles_desc":"","_seopress_robots_index":""},"product_brand":[],"product_cat":[15,104,106],"product_tag":[],"class_list":{"0":"post-11637","1":"product","2":"type-product","3":"status-publish","4":"has-post-thumbnail","6":"product_cat-all-products","7":"product_cat-sprinkles","8":"product_cat-new","10":"first","11":"instock","12":"taxable","13":"shipping-taxable","14":"purchasable","15":"product-type-simple"},"_links":{"self":[{"href":"https:\/\/candeebaar.ee\/et\/wp-json\/wp\/v2\/product\/11637","targetHints":{"allow":["GET"]}}],"collection":[{"href":"https:\/\/candeebaar.ee\/et\/wp-json\/wp\/v2\/product"}],"about":[{"href":"https:\/\/candeebaar.ee\/et\/wp-json\/wp\/v2\/types\/product"}],"version-history":[{"count":4,"href":"https:\/\/candeebaar.ee\/et\/wp-json\/wp\/v2\/product\/11637\/revisions"}],"predecessor-version":[{"id":14176,"href":"https:\/\/candeebaar.ee\/et\/wp-json\/wp\/v2\/product\/11637\/revisions\/14176"}],"wp:featuredmedia":[{"embeddable":true,"href":"https:\/\/candeebaar.ee\/et\/wp-json\/wp\/v2\/media\/11638"}],"wp:attachment":[{"href":"https:\/\/candeebaar.ee\/et\/wp-json\/wp\/v2\/media?parent=11637"}],"wp:term":[{"taxonomy":"product_brand","embeddable":true,"href":"https:\/\/candeebaar.ee\/et\/wp-json\/wp\/v2\/product_brand?post=11637"},{"taxonomy":"product_cat","embeddable":true,"href":"https:\/\/candeebaar.ee\/et\/wp-json\/wp\/v2\/product_cat?post=11637"},{"taxonomy":"product_tag","embeddable":true,"href":"https:\/\/candeebaar.ee\/et\/wp-json\/wp\/v2\/product_tag?post=11637"}],"curies":[{"name":"t\u00f6\u00f6leht","href":"https:\/\/api.w.org\/{rel}","templated":true}]}}