{"id":11641,"date":"2025-04-09T13:47:13","date_gmt":"2025-04-09T11:47:13","guid":{"rendered":"https:\/\/candeebaar.ee\/?post_type=product&#038;p=11641"},"modified":"2025-10-25T09:06:20","modified_gmt":"2025-10-25T07:06:20","slug":"puistad-ice-ice-baby-45g","status":"publish","type":"product","link":"https:\/\/candeebaar.ee\/et\/pood\/puistad-ice-ice-baby-45g\/","title":{"rendered":"Sprinkles \u201cIce Ice Baby\u201d 45g"},"content":{"rendered":"<p>Sprinkles segada.<\/p>\n<p>Koostisosad:<\/p>\n<p>Suhkur, t\u00e4rklis (<b>NISU<\/b>, mais, kartul, riis), jahu (<b>NISU<\/b>, riis),\u00a0<b>NISU<\/b>manna, taime\u00f5lid (rapsiseemned, t\u00e4ielikult h\u00fcdrogeenitud rapsiseemned, kookosp\u00e4hkel), gl\u00fckoosisiirup, dekstroos, maltodekstriin, terve\u00a0<b>PIIM\u00a0<\/b>pulber, kakaov\u00f5i, kakaomass, v\u00e4rvained (E100, E120, E132, E133, E162, E173, E174), toiduv\u00e4rv (\u00f5unakontsentraat, porgandimahl, peedimahl, safloor, spirulina, sidrun), l\u00f5hna- ja maitseaine, looduslik vanilje maitseaine, E903,9 paksaine, E903,9 (E406, E414), emulgaator (letsitiin (p\u00e4evalill,\u00a0<b>SOJA<\/b>), E473), \u017eelatiin (veiseliha), eraldusaine (E470b, E553b). V\u00f5ib sisaldada j\u00e4lgi\u00a0<b>P\u00c4HKLID<\/b>.<\/p>\n<p>Toitumisalased faktid 100 g kohta:<\/p>\n<p>kcal: 421; kj: 1775; rasv: 6,6 g; millest k\u00fcllastunud rasvhappeid: 4,1g; s\u00fcsivesikud: 87,4g; millest suhkrud: 72,9g; valk: 1,7g; sool: 0,1 g<\/p>\n<p>Ei sobi alla 3-aastastele lastele. M\u00f5ned elemendid v\u00f5ivad hammastele rasked olla.<br \/>\nTootja: Saksamaa<br \/>\nS\u00e4ilivusaeg: aprill 2026<\/p>","protected":false},"excerpt":{"rendered":"<p>Sprinkles segada. Koostis: suhkur, t\u00e4rklis (NISU, mais, kartul, riis), jahu (NISU, riis), NISU manna, taime\u00f5lid (raps, t\u00e4ielikult h\u00fcdrogeenitud raps, kookos), gl\u00fckoosisiirup, dekstroos, maltodekstriin, t\u00e4ispiimapulber, kakaov\u00f5i, v\u00e4rvaine, kakao E133, E162, E173, E174), toiduv\u00e4rv (\u00f5una, porgandimahla, peedimahla, safloori, spirulina, sidruni kontsentraat), l\u00f5hna- ja maitseaine, looduslik vanilje maitseaine, glaseeraine (E901, [\u2026]<\/p>","protected":false},"featured_media":11642,"template":"","meta":{"_seopress_robots_primary_cat":"none","_seopress_titles_title":"","_seopress_titles_desc":"","_seopress_robots_index":""},"product_brand":[],"product_cat":[15,104,106],"product_tag":[],"class_list":{"0":"post-11641","1":"product","2":"type-product","3":"status-publish","4":"has-post-thumbnail","6":"product_cat-all-products","7":"product_cat-sprinkles","8":"product_cat-new","10":"first","11":"outofstock","12":"taxable","13":"shipping-taxable","14":"purchasable","15":"product-type-simple"},"_links":{"self":[{"href":"https:\/\/candeebaar.ee\/et\/wp-json\/wp\/v2\/product\/11641","targetHints":{"allow":["GET"]}}],"collection":[{"href":"https:\/\/candeebaar.ee\/et\/wp-json\/wp\/v2\/product"}],"about":[{"href":"https:\/\/candeebaar.ee\/et\/wp-json\/wp\/v2\/types\/product"}],"version-history":[{"count":1,"href":"https:\/\/candeebaar.ee\/et\/wp-json\/wp\/v2\/product\/11641\/revisions"}],"predecessor-version":[{"id":11643,"href":"https:\/\/candeebaar.ee\/et\/wp-json\/wp\/v2\/product\/11641\/revisions\/11643"}],"wp:featuredmedia":[{"embeddable":true,"href":"https:\/\/candeebaar.ee\/et\/wp-json\/wp\/v2\/media\/11642"}],"wp:attachment":[{"href":"https:\/\/candeebaar.ee\/et\/wp-json\/wp\/v2\/media?parent=11641"}],"wp:term":[{"taxonomy":"product_brand","embeddable":true,"href":"https:\/\/candeebaar.ee\/et\/wp-json\/wp\/v2\/product_brand?post=11641"},{"taxonomy":"product_cat","embeddable":true,"href":"https:\/\/candeebaar.ee\/et\/wp-json\/wp\/v2\/product_cat?post=11641"},{"taxonomy":"product_tag","embeddable":true,"href":"https:\/\/candeebaar.ee\/et\/wp-json\/wp\/v2\/product_tag?post=11641"}],"curies":[{"name":"t\u00f6\u00f6leht","href":"https:\/\/api.w.org\/{rel}","templated":true}]}}