{"id":11879,"date":"2025-04-21T10:58:56","date_gmt":"2025-04-21T08:58:56","guid":{"rendered":"https:\/\/candeebaar.ee\/?post_type=product&#038;p=11879"},"modified":"2026-04-13T14:48:56","modified_gmt":"2026-04-13T12:48:56","slug":"karp-tordi-jaoks-30x40x20cm-aknaga","status":"publish","type":"product","link":"https:\/\/candeebaar.ee\/et\/pood\/karp-tordi-jaoks-30x40x20cm-aknaga\/","title":{"rendered":"Koogikarp aknaga 30x40x25cm"},"content":{"rendered":"<p>Karp suurte kookide jaoks.<br \/>\nMaterjal: mikrolainepapist alus + papp ja plastikkate<br \/>\nV\u00e4rv: valge<br \/>\nM\u00f5\u00f5dud: 30x40x25 cm<\/p>","protected":false},"excerpt":{"rendered":"<p>Suurte kookide karp. Materjal: mikrolainepapist alus + papp ja plastkaaned. V\u00e4rv: valge. M\u00f5\u00f5dud: 30x40x25 cm.<\/p>","protected":false},"featured_media":10963,"template":"","meta":{"_seopress_robots_primary_cat":"none","_seopress_titles_title":"","_seopress_titles_desc":"","_seopress_robots_index":""},"product_brand":[],"product_cat":[15,134,137,106],"product_tag":[],"class_list":{"0":"post-11879","1":"product","2":"type-product","3":"status-publish","4":"has-post-thumbnail","6":"product_cat-all-products","7":"product_cat-30cm-base","8":"product_cat-rectangular","9":"product_cat-new","11":"first","12":"outofstock","13":"taxable","14":"shipping-taxable","15":"purchasable","16":"product-type-simple"},"_links":{"self":[{"href":"https:\/\/candeebaar.ee\/et\/wp-json\/wp\/v2\/product\/11879","targetHints":{"allow":["GET"]}}],"collection":[{"href":"https:\/\/candeebaar.ee\/et\/wp-json\/wp\/v2\/product"}],"about":[{"href":"https:\/\/candeebaar.ee\/et\/wp-json\/wp\/v2\/types\/product"}],"version-history":[{"count":2,"href":"https:\/\/candeebaar.ee\/et\/wp-json\/wp\/v2\/product\/11879\/revisions"}],"predecessor-version":[{"id":16260,"href":"https:\/\/candeebaar.ee\/et\/wp-json\/wp\/v2\/product\/11879\/revisions\/16260"}],"wp:featuredmedia":[{"embeddable":true,"href":"https:\/\/candeebaar.ee\/et\/wp-json\/wp\/v2\/media\/10963"}],"wp:attachment":[{"href":"https:\/\/candeebaar.ee\/et\/wp-json\/wp\/v2\/media?parent=11879"}],"wp:term":[{"taxonomy":"product_brand","embeddable":true,"href":"https:\/\/candeebaar.ee\/et\/wp-json\/wp\/v2\/product_brand?post=11879"},{"taxonomy":"product_cat","embeddable":true,"href":"https:\/\/candeebaar.ee\/et\/wp-json\/wp\/v2\/product_cat?post=11879"},{"taxonomy":"product_tag","embeddable":true,"href":"https:\/\/candeebaar.ee\/et\/wp-json\/wp\/v2\/product_tag?post=11879"}],"curies":[{"name":"t\u00f6\u00f6leht","href":"https:\/\/api.w.org\/{rel}","templated":true}]}}