{"id":11984,"date":"2025-04-25T13:23:56","date_gmt":"2025-04-25T11:23:56","guid":{"rendered":"https:\/\/candeebaar.ee\/?post_type=product&#038;p=11984"},"modified":"2026-04-05T09:15:57","modified_gmt":"2026-04-05T07:15:57","slug":"puistad-kommikuninganna-45g","status":"publish","type":"product","link":"https:\/\/candeebaar.ee\/et\/pood\/puistad-kommikuninganna-45g\/","title":{"rendered":"Sprinkles \u201cCandy Queen\u201d 45g"},"content":{"rendered":"<p>Puistad magustoitude kaunistamiseks.<\/p>\n<p style=\"font-weight: 400;\"><span style=\"font-style: inherit; font-weight: inherit;\"><strong style=\"font-style: inherit; font-weight: 600;\">Koostisosad<\/strong>:<br \/>\npaisutatud riis (<strong>gluteen<\/strong>), suhkrusiirup, maisit\u00e4rklis, tuhksuhkur, E102, E124, E174, vesi, \u0161ellak.<\/span><\/p>\n<p style=\"font-weight: 400;\"><span style=\"font-style: inherit; font-weight: inherit;\">Sisaldab E102, E124, mis v\u00f5ivad avaldada kahjulikku m\u00f5ju laste aktiivsusele ja t\u00e4helepanuv\u00f5imele.<\/span><\/p>\n<p style=\"font-weight: 400;\"><span style=\"font-style: inherit; font-weight: inherit;\"><strong style=\"font-style: inherit; font-weight: 600;\">Toitumisalased faktid:<\/strong><\/span><\/p>\n<table style=\"font-weight: 400; height: 412px;\" width=\"514\">\n<tbody style=\"font-style: inherit; font-weight: inherit;\">\n<tr style=\"font-style: inherit; font-weight: inherit;\">\n<td style=\"font-style: inherit; font-weight: inherit;\" colspan=\"2\" width=\"510\">\n<p style=\"font-style: inherit; font-weight: inherit;\"><span style=\"font-style: inherit; font-weight: inherit;\">100 g sisaldab keskmist v\u00e4\u00e4rtust:<\/span><\/p>\n<\/td>\n<\/tr>\n<tr style=\"font-style: inherit; font-weight: inherit;\">\n<td style=\"font-style: inherit; font-weight: inherit;\" width=\"200\">\n<p style=\"font-style: inherit; font-weight: inherit;\">Energia<\/p>\n<\/td>\n<td style=\"font-style: inherit; font-weight: inherit;\" width=\"310\">\n<p style=\"font-style: inherit; font-weight: inherit;\"><span style=\"font-style: inherit; font-weight: inherit;\">1646 kJ\u00a0<\/span><\/p>\n<p style=\"font-style: inherit; font-weight: inherit;\"><span style=\"font-style: inherit; font-weight: inherit;\">389 kcal\u00a0<\/span><\/p>\n<\/td>\n<\/tr>\n<tr style=\"font-style: inherit; font-weight: inherit;\">\n<td style=\"font-style: inherit; font-weight: inherit;\" width=\"200\">\n<p style=\"font-style: inherit; font-weight: inherit;\"><span style=\"font-style: inherit; font-weight: inherit;\">Valgud<\/span><\/p>\n<\/td>\n<td style=\"font-style: inherit; font-weight: inherit;\" width=\"310\">\n<p style=\"font-style: inherit; font-weight: inherit;\"><span style=\"font-style: inherit; font-weight: inherit;\">0 g<\/span><\/p>\n<\/td>\n<\/tr>\n<tr style=\"font-style: inherit; font-weight: inherit;\">\n<td style=\"font-style: inherit; font-weight: inherit;\" width=\"200\">\n<p style=\"font-style: inherit; font-weight: inherit;\"><span style=\"font-style: inherit; font-weight: inherit;\">Rasvad<br \/>\n\u2013 k\u00fcllastunud\u00a0<\/span><\/p>\n<\/td>\n<td style=\"font-style: inherit; font-weight: inherit;\" width=\"310\">\n<p style=\"font-style: inherit; font-weight: inherit;\"><span style=\"font-style: inherit; font-weight: inherit;\">0 g<\/span><\/p>\n<p style=\"font-style: inherit; font-weight: inherit;\"><span style=\"font-style: inherit; font-weight: inherit;\">- 0 g<\/span><\/p>\n<\/td>\n<\/tr>\n<tr style=\"font-style: inherit; font-weight: inherit;\">\n<td style=\"font-style: inherit; font-weight: inherit;\" width=\"200\">\n<p style=\"font-style: inherit; font-weight: inherit;\"><span style=\"font-style: inherit; font-weight: inherit;\">S\u00fcsivesikud kokku<\/span><\/p>\n<p style=\"font-style: inherit; font-weight: inherit;\"><span style=\"font-style: inherit; font-weight: inherit;\">- Suhkur<\/span><\/p>\n<\/td>\n<td style=\"font-style: inherit; font-weight: inherit;\" width=\"310\">\n<p style=\"font-style: inherit; font-weight: inherit;\"><span style=\"font-style: inherit; font-weight: inherit;\">97<\/span><span style=\"font-style: inherit; font-weight: inherit;\">.0<\/span><span style=\"font-style: inherit; font-weight: inherit;\">g<\/span><\/p>\n<p style=\"font-style: inherit; font-weight: inherit;\"><span style=\"font-style: inherit; font-weight: inherit;\">- 78 g<\/span><\/p>\n<\/td>\n<\/tr>\n<tr style=\"font-style: inherit; font-weight: inherit;\">\n<td style=\"font-style: inherit; font-weight: inherit;\" width=\"200\">\n<p style=\"font-style: inherit; font-weight: inherit;\"><span style=\"font-style: inherit; font-weight: inherit;\">Naatrium<\/span><\/p>\n<\/td>\n<td style=\"font-style: inherit; font-weight: inherit;\" width=\"310\">\n<p style=\"font-style: inherit; font-weight: inherit;\"><span style=\"font-style: inherit; font-weight: inherit;\">0,0 g<\/span><\/p>\n<\/td>\n<\/tr>\n<\/tbody>\n<\/table>\n<p>Ei sobi alla 3-aastastele lastele. Enamiku elementide sees on pehme riisip\u00f5hi, samas kui m\u00f5ned v\u00f5ivad olla k\u00f5vad.<br \/>\nTootja: Saksamaa<br \/>\nS\u00e4ilivusaeg: m\u00e4rts 2027<\/p>","protected":false},"excerpt":{"rendered":"<p>Puistad magustoitude kaunistamiseks. Koostis: paisutatud riis (gluteen), suhkrusiirup, maisit\u00e4rklis, tuhksuhkur, E102, E124, E174, vesi, \u0161ellak. Sisaldab E102, E124, mis v\u00f5ivad avaldada kahjulikku m\u00f5ju laste aktiivsusele ja t\u00e4helepanuv\u00f5imele. Toitumisalased faktid: 100 g sisaldab keskmiselt: energiat 1646 kJ 389 kcal valke 0 g rasvu \u2013 k\u00fcllastunud 0 g \u2013 0 g s\u00fcsivesikuid kokku [\u2026]<\/p>","protected":false},"featured_media":11999,"template":"","meta":{"_seopress_robots_primary_cat":"none","_seopress_titles_title":"","_seopress_titles_desc":"","_seopress_robots_index":""},"product_brand":[],"product_cat":[15,104,106],"product_tag":[],"class_list":{"0":"post-11984","1":"product","2":"type-product","3":"status-publish","4":"has-post-thumbnail","6":"product_cat-all-products","7":"product_cat-sprinkles","8":"product_cat-new","10":"first","11":"outofstock","12":"taxable","13":"shipping-taxable","14":"purchasable","15":"product-type-simple"},"_links":{"self":[{"href":"https:\/\/candeebaar.ee\/et\/wp-json\/wp\/v2\/product\/11984","targetHints":{"allow":["GET"]}}],"collection":[{"href":"https:\/\/candeebaar.ee\/et\/wp-json\/wp\/v2\/product"}],"about":[{"href":"https:\/\/candeebaar.ee\/et\/wp-json\/wp\/v2\/types\/product"}],"version-history":[{"count":5,"href":"https:\/\/candeebaar.ee\/et\/wp-json\/wp\/v2\/product\/11984\/revisions"}],"predecessor-version":[{"id":15698,"href":"https:\/\/candeebaar.ee\/et\/wp-json\/wp\/v2\/product\/11984\/revisions\/15698"}],"wp:featuredmedia":[{"embeddable":true,"href":"https:\/\/candeebaar.ee\/et\/wp-json\/wp\/v2\/media\/11999"}],"wp:attachment":[{"href":"https:\/\/candeebaar.ee\/et\/wp-json\/wp\/v2\/media?parent=11984"}],"wp:term":[{"taxonomy":"product_brand","embeddable":true,"href":"https:\/\/candeebaar.ee\/et\/wp-json\/wp\/v2\/product_brand?post=11984"},{"taxonomy":"product_cat","embeddable":true,"href":"https:\/\/candeebaar.ee\/et\/wp-json\/wp\/v2\/product_cat?post=11984"},{"taxonomy":"product_tag","embeddable":true,"href":"https:\/\/candeebaar.ee\/et\/wp-json\/wp\/v2\/product_tag?post=11984"}],"curies":[{"name":"t\u00f6\u00f6leht","href":"https:\/\/api.w.org\/{rel}","templated":true}]}}