{"id":12001,"date":"2025-04-25T13:34:41","date_gmt":"2025-04-25T11:34:41","guid":{"rendered":"https:\/\/candeebaar.ee\/?post_type=product&#038;p=12001"},"modified":"2026-01-20T11:40:56","modified_gmt":"2026-01-20T09:40:56","slug":"sprinkles-girl-power-45g","status":"publish","type":"product","link":"https:\/\/candeebaar.ee\/et\/pood\/sprinkles-girl-power-45g\/","title":{"rendered":"Sprinkles \u201cGirl Power\u201d 45g"},"content":{"rendered":"<p>Puistad magustoitude kaunistamiseks.<\/p>\n<p><strong>Koostisosad<\/strong>:<br \/>\nsuhkur, dekstroos, dekstriin, paisutatud riis (<strong>gluteen<\/strong>), riisijahu, rafineeritud desodoreeritud palmi\u00f5li, kookos\u00f5li, letsitiin, magneesiumstearaat, karnaubavaha, karboks\u00fcmet\u00fc\u00fcltselluloos, vanilje maitseaine, tuhksuhkur, maisit\u00e4rklis, v\u00e4rvained: E124, E174, kummiaraabik, talk, \u0161ellak.<br \/>\nV\u00f5ib sisaldada j\u00e4lgi <strong>munad, piim ja p\u00e4hklid<\/strong>.<\/p>\n<p>Sisaldab ponsot (E124) ja v\u00f5ib seet\u00f5ttu kahjustada laste aktiivsust ja t\u00e4helepanu.<\/p>\n<p><strong>Toitumisalased faktid:<\/strong><\/p>\n<table width=\"510\">\n<tbody>\n<tr>\n<td colspan=\"2\" width=\"510\">100 g sisaldab keskmist v\u00e4\u00e4rtust:<\/td>\n<\/tr>\n<tr>\n<td width=\"200\">Kalorite v\u00e4\u00e4rtus<\/td>\n<td width=\"310\">1625,5 kJ \/ 385,1 kcal<\/td>\n<\/tr>\n<tr>\n<td width=\"200\">Valgud<\/td>\n<td width=\"310\">1,07 g<\/td>\n<\/tr>\n<tr>\n<td width=\"200\">Rasvad<\/p>\n<p>\u2013 k\u00fcllastunud<\/td>\n<td width=\"310\">1,21 g<\/p>\n<p>- 0,48 g<\/td>\n<\/tr>\n<tr>\n<td width=\"200\">S\u00fcsivesikud kokku \u2013 suhkur<\/td>\n<td width=\"310\">91,3g\u201362,1g<\/td>\n<\/tr>\n<tr>\n<td width=\"200\">Naatrium<\/td>\n<td width=\"310\">0,0 g<\/td>\n<\/tr>\n<\/tbody>\n<\/table>\n<p style=\"font-weight: 400;\">Ei sobi alla 3-aastastele lastele. Enamiku elementide sees on pehme riisip\u00f5hi, samas kui m\u00f5ned v\u00f5ivad olla k\u00f5vad.<\/p>\n<p>Tootja: Saksamaa<br \/>\nS\u00e4ilivusaeg: detsember 2027<\/p>","protected":false},"excerpt":{"rendered":"<p>Puistad magustoitude kaunistamiseks. Koostis: suhkur, dekstroos, dekstriin, paisutatud riis (gluteen), riisijahu, rafineeritud desodoreeritud palmi\u00f5li, kookos\u00f5li, letsitiin, magneesiumstearaat, karnaubavaha, karboks\u00fcmet\u00fc\u00fcltselluloos, vanilli l\u00f5hna- ja maitseaine, tuhksuhkur, maisit\u00e4rklis, v\u00e4rvained: E124, arllaabik, E17,4. V\u00f5ib sisaldada munade, piima ja p\u00e4hklite j\u00e4lgi. Sisaldab ponsot (E124) ja v\u00f5ib seet\u00f5ttu kahjustada aktiivsust ja [\u2026]<\/p>","protected":false},"featured_media":11998,"template":"","meta":{"_seopress_robots_primary_cat":"none","_seopress_titles_title":"","_seopress_titles_desc":"","_seopress_robots_index":""},"product_brand":[],"product_cat":[15,104,106],"product_tag":[],"class_list":{"0":"post-12001","1":"product","2":"type-product","3":"status-publish","4":"has-post-thumbnail","6":"product_cat-all-products","7":"product_cat-sprinkles","8":"product_cat-new","10":"first","11":"outofstock","12":"taxable","13":"shipping-taxable","14":"purchasable","15":"product-type-simple"},"_links":{"self":[{"href":"https:\/\/candeebaar.ee\/et\/wp-json\/wp\/v2\/product\/12001","targetHints":{"allow":["GET"]}}],"collection":[{"href":"https:\/\/candeebaar.ee\/et\/wp-json\/wp\/v2\/product"}],"about":[{"href":"https:\/\/candeebaar.ee\/et\/wp-json\/wp\/v2\/types\/product"}],"version-history":[{"count":3,"href":"https:\/\/candeebaar.ee\/et\/wp-json\/wp\/v2\/product\/12001\/revisions"}],"predecessor-version":[{"id":12942,"href":"https:\/\/candeebaar.ee\/et\/wp-json\/wp\/v2\/product\/12001\/revisions\/12942"}],"wp:featuredmedia":[{"embeddable":true,"href":"https:\/\/candeebaar.ee\/et\/wp-json\/wp\/v2\/media\/11998"}],"wp:attachment":[{"href":"https:\/\/candeebaar.ee\/et\/wp-json\/wp\/v2\/media?parent=12001"}],"wp:term":[{"taxonomy":"product_brand","embeddable":true,"href":"https:\/\/candeebaar.ee\/et\/wp-json\/wp\/v2\/product_brand?post=12001"},{"taxonomy":"product_cat","embeddable":true,"href":"https:\/\/candeebaar.ee\/et\/wp-json\/wp\/v2\/product_cat?post=12001"},{"taxonomy":"product_tag","embeddable":true,"href":"https:\/\/candeebaar.ee\/et\/wp-json\/wp\/v2\/product_tag?post=12001"}],"curies":[{"name":"t\u00f6\u00f6leht","href":"https:\/\/api.w.org\/{rel}","templated":true}]}}