{"id":12009,"date":"2025-04-25T14:15:21","date_gmt":"2025-04-25T12:15:21","guid":{"rendered":"https:\/\/candeebaar.ee\/?post_type=product&#038;p=12009"},"modified":"2026-04-12T18:27:14","modified_gmt":"2026-04-12T16:27:14","slug":"puistad-naistepidu-45g","status":"publish","type":"product","link":"https:\/\/candeebaar.ee\/et\/pood\/puistad-naistepidu-45g\/","title":{"rendered":"Sprinkles \u201cLadies Party\u201d 45g"},"content":{"rendered":"<p>Puistad magustoitude kaunistamiseks.<\/p>\n<p><strong>Koostisosad<\/strong>:<\/p>\n<p>paisutatud riis (gluteen), suhkrusiirup, maisit\u00e4rklis, tuhksuhkur, E170, E124, E174, <b>NISU\u00a0<\/b>jahu, vesi, kummiaraabik, Capol\u00ae glasuuriaine<\/p>\n<p>Sisaldab E124, mis v\u00f5ib avaldada kahjulikku m\u00f5ju laste aktiivsusele ja t\u00e4helepanuv\u00f5imele.<\/p>\n<p>V\u00f5ib sisaldada j\u00e4lgi <strong>munad, piim ja p\u00e4hklid<\/strong>.<\/p>\n<p>Sisaldab (E102) ja v\u00f5ib seet\u00f5ttu kahjustada laste aktiivsust ja t\u00e4helepanu.<\/p>\n<p><strong>Toitumisalased faktid:<\/strong><\/p>\n<table width=\"510\">\n<tbody>\n<tr>\n<td colspan=\"2\" width=\"510\">100 g sisaldab keskmist v\u00e4\u00e4rtust:<\/td>\n<\/tr>\n<tr>\n<td width=\"200\">Kalorite v\u00e4\u00e4rtus<\/td>\n<td width=\"310\">1651 kJ \/ 389,8 kcal<\/td>\n<\/tr>\n<tr>\n<td width=\"200\">Valgud<\/td>\n<td width=\"310\">0,4 g<\/td>\n<\/tr>\n<tr>\n<td width=\"200\">Rasvad<\/p>\n<p>\u2013 k\u00fcllastunud<\/td>\n<td width=\"310\">0,12 g<\/p>\n<p>- 0,01 g<\/td>\n<\/tr>\n<tr>\n<td width=\"200\">S\u00fcsivesikud kokku \u2013 suhkur<\/td>\n<td width=\"310\">95,5-60,5 g<\/td>\n<\/tr>\n<tr>\n<td width=\"200\">soola<\/td>\n<td width=\"310\">0,002 g<\/td>\n<\/tr>\n<\/tbody>\n<\/table>\n<p style=\"font-weight: 400;\">Ei sobi alla 3-aastastele lastele. Enamiku elementide sees on pehme riisip\u00f5hi, samas kui m\u00f5ned v\u00f5ivad olla k\u00f5vad.<\/p>\n<p>Tootja: Saksamaa<br \/>\nS\u00e4ilivusaeg: juuli 2027<\/p>","protected":false},"excerpt":{"rendered":"<p>Puistad magustoitude kaunistamiseks. Koostis: paisutatud riis (gluteen), suhkrusiirup, maisit\u00e4rklis, tuhksuhkur, E170, E124, E174, NISUjahu, vesi, akaatsiakummi, Capol\u00ae glasuuriaine Sisaldab E124, mis v\u00f5ib avaldada kahjulikku m\u00f5ju laste aktiivsusele ja t\u00e4helepanuv\u00f5imele. V\u00f5ib sisaldada munade, piima ja p\u00e4hklite j\u00e4lgi. Sisaldab (E102) ja v\u00f5ib seet\u00f5ttu kahjustada aktiivsust ja t\u00e4helepanu [\u2026]<\/p>","protected":false},"featured_media":11996,"template":"","meta":{"_seopress_robots_primary_cat":"none","_seopress_titles_title":"","_seopress_titles_desc":"","_seopress_robots_index":""},"product_brand":[],"product_cat":[15,104,106],"product_tag":[],"class_list":{"0":"post-12009","1":"product","2":"type-product","3":"status-publish","4":"has-post-thumbnail","6":"product_cat-all-products","7":"product_cat-sprinkles","8":"product_cat-new","10":"first","11":"outofstock","12":"taxable","13":"shipping-taxable","14":"purchasable","15":"product-type-simple"},"_links":{"self":[{"href":"https:\/\/candeebaar.ee\/et\/wp-json\/wp\/v2\/product\/12009","targetHints":{"allow":["GET"]}}],"collection":[{"href":"https:\/\/candeebaar.ee\/et\/wp-json\/wp\/v2\/product"}],"about":[{"href":"https:\/\/candeebaar.ee\/et\/wp-json\/wp\/v2\/types\/product"}],"version-history":[{"count":1,"href":"https:\/\/candeebaar.ee\/et\/wp-json\/wp\/v2\/product\/12009\/revisions"}],"predecessor-version":[{"id":12010,"href":"https:\/\/candeebaar.ee\/et\/wp-json\/wp\/v2\/product\/12009\/revisions\/12010"}],"wp:featuredmedia":[{"embeddable":true,"href":"https:\/\/candeebaar.ee\/et\/wp-json\/wp\/v2\/media\/11996"}],"wp:attachment":[{"href":"https:\/\/candeebaar.ee\/et\/wp-json\/wp\/v2\/media?parent=12009"}],"wp:term":[{"taxonomy":"product_brand","embeddable":true,"href":"https:\/\/candeebaar.ee\/et\/wp-json\/wp\/v2\/product_brand?post=12009"},{"taxonomy":"product_cat","embeddable":true,"href":"https:\/\/candeebaar.ee\/et\/wp-json\/wp\/v2\/product_cat?post=12009"},{"taxonomy":"product_tag","embeddable":true,"href":"https:\/\/candeebaar.ee\/et\/wp-json\/wp\/v2\/product_tag?post=12009"}],"curies":[{"name":"t\u00f6\u00f6leht","href":"https:\/\/api.w.org\/{rel}","templated":true}]}}