{"id":12011,"date":"2025-04-25T14:19:44","date_gmt":"2025-04-25T12:19:44","guid":{"rendered":"https:\/\/candeebaar.ee\/?post_type=product&#038;p=12011"},"modified":"2026-01-05T10:48:04","modified_gmt":"2026-01-05T08:48:04","slug":"puistad-armastan-sind-45g","status":"publish","type":"product","link":"https:\/\/candeebaar.ee\/et\/pood\/puistad-armastan-sind-45g\/","title":{"rendered":"Sprinkles \u201cLove You\u201d 45g"},"content":{"rendered":"<p>Puistad magustoitude kaunistamiseks.<\/p>\n<p><strong>Koostisosad<\/strong>:<\/p>\n<p>valge suhkur, nisu- ja riisijahu (<strong>gluteen<\/strong>), taimerasv (osaliselt h\u00fcdrogeenitud palmi- ja p\u00e4evalille\u00f5li, emulgaator (E471), antioks\u00fcdant (E320, E321)), melass, mais ja modifitseeritud maisit\u00e4rklis, paksendaja: tragant, kummiaraabik, KMC, glasuuriaine &quot;Kapol&quot; (\u0161ellak, taime\u00f5li, etanool, 2).<\/p>\n<p>Sisaldab E102, E110, E124 ja v\u00f5ib seet\u00f5ttu kahjustada laste aktiivsust ja t\u00e4helepanu.<\/p>\n<p>V\u00f5ib sisaldada j\u00e4lgi <strong>munad, piim ja p\u00e4hklid<\/strong>.<\/p>\n<p>Sisaldab (E102) ja v\u00f5ib seet\u00f5ttu kahjustada laste aktiivsust ja t\u00e4helepanu.<\/p>\n<p><strong>Toitumisalased faktid:<\/strong><\/p>\n<table style=\"font-weight: 400;\" width=\"552\">\n<thead style=\"font-style: inherit; font-weight: inherit;\">\n<tr style=\"font-style: inherit; font-weight: inherit;\">\n<td style=\"font-style: inherit; font-weight: inherit;\" width=\"250\">\n<p style=\"font-style: inherit; font-weight: inherit;\"><span style=\"font-style: inherit; font-weight: inherit;\">T\u00fc\u00fcpilised v\u00e4\u00e4rtused<\/span><\/p>\n<\/td>\n<td style=\"font-style: inherit; font-weight: inherit;\" width=\"302\">\n<p style=\"font-style: inherit; font-weight: inherit;\"><span style=\"font-style: inherit; font-weight: inherit;\">100g kohta<\/span><\/p>\n<\/td>\n<\/tr>\n<\/thead>\n<tbody style=\"font-style: inherit; font-weight: inherit;\">\n<tr style=\"font-style: inherit; font-weight: inherit;\">\n<td style=\"font-style: inherit; font-weight: inherit;\" width=\"250\">\n<p style=\"font-style: inherit; font-weight: inherit;\"><span style=\"font-style: inherit; font-weight: inherit;\">Energia<\/span><\/p>\n<\/td>\n<td style=\"font-style: inherit; font-weight: inherit;\" width=\"302\"><span style=\"font-style: inherit; font-weight: inherit;\">1544<\/span><span style=\"font-style: inherit; font-weight: inherit;\">kJ\/3<\/span><span style=\"font-style: inherit; font-weight: inherit;\">69<\/span><span style=\"font-style: inherit; font-weight: inherit;\">kcal<\/span><\/td>\n<\/tr>\n<tr style=\"font-style: inherit; font-weight: inherit;\">\n<td style=\"font-style: inherit; font-weight: inherit;\" width=\"250\">\n<p style=\"font-style: inherit; font-weight: inherit;\"><span style=\"font-style: inherit; font-weight: inherit;\">Rasvad<\/span><\/p>\n<\/td>\n<td style=\"font-style: inherit; font-weight: inherit;\" width=\"302\"><span style=\"font-style: inherit; font-weight: inherit;\">3,80 g<\/span><\/td>\n<\/tr>\n<tr style=\"font-style: inherit; font-weight: inherit;\">\n<td style=\"font-style: inherit; font-weight: inherit;\" width=\"250\">\n<p style=\"font-style: inherit; font-weight: inherit;\">millest k\u00fcllastunud<\/p>\n<\/td>\n<td style=\"font-style: inherit; font-weight: inherit;\" width=\"302\"><span style=\"font-style: inherit; font-weight: inherit;\">1.60<\/span><span style=\"font-style: inherit; font-weight: inherit;\">g<\/span><\/td>\n<\/tr>\n<tr style=\"font-style: inherit; font-weight: inherit;\">\n<td style=\"font-style: inherit; font-weight: inherit;\" width=\"250\">\n<p style=\"font-style: inherit; font-weight: inherit;\">S\u00fcsivesikuid<\/p>\n<\/td>\n<td style=\"font-style: inherit; font-weight: inherit;\" width=\"302\"><span style=\"font-style: inherit; font-weight: inherit;\">82.0<\/span><span style=\"font-style: inherit; font-weight: inherit;\">g<\/span><\/td>\n<\/tr>\n<tr style=\"font-style: inherit; font-weight: inherit;\">\n<td style=\"font-style: inherit; font-weight: inherit;\" width=\"250\">\n<p style=\"font-style: inherit; font-weight: inherit;\">millest suhkrud<\/p>\n<\/td>\n<td style=\"font-style: inherit; font-weight: inherit;\" width=\"302\"><span style=\"font-style: inherit; font-weight: inherit;\">67.0<\/span><span style=\"font-style: inherit; font-weight: inherit;\">g<\/span><\/td>\n<\/tr>\n<tr style=\"font-style: inherit; font-weight: inherit;\">\n<td style=\"font-style: inherit; font-weight: inherit;\" width=\"250\">\n<p style=\"font-style: inherit; font-weight: inherit;\"><span style=\"font-style: inherit; font-weight: inherit;\">Valk<\/span><\/p>\n<\/td>\n<td style=\"font-style: inherit; font-weight: inherit;\" width=\"302\"><span style=\"font-style: inherit; font-weight: inherit;\">1.70<\/span><span style=\"font-style: inherit; font-weight: inherit;\">g<\/span><\/td>\n<\/tr>\n<tr style=\"font-style: inherit; font-weight: inherit;\">\n<td style=\"font-style: inherit; font-weight: inherit;\" width=\"250\">\n<p style=\"font-style: inherit; font-weight: inherit;\"><span style=\"font-style: inherit; font-weight: inherit;\">soola<\/span><\/p>\n<\/td>\n<td style=\"font-style: inherit; font-weight: inherit;\" width=\"302\"><span style=\"font-style: inherit; font-weight: inherit;\">0.<\/span><span style=\"font-style: inherit; font-weight: inherit;\">00<\/span><span style=\"font-style: inherit; font-weight: inherit;\">g<\/span><\/td>\n<\/tr>\n<\/tbody>\n<\/table>\n<p>&nbsp;<\/p>\n<p style=\"font-weight: 400;\">Ei sobi alla 3-aastastele lastele.<br \/>\nTootja: Saksamaa<br \/>\nS\u00e4ilivusaeg: detsember 2027<\/p>","protected":false},"excerpt":{"rendered":"<p>Puistad magustoitude kaunistamiseks. Koostis: valge suhkur, nisu- ja riisijahu (gluteen), taimne rasv (osaliselt h\u00fcdrogeenitud palmi- ja p\u00e4evalille\u00f5li, emulgaator (E471), antioks\u00fcdant (E320, E321)), melass, mais ja modifitseeritud maisit\u00e4rklis, paksendaja: tragant, kummiaraabik, KMC, taimne glasuur, \u00f5li, glasuur V\u00e4rvus: E124. Sisaldab E102, E110, E124 ja v\u00f5ib seet\u00f5ttu kahjustada aktiivsust [\u2026]<\/p>","protected":false},"featured_media":11995,"template":"","meta":{"_seopress_robots_primary_cat":"none","_seopress_titles_title":"","_seopress_titles_desc":"","_seopress_robots_index":""},"product_brand":[],"product_cat":[183,15,104,106],"product_tag":[],"class_list":{"0":"post-12011","1":"product","2":"type-product","3":"status-publish","4":"has-post-thumbnail","6":"product_cat-valentines-day","7":"product_cat-all-products","8":"product_cat-sprinkles","9":"product_cat-new","11":"first","12":"outofstock","13":"taxable","14":"shipping-taxable","15":"purchasable","16":"product-type-simple"},"_links":{"self":[{"href":"https:\/\/candeebaar.ee\/et\/wp-json\/wp\/v2\/product\/12011","targetHints":{"allow":["GET"]}}],"collection":[{"href":"https:\/\/candeebaar.ee\/et\/wp-json\/wp\/v2\/product"}],"about":[{"href":"https:\/\/candeebaar.ee\/et\/wp-json\/wp\/v2\/types\/product"}],"version-history":[{"count":3,"href":"https:\/\/candeebaar.ee\/et\/wp-json\/wp\/v2\/product\/12011\/revisions"}],"predecessor-version":[{"id":14910,"href":"https:\/\/candeebaar.ee\/et\/wp-json\/wp\/v2\/product\/12011\/revisions\/14910"}],"wp:featuredmedia":[{"embeddable":true,"href":"https:\/\/candeebaar.ee\/et\/wp-json\/wp\/v2\/media\/11995"}],"wp:attachment":[{"href":"https:\/\/candeebaar.ee\/et\/wp-json\/wp\/v2\/media?parent=12011"}],"wp:term":[{"taxonomy":"product_brand","embeddable":true,"href":"https:\/\/candeebaar.ee\/et\/wp-json\/wp\/v2\/product_brand?post=12011"},{"taxonomy":"product_cat","embeddable":true,"href":"https:\/\/candeebaar.ee\/et\/wp-json\/wp\/v2\/product_cat?post=12011"},{"taxonomy":"product_tag","embeddable":true,"href":"https:\/\/candeebaar.ee\/et\/wp-json\/wp\/v2\/product_tag?post=12011"}],"curies":[{"name":"t\u00f6\u00f6leht","href":"https:\/\/api.w.org\/{rel}","templated":true}]}}