{"id":12019,"date":"2025-04-25T14:33:53","date_gmt":"2025-04-25T12:33:53","guid":{"rendered":"https:\/\/candeebaar.ee\/?post_type=product&#038;p=12019"},"modified":"2025-10-14T22:38:28","modified_gmt":"2025-10-14T20:38:28","slug":"puistad-eid-al-fitr-45g","status":"publish","type":"product","link":"https:\/\/candeebaar.ee\/et\/pood\/puistad-eid-al-fitr-45g\/","title":{"rendered":"Puistad \u201cEid al-Fitr\u201d 45g"},"content":{"rendered":"<p>Puistad magustoitude kaunistamiseks.<\/p>\n<p><strong>Koostisosad<\/strong>:<\/p>\n<p>paisutatud riis (<strong>gluteen<\/strong>), tuhksuhkur, maisit\u00e4rklis, v\u00e4rvaine: tartrasiin (E102), ponso 4R (E124), kaltsiumkarbonaat (E170), toiduh\u00f5be (E174), <strong>nisu<\/strong>\u00a0jahu, vesi, gl\u00fckoos, palmi\u00f5li (h\u00fcdrogeenimata), riisijahu, maltodekstriin, kummiaraabik, katteaine:\u00a0<span lang=\"EN-US\">Capol\u00ae (etanool, vaha, karnauba (E903), \u0161ellak (E904), mesilasvaha (E901))<\/span>.<\/p>\n<p>V\u00f5ib sisaldada j\u00e4lgi <strong>munad, piim ja p\u00e4hklid<\/strong>.<\/p>\n<p>Sisaldab tartrasiini (E102), ponso 4R (E124) ja v\u00f5ib seet\u00f5ttu m\u00f5jutada laste aktiivsust ja t\u00e4helepanu.<\/p>\n<p><strong>Toitumisalased faktid:<\/strong><\/p>\n<table width=\"510\">\n<tbody>\n<tr>\n<td colspan=\"2\" width=\"510\">100 g sisaldab keskmist v\u00e4\u00e4rtust:<\/td>\n<\/tr>\n<tr>\n<td width=\"200\">Kalorite v\u00e4\u00e4rtus<\/td>\n<td width=\"310\">1638,2kJ \/ 391,2kcal<\/td>\n<\/tr>\n<tr>\n<td width=\"200\">Valgud<\/td>\n<td width=\"310\">0,4 g<\/td>\n<\/tr>\n<tr>\n<td width=\"200\">Rasvad<\/p>\n<p>\u2013 k\u00fcllastunud<\/td>\n<td width=\"310\">1,59 g<\/p>\n<p>- 0,67 g<\/td>\n<\/tr>\n<tr>\n<td width=\"200\">S\u00fcsivesikud kokku \u2013 suhkur<\/td>\n<td width=\"310\">93,26g\u201373,52g<\/td>\n<\/tr>\n<tr>\n<td width=\"200\">soola<\/td>\n<td width=\"310\">0,00 g<\/td>\n<\/tr>\n<\/tbody>\n<\/table>\n<p style=\"font-weight: 400;\">Ei sobi alla 3-aastastele lastele. Enamiku elementide sees on pehme riisip\u00f5hi, samas kui m\u00f5ned v\u00f5ivad olla k\u00f5vad.<br \/>\nHoida suletuna toatemperatuuril ja normaalsel (40-75%) niiskusel.<br \/>\nTootja: Saksamaa<br \/>\nS\u00e4ilivusaeg: detsember 2026<\/p>","protected":false},"excerpt":{"rendered":"<p>Puistad magustoitude kaunistamiseks. Koostis: paisutatud riis (gluteen), tuhksuhkur, maisit\u00e4rklis, v\u00e4rvaine: tartrasiin (E102), ponso 4R (E124), kaltsiumkarbonaat (E170), toiduh\u00f5be (E174), nisujahu, vesi, gl\u00fckoos, palmi\u00f5li (h\u00fcdrogeenimata), riisijahu, maltodekstriin (vakaatsia, koodekstriin, vahaanool, kummiaine karnauba (E903), \u0161ellak (E904), mesilasvaha (E901)). V\u00f5ib sisaldada munade, piima ja p\u00e4hklite j\u00e4lgi. Sisaldab tartrasiini (E102), [\u2026]<\/p>","protected":false},"featured_media":11993,"template":"","meta":{"_seopress_robots_primary_cat":"none","_seopress_titles_title":"","_seopress_titles_desc":"","_seopress_robots_index":""},"product_brand":[],"product_cat":[15,104,106],"product_tag":[],"class_list":{"0":"post-12019","1":"product","2":"type-product","3":"status-publish","4":"has-post-thumbnail","6":"product_cat-all-products","7":"product_cat-sprinkles","8":"product_cat-new","10":"first","11":"outofstock","12":"taxable","13":"shipping-taxable","14":"purchasable","15":"product-type-simple"},"_links":{"self":[{"href":"https:\/\/candeebaar.ee\/et\/wp-json\/wp\/v2\/product\/12019","targetHints":{"allow":["GET"]}}],"collection":[{"href":"https:\/\/candeebaar.ee\/et\/wp-json\/wp\/v2\/product"}],"about":[{"href":"https:\/\/candeebaar.ee\/et\/wp-json\/wp\/v2\/types\/product"}],"version-history":[{"count":2,"href":"https:\/\/candeebaar.ee\/et\/wp-json\/wp\/v2\/product\/12019\/revisions"}],"predecessor-version":[{"id":12021,"href":"https:\/\/candeebaar.ee\/et\/wp-json\/wp\/v2\/product\/12019\/revisions\/12021"}],"wp:featuredmedia":[{"embeddable":true,"href":"https:\/\/candeebaar.ee\/et\/wp-json\/wp\/v2\/media\/11993"}],"wp:attachment":[{"href":"https:\/\/candeebaar.ee\/et\/wp-json\/wp\/v2\/media?parent=12019"}],"wp:term":[{"taxonomy":"product_brand","embeddable":true,"href":"https:\/\/candeebaar.ee\/et\/wp-json\/wp\/v2\/product_brand?post=12019"},{"taxonomy":"product_cat","embeddable":true,"href":"https:\/\/candeebaar.ee\/et\/wp-json\/wp\/v2\/product_cat?post=12019"},{"taxonomy":"product_tag","embeddable":true,"href":"https:\/\/candeebaar.ee\/et\/wp-json\/wp\/v2\/product_tag?post=12019"}],"curies":[{"name":"t\u00f6\u00f6leht","href":"https:\/\/api.w.org\/{rel}","templated":true}]}}