{"id":12039,"date":"2025-04-25T15:12:06","date_gmt":"2025-04-25T13:12:06","guid":{"rendered":"https:\/\/candeebaar.ee\/?post_type=product&#038;p=12039"},"modified":"2026-02-14T09:10:06","modified_gmt":"2026-02-14T07:10:06","slug":"puistab-peegelparleid-2-10mm-45g","status":"publish","type":"product","link":"https:\/\/candeebaar.ee\/et\/pood\/puistab-peegelparleid-2-10mm-45g\/","title":{"rendered":"Puistad \u201cPeegelp\u00e4rlid 2-10mm\u201d 45g"},"content":{"rendered":"<p>Puistad magustoitude kaunistamiseks. P\u00e4rlite suurus on juhuslikult vahemikus 2 kuni 10 mm.<\/p>\n<p><strong>Koostisosad<\/strong>:<\/p>\n<p>paisutatud riis (<strong>gluteen<\/strong>), tuhksuhkur, maisit\u00e4rklis, E174.<\/p>\n<p>V\u00f5ib sisaldada j\u00e4lgi <strong>munad, piim ja p\u00e4hklid<\/strong>.<\/p>\n<p><strong>Toitumisalased faktid:<\/strong><\/p>\n<table width=\"510\">\n<tbody>\n<tr>\n<td colspan=\"2\" width=\"510\">100 g sisaldab keskmist v\u00e4\u00e4rtust:<\/td>\n<\/tr>\n<tr>\n<td width=\"200\">Kalorite v\u00e4\u00e4rtus<\/td>\n<td width=\"310\">1660 kJ \/ 392 kcal<\/td>\n<\/tr>\n<tr>\n<td width=\"200\">Valgud<\/td>\n<td width=\"310\">0,8 g<\/td>\n<\/tr>\n<tr>\n<td width=\"200\">Rasvad<\/p>\n<p>\u2013 k\u00fcllastunud<\/td>\n<td width=\"310\">0,1 g<\/p>\n<p>- 0 g<\/td>\n<\/tr>\n<tr>\n<td width=\"200\">S\u00fcsivesikud kokku \u2013 suhkur<\/td>\n<td width=\"310\">95,9-60 g<\/td>\n<\/tr>\n<tr>\n<td width=\"200\">soola<\/td>\n<td width=\"310\">0,00 g<\/td>\n<\/tr>\n<\/tbody>\n<\/table>\n<p style=\"font-weight: 400;\">Ei sobi alla 3-aastastele lastele. Enamiku elementide sees on pehme riisip\u00f5hi, samas kui m\u00f5ned v\u00f5ivad olla k\u00f5vad.<br \/>\nHoida suletuna toatemperatuuril ja normaalsel (40-75%) niiskusel.<br \/>\nTootja: Saksamaa<br \/>\nS\u00e4ilivusaeg: detsember 2026<\/p>","protected":false},"excerpt":{"rendered":"<p>Puistad magustoitude kaunistamiseks. P\u00e4rlite suurus on juhuslikult vahemikus 2 kuni 10 mm. Koostis: paisutatud riis (gluteen), tuhksuhkur, maisit\u00e4rklis, E174. V\u00f5ib sisaldada munade, piima ja p\u00e4hklite j\u00e4lgi. Toitumisalased faktid: 100 g sisaldab keskmiselt j\u00e4rgmist: kalorsus 1660 kJ \/ 392 kcal valgud 0,8 g rasvad \u2013 k\u00fcllastunud 0,1 g \u2013 0 g s\u00fcsivesikud kokku \u2013 suhkur 95,9 g \u2013 60 g soola [\u2026]<\/p>","protected":false},"featured_media":11987,"template":"","meta":{"_seopress_robots_primary_cat":"none","_seopress_titles_title":"","_seopress_titles_desc":"","_seopress_robots_index":""},"product_brand":[],"product_cat":[15,104,106],"product_tag":[],"class_list":{"0":"post-12039","1":"product","2":"type-product","3":"status-publish","4":"has-post-thumbnail","6":"product_cat-all-products","7":"product_cat-sprinkles","8":"product_cat-new","10":"first","11":"outofstock","12":"taxable","13":"shipping-taxable","14":"purchasable","15":"product-type-simple"},"_links":{"self":[{"href":"https:\/\/candeebaar.ee\/et\/wp-json\/wp\/v2\/product\/12039","targetHints":{"allow":["GET"]}}],"collection":[{"href":"https:\/\/candeebaar.ee\/et\/wp-json\/wp\/v2\/product"}],"about":[{"href":"https:\/\/candeebaar.ee\/et\/wp-json\/wp\/v2\/types\/product"}],"version-history":[{"count":2,"href":"https:\/\/candeebaar.ee\/et\/wp-json\/wp\/v2\/product\/12039\/revisions"}],"predecessor-version":[{"id":12041,"href":"https:\/\/candeebaar.ee\/et\/wp-json\/wp\/v2\/product\/12039\/revisions\/12041"}],"wp:featuredmedia":[{"embeddable":true,"href":"https:\/\/candeebaar.ee\/et\/wp-json\/wp\/v2\/media\/11987"}],"wp:attachment":[{"href":"https:\/\/candeebaar.ee\/et\/wp-json\/wp\/v2\/media?parent=12039"}],"wp:term":[{"taxonomy":"product_brand","embeddable":true,"href":"https:\/\/candeebaar.ee\/et\/wp-json\/wp\/v2\/product_brand?post=12039"},{"taxonomy":"product_cat","embeddable":true,"href":"https:\/\/candeebaar.ee\/et\/wp-json\/wp\/v2\/product_cat?post=12039"},{"taxonomy":"product_tag","embeddable":true,"href":"https:\/\/candeebaar.ee\/et\/wp-json\/wp\/v2\/product_tag?post=12039"}],"curies":[{"name":"t\u00f6\u00f6leht","href":"https:\/\/api.w.org\/{rel}","templated":true}]}}