{"id":12042,"date":"2025-04-25T15:15:27","date_gmt":"2025-04-25T13:15:27","guid":{"rendered":"https:\/\/candeebaar.ee\/?post_type=product&#038;p=12042"},"modified":"2026-02-02T14:44:07","modified_gmt":"2026-02-02T12:44:07","slug":"puistab-paikeseloojangu-armastust-45g-koopia","status":"publish","type":"product","link":"https:\/\/candeebaar.ee\/et\/pood\/puistab-paikeseloojangu-armastust-45g-koopia\/","title":{"rendered":"Sprinkles \u201cSunset Love\u201d 45g"},"content":{"rendered":"<p>Puistad magustoitude kaunistamiseks.<\/p>\n<p><strong>Koostisosad<\/strong>:<\/p>\n<p>Suhkur, dekstroos, maisit\u00e4rklis, dekstriin, paisutatud riis (<strong>gluteen<\/strong>), riisijahu, nisujahu, valge suhkur, rafineeritud desodoreeritud palmi\u00f5li, melass, tuhksuhkur, h\u00fcdrogeenimata palmi\u00f5li, kookos\u00f5li, letsitiin, magneesiumstearaat, karnaubavaha (E903), katteained: kummiaraabik (E414), talk (E553b), paksendaja (E:90met\u00fc\u00fcltsellulC) (E466), l\u00f5hna- ja maitseaine: vanill, toiduv\u00e4rvid: tartrasiin (E102), p\u00e4ikeseloojangukollane FCF (E110), ponceau 4R (E124), toiduh\u00f5be (E174).<\/p>\n<p>V\u00f5ib sisaldada j\u00e4lgi <strong>munad, piim ja p\u00e4hklid<\/strong>.<\/p>\n<p>Sisaldab (E102) ja v\u00f5ib seet\u00f5ttu kahjustada laste aktiivsust ja t\u00e4helepanu.<\/p>\n<p><strong>Toitumisalased faktid:<\/strong><\/p>\n<table width=\"510\">\n<tbody>\n<tr>\n<td colspan=\"2\" width=\"510\">100 g sisaldab keskmist v\u00e4\u00e4rtust:<\/td>\n<\/tr>\n<tr>\n<td width=\"200\">Kalorite v\u00e4\u00e4rtus<\/td>\n<td width=\"310\">1651 kJ \/ 389,8 kcal<\/td>\n<\/tr>\n<tr>\n<td width=\"200\">Valgud<\/td>\n<td width=\"310\">0,4 g<\/td>\n<\/tr>\n<tr>\n<td width=\"200\">Rasvad<\/p>\n<p>\u2013 k\u00fcllastunud<\/td>\n<td width=\"310\">0,12 g<\/p>\n<p>- 0,01 g<\/td>\n<\/tr>\n<tr>\n<td width=\"200\">S\u00fcsivesikud kokku \u2013 suhkur<\/td>\n<td width=\"310\">95,5-60,5 g<\/td>\n<\/tr>\n<tr>\n<td width=\"200\">soola<\/td>\n<td width=\"310\">0,002 g<\/td>\n<\/tr>\n<\/tbody>\n<\/table>\n<p style=\"font-weight: 400;\">Ei sobi alla 3-aastastele lastele. Enamiku elementide sees on pehme riisip\u00f5hi, samas kui m\u00f5ned v\u00f5ivad olla k\u00f5vad.<br \/>\nHoida suletuna toatemperatuuril ja normaalsel (40-75%) niiskusel.<br \/>\nTootja: Saksamaa<br \/>\nS\u00e4ilivusaeg: jaanuar 2027<\/p>","protected":false},"excerpt":{"rendered":"<p>Puistad magustoitude kaunistamiseks. Koostisosad: suhkur, dekstroos, maisit\u00e4rklis, dekstriin, paisutatud riis (gluteen), riisijahu, nisujahu, valge suhkur, rafineeritud desodoreeritud palmi\u00f5li, melass, tuhksuhkur, h\u00fcdrogeenimata palmi\u00f5li, kookos\u00f5li, letsitiin, magneesiumstearaat, karnaubavaha, kookummivaha (E903:14), arabibik (E903:14). (E553b), \u0161ellak (E904), paksendaja: karboks\u00fcmet\u00fc\u00fcltselluloos (CMC) (E466), l\u00f5hna- ja maitseaine: vanill, toiduv\u00e4rvid: tartrasiin (E102), [\u2026]<\/p>","protected":false},"featured_media":11985,"template":"","meta":{"_seopress_robots_primary_cat":"none","_seopress_titles_title":"","_seopress_titles_desc":"","_seopress_robots_index":""},"product_brand":[],"product_cat":[183,15,104,106],"product_tag":[],"class_list":{"0":"post-12042","1":"product","2":"type-product","3":"status-publish","4":"has-post-thumbnail","6":"product_cat-valentines-day","7":"product_cat-all-products","8":"product_cat-sprinkles","9":"product_cat-new","11":"first","12":"outofstock","13":"taxable","14":"shipping-taxable","15":"purchasable","16":"product-type-simple"},"_links":{"self":[{"href":"https:\/\/candeebaar.ee\/et\/wp-json\/wp\/v2\/product\/12042","targetHints":{"allow":["GET"]}}],"collection":[{"href":"https:\/\/candeebaar.ee\/et\/wp-json\/wp\/v2\/product"}],"about":[{"href":"https:\/\/candeebaar.ee\/et\/wp-json\/wp\/v2\/types\/product"}],"version-history":[{"count":1,"href":"https:\/\/candeebaar.ee\/et\/wp-json\/wp\/v2\/product\/12042\/revisions"}],"predecessor-version":[{"id":12043,"href":"https:\/\/candeebaar.ee\/et\/wp-json\/wp\/v2\/product\/12042\/revisions\/12043"}],"wp:featuredmedia":[{"embeddable":true,"href":"https:\/\/candeebaar.ee\/et\/wp-json\/wp\/v2\/media\/11985"}],"wp:attachment":[{"href":"https:\/\/candeebaar.ee\/et\/wp-json\/wp\/v2\/media?parent=12042"}],"wp:term":[{"taxonomy":"product_brand","embeddable":true,"href":"https:\/\/candeebaar.ee\/et\/wp-json\/wp\/v2\/product_brand?post=12042"},{"taxonomy":"product_cat","embeddable":true,"href":"https:\/\/candeebaar.ee\/et\/wp-json\/wp\/v2\/product_cat?post=12042"},{"taxonomy":"product_tag","embeddable":true,"href":"https:\/\/candeebaar.ee\/et\/wp-json\/wp\/v2\/product_tag?post=12042"}],"curies":[{"name":"t\u00f6\u00f6leht","href":"https:\/\/api.w.org\/{rel}","templated":true}]}}